{"id":146522,"date":"2020-02-21T09:36:49","date_gmt":"2020-02-21T09:36:49","guid":{"rendered":"https:\/\/moto-oprema.com\/Artikel\/alpinestars-atem-v4-2-dijelne-crna-crvena\/"},"modified":"2020-02-21T09:36:49","modified_gmt":"2020-02-21T09:36:49","slug":"alpinestars-atem-v4-2-dijelne-crna-crvena","status":"publish","type":"product","link":"https:\/\/moto-oprema.com\/hr\/Artikel\/alpinestars-atem-v4-2-dijelne-crna-crvena\/","title":{"rendered":"ALPINESTARS ATEM V4 2-DIJELNE CRNA CRVENA"},"content":{"rendered":"<p>Profesionalno odijelo izra\u0111eno od vrhunske ko\u017ee, koje vam ne nudi samo performanse ve\u0107 i za\u0161titu i udobnost. S brojnim rastezljivim panelima za ve\u0107u udobnost i fleksibilnost. Unutarnji i vanjski \u0161titnici na ramenima, laktovima i koljenima. Mogu\u0107nost ugradnje dodatnih Alpinestars Nucleon \u0161titnika.   <\/p>\n<\/p>\n<p>Zna\u010dajke:<\/p>\n<ul>\n<li>Uglavnom izra\u0111ene od kravlje ko\u017ee debljine 1,3 mm<\/li>\n<li>RR vanjski kliza\u010di za ramena izra\u0111eni od TPU-a dvostruke debljine<\/li>\n<li>Inovativni vanjski \u0161titnici za laktove koji su anatomski oblikovani i uklonjivi<\/li>\n<li>Novi vanjski S-MX \u0161titnici za koljena<\/li>\n<li>GP-R unutarnji \u0161titnici na ramenima, laktovima i koljenima<\/li>\n<li>Mogu\u0107nost ugradnje dodatnih Alpinestars Nucleon \u0161titnika na le\u0111a i prsa<\/li>\n<li>Zamjenjivi Alpinestars PU sportski kliza\u010di za koljena<\/li>\n<li>Kombinezoni su u potpunosti certificirani prema CE kategoriji II-89\/686\/EEC.<\/li>\n<li>Unaprijed oblikovani rukavi i nogavice za smanjenje umora tijekom vo\u017enje<\/li>\n<li>Perforirano na strate\u0161kim mjestima za dobru ventilaciju<\/li>\n<li>Rastezljivi paneli za ve\u0107u udobnost i bolje pristajanje<\/li>\n<li>Aerodinami\u010dka grba<\/li>\n<li>PE podstavljeno na strate\u0161kim mjestima za ve\u0107u udobnost<\/li>\n<li>Uklonjiva unutarnja podstava i mre\u017easte tkanine<\/li>\n<li>Vodootporni unutarnji d\u017eep<\/li>\n<\/ul>\n<p>Sastav sirovine: 80% ko\u017ea, 20% poliamid<\/p>\n","protected":false},"excerpt":{"rendered":"<p>Boja: Crna-Siva-Fluo Crvena Novo Alpinestars Atem V4 dvodijelno odijelo.<\/p>\n","protected":false},"featured_media":8322,"comment_status":"open","ping_status":"closed","template":"","meta":{"_acf_changed":false},"brand":[2748],"gender":[1313],"product_brand":[],"product_cat":[2858,1356],"product_tag":[],"class_list":{"0":"post-146522","1":"product","2":"type-product","3":"status-publish","4":"has-post-thumbnail","6":"brand-alpinestars-hr","7":"gender-moski","8":"product_cat-dvodijelni-kombinezoni","9":"product_cat-motociklisticka-oprema","10":"pa_size-48-hr","11":"pa_size-50-hr","12":"pa_size-52-hr","13":"pa_size-54-hr","14":"pa_size-56-hr","15":"pa_size-58-hr","17":"first","18":"outofstock","19":"sale","20":"taxable","21":"shipping-taxable","22":"purchasable","23":"product-type-variable"},"acf":[],"_links":{"self":[{"href":"https:\/\/moto-oprema.com\/hr\/wp-json\/wp\/v2\/product\/146522","targetHints":{"allow":["GET"]}}],"collection":[{"href":"https:\/\/moto-oprema.com\/hr\/wp-json\/wp\/v2\/product"}],"about":[{"href":"https:\/\/moto-oprema.com\/hr\/wp-json\/wp\/v2\/types\/product"}],"replies":[{"embeddable":true,"href":"https:\/\/moto-oprema.com\/hr\/wp-json\/wp\/v2\/comments?post=146522"}],"wp:featuredmedia":[{"embeddable":true,"href":"https:\/\/moto-oprema.com\/hr\/wp-json\/wp\/v2\/media\/8322"}],"wp:attachment":[{"href":"https:\/\/moto-oprema.com\/hr\/wp-json\/wp\/v2\/media?parent=146522"}],"wp:term":[{"taxonomy":"brand","embeddable":true,"href":"https:\/\/moto-oprema.com\/hr\/wp-json\/wp\/v2\/brand?post=146522"},{"taxonomy":"gender","embeddable":true,"href":"https:\/\/moto-oprema.com\/hr\/wp-json\/wp\/v2\/gender?post=146522"},{"taxonomy":"product_brand","embeddable":true,"href":"https:\/\/moto-oprema.com\/hr\/wp-json\/wp\/v2\/product_brand?post=146522"},{"taxonomy":"product_cat","embeddable":true,"href":"https:\/\/moto-oprema.com\/hr\/wp-json\/wp\/v2\/product_cat?post=146522"},{"taxonomy":"product_tag","embeddable":true,"href":"https:\/\/moto-oprema.com\/hr\/wp-json\/wp\/v2\/product_tag?post=146522"}],"curies":[{"name":"wp","href":"https:\/\/api.w.org\/{rel}","templated":true}]}}