{"id":146366,"date":"2021-05-25T11:14:16","date_gmt":"2021-05-25T11:14:16","guid":{"rendered":"https:\/\/moto-oprema.com\/Artikel\/spidi-4-sezonska-jakna-evo-h2out-crna-crvena\/"},"modified":"2021-05-25T11:14:16","modified_gmt":"2021-05-25T11:14:16","slug":"spidi-4-sezonska-jakna-evo-h2out-crna-crvena","status":"publish","type":"product","link":"https:\/\/moto-oprema.com\/hr\/Artikel\/spidi-4-sezonska-jakna-evo-h2out-crna-crvena\/","title":{"rendered":"SPIDI 4 SEZONSKA JAKNA EVO H2OUT CRNA CRVENA"},"content":{"rendered":"<p>Spidi 4 Season Evo H2Out motociklisti\u010dka tekstilna jakna<\/p>\n<p>Spidi 4 Season Evo: pobolj\u0161ani i redefinirani globalni bestseler.<\/p>\n<p>Zna\u010dajke:<\/p>\n<p>izra\u0111en od visoko\u010dvrstog troslojnog najlona Extra Tenax 6.6<br \/>\nizvrsna otpornost na abraziju i probijanje<br \/>\nPoliester s PU premazom na podru\u010djima osjetljivim na udobnost<br \/>\n6 velikodu\u0161nih mre\u017eastih panela osiguravaju izvrstan protok zraka (nalaze se na prsima, podlakticama i le\u0111ima) \u2013 strate\u0161ki postavljenih za optimalno hla\u0111enje voza\u010da tijekom najtoplijih dana<br \/>\nu skladu je sa standardom Pr En 17092-4:2020 klasa A<br \/>\nUklonjivi ForceTech \u0161titnici za ramena (EN 1621-1:2012, razina 2)<br \/>\n Uklonjivi Warrior Lite \u0161titnici za laktove (EN 1621-1:2012, razina 2)<br \/>\n Oprema za no\u0161enje Step-In<br \/>\n Sadr\u017ei 2 odvojene unutarnje jakne: kabanicu (izra\u0111enu od prozra\u010dne i vodootporne tkanine 5k\/5k H2Out\u00ae) i termalnu podstavu od 100 g\/m\u00b2<br \/>\n Mogu\u0107e je koristiti svaki od tri dijela 4 Season Evo-a zasebno ili ih kombinirati s 1 ili 2 druge komponente.<br \/>\n3M\u00ae Scotchlite\u00ae reflektori za izvrsnu vidljivost no\u0107u<br \/>\nPatentni spoj izme\u0111u jakne i hla\u010da za dodatnu sigurnost<br \/>\nmo\u017ee se potpuno podesiti (Spidis integrirani Ergofit sustav pode\u0161avanja s podesivim EST zatvara\u010dem na ovratniku)<br \/>\n2 vodootporna vanjska d\u017eepa<br \/>\nVodootporna, vjetrootporna i prozra\u010dna H2Out odje\u0107a<br \/>\n\u010dvrsta mre\u017easta podstava<br \/>\nuklonjiva podstava s podstavom (100 gr.)<br \/>\nuklonjivi drugi sloj H2Out podstave<br \/>\nZa\u0161tita za le\u0111a (razina 1, Z54 \/ razina 2, Z147)<br \/>\nPriprema za zadr\u017eavanje \u0161titnika (razina 2, Z172)<br \/>\nPripremite se za \u0161titnik za prsa ratnika (razina 1, Z138)<br \/>\nPriprema za \u0161titnik za prsa Warrior Thorax (Z157)<br \/>\nProsje\u010dna te\u017eina: 2,5 kg<\/p>\n<p>Sastav sirovine:<br \/>\n Vanjski materijal: 56% poliester, 44% poliamid \/ 1. unutarnja podstava: 100% poliester \/ 2. unutarnja podstava: 100% poliamid<\/p>\n","protected":false},"excerpt":{"rendered":"<p>Spidi 4 Season Evo H2Out motociklisti\u010dka tekstilna jakna Jakna prikladna za vo\u017enju tijekom cijele godine. Posebna&#8230;<\/p>\n","protected":false},"featured_media":13097,"comment_status":"open","ping_status":"open","template":"","meta":{"_acf_changed":false},"brand":[2732],"gender":[1313],"product_brand":[],"product_cat":[2759,1356,2761],"product_tag":[],"class_list":{"0":"post-146366","1":"product","2":"type-product","3":"status-publish","4":"has-post-thumbnail","6":"brand-spidi-hr","7":"gender-moski","8":"product_cat-jakne-hr","9":"product_cat-motociklisticka-oprema","10":"product_cat-tekstilne-jakne-hr","11":"pa_size-l-hr","12":"pa_size-m-hr","13":"pa_size-xl-hr","14":"pa_size-xxl-hr","15":"pa_size-xxxl-hr","16":"pa_size-xxxxl-hr","18":"first","19":"instock","20":"sale","21":"taxable","22":"shipping-taxable","23":"purchasable","24":"product-type-variable"},"acf":[],"_links":{"self":[{"href":"https:\/\/moto-oprema.com\/hr\/wp-json\/wp\/v2\/product\/146366","targetHints":{"allow":["GET"]}}],"collection":[{"href":"https:\/\/moto-oprema.com\/hr\/wp-json\/wp\/v2\/product"}],"about":[{"href":"https:\/\/moto-oprema.com\/hr\/wp-json\/wp\/v2\/types\/product"}],"replies":[{"embeddable":true,"href":"https:\/\/moto-oprema.com\/hr\/wp-json\/wp\/v2\/comments?post=146366"}],"wp:featuredmedia":[{"embeddable":true,"href":"https:\/\/moto-oprema.com\/hr\/wp-json\/wp\/v2\/media\/13097"}],"wp:attachment":[{"href":"https:\/\/moto-oprema.com\/hr\/wp-json\/wp\/v2\/media?parent=146366"}],"wp:term":[{"taxonomy":"brand","embeddable":true,"href":"https:\/\/moto-oprema.com\/hr\/wp-json\/wp\/v2\/brand?post=146366"},{"taxonomy":"gender","embeddable":true,"href":"https:\/\/moto-oprema.com\/hr\/wp-json\/wp\/v2\/gender?post=146366"},{"taxonomy":"product_brand","embeddable":true,"href":"https:\/\/moto-oprema.com\/hr\/wp-json\/wp\/v2\/product_brand?post=146366"},{"taxonomy":"product_cat","embeddable":true,"href":"https:\/\/moto-oprema.com\/hr\/wp-json\/wp\/v2\/product_cat?post=146366"},{"taxonomy":"product_tag","embeddable":true,"href":"https:\/\/moto-oprema.com\/hr\/wp-json\/wp\/v2\/product_tag?post=146366"}],"curies":[{"name":"wp","href":"https:\/\/api.w.org\/{rel}","templated":true}]}}