{"id":146293,"date":"2021-04-20T09:49:29","date_gmt":"2021-04-20T09:49:29","guid":{"rendered":"https:\/\/moto-oprema.com\/Artikel\/spidi-zenske-vojne-hlace-pathfinder-cargo\/"},"modified":"2021-04-20T09:49:29","modified_gmt":"2021-04-20T09:49:29","slug":"spidi-zenske-vojne-hlace-pathfinder-cargo","status":"publish","type":"product","link":"https:\/\/moto-oprema.com\/hr\/Artikel\/spidi-zenske-vojne-hlace-pathfinder-cargo\/","title":{"rendered":"SPIDI \u017dENSKE VOJNE HLA\u010cE PATHFINDER CARGO"},"content":{"rendered":"<div id=\"tw-source-text-container\" class=\"tw-ta-container tw-nfl\">\n<div id=\"tw-target\">\n<div id=\"kAz1tf\" class=\"g9WsWb\">\n<div id=\"tw-target-text-container\" class=\"tw-ta-container tw-nfl\">\n<p id=\"tw-target-text\" class=\"tw-data-text tw-text-large tw-ta\" dir=\"ltr\" style=\"text-align: left\"><span lang=\"sl\" xml_lang=\"sl\">Izra\u0111eno od mje\u0161avine Cordure i pamuka. Podesivi i uklonjivi Warrior \u0161titnici za koljena razine 1. Spremni za no\u0161enje dodatnih Warrior Lite \u0161titnika za kukove. Certificirano u klasi A, u skladu s (UE) 2016\/454.   <\/span><\/p>\n<\/div>\n<\/div>\n<\/div>\n<\/div>\n<p>Sastav sirovine: kordura, pamuk<\/p>\n<p>Tanki model.<\/p>\n","protected":false},"excerpt":{"rendered":"<p>\u017denske hla\u010de Spidi Pathfinder Cargo, vrlo izdr\u017eljive cargo hla\u010de sa \u0161est d\u017eepova.<\/p>\n","protected":false},"featured_media":146310,"comment_status":"open","ping_status":"closed","template":"","meta":{"_acf_changed":false},"brand":[2732],"gender":[1314],"product_brand":[],"product_cat":[2832,1356,3402,2833],"product_tag":[],"class_list":{"0":"post-146293","1":"product","2":"type-product","3":"status-publish","4":"has-post-thumbnail","6":"brand-spidi-hr","7":"gender-zenska","8":"product_cat-hlace-hr","9":"product_cat-motociklisticka-oprema","10":"product_cat-outlet-hr","11":"product_cat-traperice","12":"pa_size-26-hr","13":"pa_size-27-hr","14":"pa_size-28-hr","15":"pa_size-29-hr","16":"pa_size-30-hr","17":"pa_size-31-hr","18":"pa_size-32-hr","19":"pa_size-33-hr","20":"pa_size-34-hr","22":"first","23":"onbackorder","24":"sale","25":"taxable","26":"shipping-taxable","27":"purchasable","28":"product-type-variable"},"acf":[],"_links":{"self":[{"href":"https:\/\/moto-oprema.com\/hr\/wp-json\/wp\/v2\/product\/146293","targetHints":{"allow":["GET"]}}],"collection":[{"href":"https:\/\/moto-oprema.com\/hr\/wp-json\/wp\/v2\/product"}],"about":[{"href":"https:\/\/moto-oprema.com\/hr\/wp-json\/wp\/v2\/types\/product"}],"replies":[{"embeddable":true,"href":"https:\/\/moto-oprema.com\/hr\/wp-json\/wp\/v2\/comments?post=146293"}],"wp:featuredmedia":[{"embeddable":true,"href":"https:\/\/moto-oprema.com\/hr\/wp-json\/wp\/v2\/media\/146310"}],"wp:attachment":[{"href":"https:\/\/moto-oprema.com\/hr\/wp-json\/wp\/v2\/media?parent=146293"}],"wp:term":[{"taxonomy":"brand","embeddable":true,"href":"https:\/\/moto-oprema.com\/hr\/wp-json\/wp\/v2\/brand?post=146293"},{"taxonomy":"gender","embeddable":true,"href":"https:\/\/moto-oprema.com\/hr\/wp-json\/wp\/v2\/gender?post=146293"},{"taxonomy":"product_brand","embeddable":true,"href":"https:\/\/moto-oprema.com\/hr\/wp-json\/wp\/v2\/product_brand?post=146293"},{"taxonomy":"product_cat","embeddable":true,"href":"https:\/\/moto-oprema.com\/hr\/wp-json\/wp\/v2\/product_cat?post=146293"},{"taxonomy":"product_tag","embeddable":true,"href":"https:\/\/moto-oprema.com\/hr\/wp-json\/wp\/v2\/product_tag?post=146293"}],"curies":[{"name":"wp","href":"https:\/\/api.w.org\/{rel}","templated":true}]}}