{"id":146241,"date":"2021-04-20T09:14:09","date_gmt":"2021-04-20T09:14:09","guid":{"rendered":"https:\/\/moto-oprema.com\/Artikel\/spidi-laser-touring-kozni-2-dij-crni\/"},"modified":"2021-04-20T09:14:09","modified_gmt":"2021-04-20T09:14:09","slug":"spidi-laser-touring-kozni-2-dij-crni","status":"publish","type":"product","link":"https:\/\/moto-oprema.com\/hr\/Artikel\/spidi-laser-touring-kozni-2-dij-crni\/","title":{"rendered":"SPIDI LASER TOURING KO\u017dNI 2-DIJ. CRNI"},"content":{"rendered":"<p><span class=\"VIiyi\" xml_lang=\"sl\" lang=\"sl\"><span class=\"JLqJ4b ChMk0b\"><span>Laser Touring je posebno razvio SPIDI za sporta\u0161e i voza\u010de sportsko-turisti\u010dkih biciklizma.<\/span><\/span> <span class=\"JLqJ4b ChMk0b\"><span>Svaki Laser Touring ima CE certifikat prema prEN 17092-2:2017 klasi AAA i ima izdr\u017eljivu vanj\u0161tinu od ko\u017ee debljine od 1,1 do 1,3 mm, s elasti\u010dnim najlonskim oja\u010danjem na fleksibilnim podru\u010djima &#8211; \u0161to nudi iznimnu otpornost na habanje.<\/span><\/span><\/span> <\/p>\n<p>Zna\u010dajke:<\/p>\n<ul>\n<li>izra\u0111eno od kravlje ko\u017ee (debljine 1,1 &#8211; 1,3 mm) i najlona Tenax-6.6 visoke otpornosti na abraziju<\/li>\n<li>prakti\u010dno odijelo iz dva dijela<\/li>\n<li>\u010dvrsto u\u0161ivena mre\u017easta podstava<\/li>\n<li>mekani neoprenski umeci na ovratniku<\/li>\n<li>mekane man\u017eete za noge<\/li>\n<li>umetci od harmonika rastezljivog materijala za bolju slobodu kretanja<\/li>\n<li>u skladu je sa standardom za za\u0161titnu odje\u0107u za motocikliste prema EN 17092, klasa AAA (2016\/454)<\/li>\n<li>Za\u0161tita za le\u0111a mo\u017ee se naknadno ugraditi (nije uklju\u010dena i mora se naru\u010diti zasebno)<\/li>\n<li>Ratni\u010dke naramenice<\/li>\n<li>Warrior \u0161titnici prema EN 1621-1, razina 2 na koljenima i laktovima<\/li>\n<li>Warrior \u0161titnici prema EN 1621-1, razina 1 na bokovima i ramenima<\/li>\n<\/ul>\n<p>Sastav sirovine: 85% kravlja ko\u017ea, 15% najlon<\/p>\n","protected":false},"excerpt":{"rendered":"<p>Laser Touring je posebno razvio SPIDI za sporta\u0161e i voza\u010de sportsko-turisti\u010dkih biciklizma. Svaki Laser Touring ima&#8230;<\/p>\n","protected":false},"featured_media":12773,"comment_status":"open","ping_status":"open","template":"","meta":{"_acf_changed":false},"brand":[2732],"gender":[1313],"product_brand":[],"product_cat":[2858,1356],"product_tag":[],"class_list":{"0":"post-146241","1":"product","2":"type-product","3":"status-publish","4":"has-post-thumbnail","6":"brand-spidi-hr","7":"gender-moski","8":"product_cat-dvodijelni-kombinezoni","9":"product_cat-motociklisticka-oprema","10":"pa_size-48-hr","11":"pa_size-50-hr","12":"pa_size-52-hr","13":"pa_size-54-hr","14":"pa_size-56-hr","15":"pa_size-58-hr","17":"first","18":"outofstock","19":"sale","20":"taxable","21":"shipping-taxable","22":"purchasable","23":"product-type-variable"},"acf":[],"_links":{"self":[{"href":"https:\/\/moto-oprema.com\/hr\/wp-json\/wp\/v2\/product\/146241","targetHints":{"allow":["GET"]}}],"collection":[{"href":"https:\/\/moto-oprema.com\/hr\/wp-json\/wp\/v2\/product"}],"about":[{"href":"https:\/\/moto-oprema.com\/hr\/wp-json\/wp\/v2\/types\/product"}],"replies":[{"embeddable":true,"href":"https:\/\/moto-oprema.com\/hr\/wp-json\/wp\/v2\/comments?post=146241"}],"wp:featuredmedia":[{"embeddable":true,"href":"https:\/\/moto-oprema.com\/hr\/wp-json\/wp\/v2\/media\/12773"}],"wp:attachment":[{"href":"https:\/\/moto-oprema.com\/hr\/wp-json\/wp\/v2\/media?parent=146241"}],"wp:term":[{"taxonomy":"brand","embeddable":true,"href":"https:\/\/moto-oprema.com\/hr\/wp-json\/wp\/v2\/brand?post=146241"},{"taxonomy":"gender","embeddable":true,"href":"https:\/\/moto-oprema.com\/hr\/wp-json\/wp\/v2\/gender?post=146241"},{"taxonomy":"product_brand","embeddable":true,"href":"https:\/\/moto-oprema.com\/hr\/wp-json\/wp\/v2\/product_brand?post=146241"},{"taxonomy":"product_cat","embeddable":true,"href":"https:\/\/moto-oprema.com\/hr\/wp-json\/wp\/v2\/product_cat?post=146241"},{"taxonomy":"product_tag","embeddable":true,"href":"https:\/\/moto-oprema.com\/hr\/wp-json\/wp\/v2\/product_tag?post=146241"}],"curies":[{"name":"wp","href":"https:\/\/api.w.org\/{rel}","templated":true}]}}