{"id":146109,"date":"2020-11-12T15:09:44","date_gmt":"2020-11-12T15:09:44","guid":{"rendered":"https:\/\/moto-oprema.com\/Artikel\/fly-gloves-media-2\/"},"modified":"2020-11-12T15:09:44","modified_gmt":"2020-11-12T15:09:44","slug":"fly-gloves-media-2","status":"publish","type":"product","link":"https:\/\/moto-oprema.com\/hr\/Artikel\/fly-gloves-media-2\/","title":{"rendered":"FLY GLOVES MEDIA"},"content":{"rendered":"<p><span style=\"color:#000000;\"><span style=\"font-family:'Times New Roman', serif;\"><span style=\"font-size:medium;\"><span style=\"color:#252525;\"><span style=\"font-family:Arial, Verdana, Helvetica;\"><span style=\"font-size:small;\"><span lang=\"en\" xml_lang=\"en\">Minimalisti\u010dka, neograni\u010dena za\u0161tita i prianjanje koje nikad ne iznevjeri. Podstavljeni stil s udobnim i sigurnim prianjanjem. <\/span><\/span><\/span><\/span><\/span><\/span><\/span><\/p>\n<\/p>\n<p><span style=\"color:#000000;\"><span style=\"font-family:'Times New Roman', serif;\"><span style=\"font-size:medium;\"><span style=\"color:#252525;\"><span style=\"font-family:Arial, Verdana, Helvetica;\"><span style=\"font-size:small;\"><span lang=\"en\" xml_lang=\"en\">Zna\u010dajke:<\/span><\/span><\/span><\/span><\/span><\/span><\/span><\/p>\n<p>&#8211; Sloj perforirane sinteti\u010dke ko\u017ee na dlanu za lak\u0161i osje\u0107aj i bolju ventilaciju<br \/> &#8211; Lagana i vjetrootporna tkanina na nadlanici, na prstima i izme\u0111u njih<br \/> &#8211; Silikon na prstima i dlanu za bolji hvat<br \/> &#8211; Oja\u010dani dvostruki sloj preko palca<br \/> &#8211; Dostupno i u kombinacijama boja: naran\u010dasta \/ crna  <\/p>\n<p><span style=\"color:#000000;\"><span style=\"font-family:'Times New Roman', serif;\"><span style=\"font-size:medium;\"><span style=\"color:#252525;\"><span style=\"font-family:Arial, Verdana, Helvetica;\"><span style=\"font-size:small;\"><span lang=\"en\" xml_lang=\"en\">Sastav sirovine:<br \/><\/span><\/span><\/span><\/span><\/span><\/span><\/span><\/p>\n<p><span style=\"color:#000000;\"><span style=\"font-family:'Times New Roman', serif;\"><span style=\"font-size:medium;\"><span style=\"color:#1e2123;\"><span lang=\"en\" xml_lang=\"en\">41% najlon<\/span><\/span><\/span><\/span><\/span><\/p>\n<p align=\"left\"><span style=\"color:#1e2123;\"><span style=\"font-family:'Times New Roman', serif;\"><span style=\"font-size:medium;\">31% poliester<\/span><\/span><\/span><\/p>\n<p align=\"left\"><span style=\"color:#1e2123;\"><span style=\"font-family:'Times New Roman', serif;\"><span style=\"font-size:medium;\">15% gume<\/span><\/span><\/span><\/p>\n<p align=\"left\"><span style=\"color:#1e2123;\"><span style=\"font-family:'Times New Roman', serif;\"><span style=\"font-size:medium;\">7% poliuretana (PU)<\/span><\/span><\/span><\/p>\n<p align=\"left\"><span style=\"color:#1e2123;\"><span style=\"font-family:'Times New Roman', serif;\"><span style=\"font-size:medium;\">6% elastana<\/span><\/span><\/span><\/p><\/p>\n","protected":false},"excerpt":{"rendered":"<p>Minimalisti\u010dka, neograni\u010dena za\u0161tita i prianjanje koje nikad ne iznevjeri. Podstavljeni stil s udobnim i sigurnim prianjanjem&#8230;.<\/p>\n","protected":false},"featured_media":11543,"comment_status":"open","ping_status":"open","template":"","meta":{"_acf_changed":false},"brand":[3300],"gender":[2172],"product_brand":[],"product_cat":[2754,2733],"product_tag":[],"class_list":{"0":"post-146109","1":"product","2":"type-product","3":"status-publish","4":"has-post-thumbnail","6":"brand-fly-racing-hr","7":"gender-unisex-hr","8":"product_cat-mx-rukavice","9":"product_cat-oprema-za-motokros","10":"pa_velikost-st-l-hr","11":"pa_velikost-st-m-hr","12":"pa_velikost-st-s-hr","13":"pa_velikost-st-xl-hr","14":"pa_velikost-st-xxl-hr","16":"first","17":"onbackorder","18":"taxable","19":"shipping-taxable","20":"purchasable","21":"product-type-variable"},"acf":[],"_links":{"self":[{"href":"https:\/\/moto-oprema.com\/hr\/wp-json\/wp\/v2\/product\/146109","targetHints":{"allow":["GET"]}}],"collection":[{"href":"https:\/\/moto-oprema.com\/hr\/wp-json\/wp\/v2\/product"}],"about":[{"href":"https:\/\/moto-oprema.com\/hr\/wp-json\/wp\/v2\/types\/product"}],"replies":[{"embeddable":true,"href":"https:\/\/moto-oprema.com\/hr\/wp-json\/wp\/v2\/comments?post=146109"}],"wp:featuredmedia":[{"embeddable":true,"href":"https:\/\/moto-oprema.com\/hr\/wp-json\/wp\/v2\/media\/11543"}],"wp:attachment":[{"href":"https:\/\/moto-oprema.com\/hr\/wp-json\/wp\/v2\/media?parent=146109"}],"wp:term":[{"taxonomy":"brand","embeddable":true,"href":"https:\/\/moto-oprema.com\/hr\/wp-json\/wp\/v2\/brand?post=146109"},{"taxonomy":"gender","embeddable":true,"href":"https:\/\/moto-oprema.com\/hr\/wp-json\/wp\/v2\/gender?post=146109"},{"taxonomy":"product_brand","embeddable":true,"href":"https:\/\/moto-oprema.com\/hr\/wp-json\/wp\/v2\/product_brand?post=146109"},{"taxonomy":"product_cat","embeddable":true,"href":"https:\/\/moto-oprema.com\/hr\/wp-json\/wp\/v2\/product_cat?post=146109"},{"taxonomy":"product_tag","embeddable":true,"href":"https:\/\/moto-oprema.com\/hr\/wp-json\/wp\/v2\/product_tag?post=146109"}],"curies":[{"name":"wp","href":"https:\/\/api.w.org\/{rel}","templated":true}]}}