{"id":146069,"date":"2020-11-12T15:37:56","date_gmt":"2020-11-12T15:37:56","guid":{"rendered":"https:\/\/moto-oprema.com\/Artikel\/oneal-mx-djecje-matrix-rukavice-za-kolo\/"},"modified":"2020-11-12T15:37:56","modified_gmt":"2020-11-12T15:37:56","slug":"oneal-mx-djecje-matrix-rukavice-za-kolo","status":"publish","type":"product","link":"https:\/\/moto-oprema.com\/hr\/Artikel\/oneal-mx-djecje-matrix-rukavice-za-kolo\/","title":{"rendered":"ONEAL MX DJE\u010cJE MATRIX RUKAVICE ZA KOLO"},"content":{"rendered":"<\/p>\n<p><span style=\"color:#000000;\"><span style=\"font-family:'Times New Roman', serif;\"><span style=\"font-size:medium;\"><span style=\"color:#252525;\"><span style=\"font-family:'proxima-nova', sans-serif;\"><span style=\"font-size:small;\"><span lang=\"en\" xml_lang=\"en\">Zna\u010dajke:<\/span><\/span><\/span><\/span><\/span><\/span><\/span><\/p>\n<p>Zakrivljeni kroj za maksimalnu udobnost<\/p>\n<p><span style=\"color:#000000;\"><span style=\"font-family:'Times New Roman', serif;\"><span style=\"font-size:medium;\"><span style=\"color:#252525;\"><span style=\"font-family:'proxima-nova', sans-serif;\"><span style=\"font-size:small;\"><span lang=\"en\" xml_lang=\"en\">Izdr\u017eljivi i fleksibilni materijali za savr\u0161eno pristajanje i 4-smjerno rastezljivi Lycra\u00ae paneli za dodatnu udobnost i fleksibilnost<\/span><\/span><\/span><\/span><\/span><\/span><\/span><\/p>\n<p><span style=\"color:#000000;\"><span style=\"font-family:'Times New Roman', serif;\"><span style=\"font-size:medium;\"><span style=\"color:#252525;\"><span style=\"font-family:'proxima-nova', sans-serif;\"><span style=\"font-size:small;\"><span lang=\"en\" xml_lang=\"en\">Prozra\u010dni mre\u017easti umeci na vrhu rukava za dobru ventilaciju<\/span><\/span><\/span><\/span><\/span><\/span><\/span><\/p>\n<p><span style=\"color:#000000;\"><span style=\"font-family:'Times New Roman', serif;\"><span style=\"font-size:medium;\"><span style=\"color:#252525;\"><span style=\"font-family:'proxima-nova', sans-serif;\"><span style=\"font-size:small;\"><span lang=\"en\" xml_lang=\"en\">TPR oja\u010danja za ve\u0107u za\u0161titu<\/span><\/span><\/span><\/span><\/span><\/span><\/span><\/p>\n<p><span style=\"color:#000000;\"><span style=\"font-family:'Times New Roman', serif;\"><span style=\"font-size:medium;\"><span style=\"color:#252525;\"><span style=\"font-family:'proxima-nova', sans-serif;\"><span style=\"font-size:small;\"><span lang=\"en\" xml_lang=\"en\">Dlan od umjetne ko\u017ee s dvostrukim oja\u010danjem na dlanu i palcu<\/span><\/span><\/span><\/span><\/span><\/span><\/span><\/p>\n<p><span style=\"color:#000000;\"><span style=\"font-family:'Times New Roman', serif;\"><span style=\"font-size:medium;\"><span style=\"color:#252525;\"><span style=\"font-family:'proxima-nova', sans-serif;\"><span style=\"font-size:small;\"><span lang=\"en\" xml_lang=\"en\">Silikonski print za bolje prianjanje i kontrolu ko\u010denja<\/span><\/span><\/span><\/span><\/span><\/span><\/span><\/p>\n<p><span style=\"color:#000000;\"><span style=\"font-family:'Times New Roman', serif;\"><span style=\"font-size:medium;\"><span style=\"color:#252525;\"><span style=\"font-family:'proxima-nova', sans-serif;\"><span style=\"font-size:small;\"><span lang=\"en\" xml_lang=\"en\">Podesivi \u010di\u010dak na zape\u0161\u0107u za sigurno i podesivo prianjanje<\/span><\/span><\/span><\/span><\/span><\/span><\/span><\/p>\n<p><span style=\"color:#000000;\"><span style=\"font-family:'Times New Roman', serif;\"><span style=\"font-size:medium;\"><span style=\"color:#252525;\"><span style=\"font-family:'proxima-nova', sans-serif;\"><span style=\"font-size:small;\"><span lang=\"en\" xml_lang=\"en\">Pogodno za kori\u0161tenje na zaslonima pametnih telefona i tableta<\/span><\/span><\/span><\/span><\/span><\/span><\/span><\/p>\n<\/p>\n<p><span style=\"color:#000000;\"><span style=\"font-family:'Times New Roman', serif;\"><span style=\"font-size:medium;\"><span style=\"color:#252525;\"><span style=\"font-family:'proxima-nova', sans-serif;\"><span style=\"font-size:small;\"><span lang=\"en\" xml_lang=\"en\">Sastav sirovine:<br \/><\/span><\/span><\/span><\/span><\/span><\/span><\/span><\/p>\n<p><span style=\"color:#000000;\"><span style=\"font-family:'Times New Roman', serif;\"><span style=\"font-size:medium;\"><span style=\"color:#252525;\"><span style=\"font-family:'proxima-nova', sans-serif;\"><span style=\"font-size:small;\"><span lang=\"en\" xml_lang=\"en\">42% sinteti\u010dka ko\u017ea (60% poliamid, 40% poliuretan), 35% najlon, 15% guma (TPR), 8% poliester<\/span><\/span><\/span><\/span><\/span><\/span><\/span><\/p><\/p>\n","protected":false},"excerpt":{"rendered":"<p>Zna\u010dajke: Zakrivljeni kroj za maksimalnu udobnost Izdr\u017eljivi i fleksibilni materijali za savr\u0161eno pristajanje i 4-smjerno rastezljivi&#8230;<\/p>\n","protected":false},"featured_media":11557,"comment_status":"open","ping_status":"open","template":"","meta":{"_acf_changed":false},"brand":[2849],"gender":[],"product_brand":[],"product_cat":[3009,2733,2892],"product_tag":[],"class_list":{"0":"post-146069","1":"product","2":"type-product","3":"status-publish","4":"has-post-thumbnail","6":"brand-oneal-hr","7":"product_cat-mx-rukavice-hr","8":"product_cat-oprema-za-motokros","9":"product_cat-za-najmlade-hr","10":"pa_velikost-st-l-hr","11":"pa_velikost-st-m-hr","12":"pa_velikost-st-s-hr","13":"pa_velikost-st-xl-hr","14":"pa_velikost-st-xs-hr","16":"first","17":"onbackorder","18":"taxable","19":"shipping-taxable","20":"purchasable","21":"product-type-variable"},"acf":[],"_links":{"self":[{"href":"https:\/\/moto-oprema.com\/hr\/wp-json\/wp\/v2\/product\/146069","targetHints":{"allow":["GET"]}}],"collection":[{"href":"https:\/\/moto-oprema.com\/hr\/wp-json\/wp\/v2\/product"}],"about":[{"href":"https:\/\/moto-oprema.com\/hr\/wp-json\/wp\/v2\/types\/product"}],"replies":[{"embeddable":true,"href":"https:\/\/moto-oprema.com\/hr\/wp-json\/wp\/v2\/comments?post=146069"}],"wp:featuredmedia":[{"embeddable":true,"href":"https:\/\/moto-oprema.com\/hr\/wp-json\/wp\/v2\/media\/11557"}],"wp:attachment":[{"href":"https:\/\/moto-oprema.com\/hr\/wp-json\/wp\/v2\/media?parent=146069"}],"wp:term":[{"taxonomy":"brand","embeddable":true,"href":"https:\/\/moto-oprema.com\/hr\/wp-json\/wp\/v2\/brand?post=146069"},{"taxonomy":"gender","embeddable":true,"href":"https:\/\/moto-oprema.com\/hr\/wp-json\/wp\/v2\/gender?post=146069"},{"taxonomy":"product_brand","embeddable":true,"href":"https:\/\/moto-oprema.com\/hr\/wp-json\/wp\/v2\/product_brand?post=146069"},{"taxonomy":"product_cat","embeddable":true,"href":"https:\/\/moto-oprema.com\/hr\/wp-json\/wp\/v2\/product_cat?post=146069"},{"taxonomy":"product_tag","embeddable":true,"href":"https:\/\/moto-oprema.com\/hr\/wp-json\/wp\/v2\/product_tag?post=146069"}],"curies":[{"name":"wp","href":"https:\/\/api.w.org\/{rel}","templated":true}]}}