{"id":146038,"date":"2020-11-11T20:41:47","date_gmt":"2020-11-11T20:41:47","guid":{"rendered":"https:\/\/moto-oprema.com\/Artikel\/tld-zracne-rukavice-za-glavu-2\/"},"modified":"2020-11-11T20:41:47","modified_gmt":"2020-11-11T20:41:47","slug":"tld-zracne-rukavice-za-glavu-2","status":"publish","type":"product","link":"https:\/\/moto-oprema.com\/hr\/Artikel\/tld-zracne-rukavice-za-glavu-2\/","title":{"rendered":"TLD ZRA\u010cNE RUKAVICE ZA GLAVU"},"content":{"rendered":"<p>Lagana i prozra\u010dna mre\u017easta \u0161koljka od Lycra\/Spandexa, dlan od jednoslojne perforirane sinteti\u010dke ko\u017ee Clarino, prozra\u010dni mre\u017easti materijal u prostorima izme\u0111u prstiju, prozra\u010dne man\u017eete. Ograni\u010deno specijalno izdanje! <\/p>\n<\/p>\n<div class=\"tw-ta-container tw-nfl\" id=\"tw-target-text-container\">\n<div class=\"tw-ta-container tw-nfl\">\n<p class=\"tw-data-text tw-text-large tw-ta\" dir=\"ltr\"><span xml_lang=\"sl\" lang=\"sl\">-55% elastan, 30% imitacija ko\u017ee (60% poliamid, 40% poliuretan), 10% polivinilklorid (PVC), 5% polikropren (Airprene)<\/span><\/p>\n<\/div>\n<p class=\"tw-data-placeholder tw-text-small tw-ta\" id=\"tw-target-rmn\" dir=\"ltr\">\n<\/div>\n","protected":false},"excerpt":{"rendered":"<p>Lagana i prozra\u010dna mre\u017easta \u0161koljka od Lycra\/Spandexa, dlan od jednoslojne perforirane sinteti\u010dke ko\u017ee Clarino, prozra\u010dni mre\u017easti&#8230;<\/p>\n","protected":false},"featured_media":11405,"comment_status":"open","ping_status":"open","template":"","meta":{"_acf_changed":false},"brand":[3005],"gender":[2172],"product_brand":[],"product_cat":[2754,2733],"product_tag":[],"class_list":{"0":"post-146038","1":"product","2":"type-product","3":"status-publish","4":"has-post-thumbnail","6":"brand-najvisa-razina","7":"gender-unisex-hr","8":"product_cat-mx-rukavice","9":"product_cat-oprema-za-motokros","10":"pa_velikost-st-l-hr","11":"pa_velikost-st-m-hr","12":"pa_velikost-st-s-hr","13":"pa_velikost-st-xl-hr","15":"first","16":"onbackorder","17":"taxable","18":"shipping-taxable","19":"purchasable","20":"product-type-variable"},"acf":[],"_links":{"self":[{"href":"https:\/\/moto-oprema.com\/hr\/wp-json\/wp\/v2\/product\/146038","targetHints":{"allow":["GET"]}}],"collection":[{"href":"https:\/\/moto-oprema.com\/hr\/wp-json\/wp\/v2\/product"}],"about":[{"href":"https:\/\/moto-oprema.com\/hr\/wp-json\/wp\/v2\/types\/product"}],"replies":[{"embeddable":true,"href":"https:\/\/moto-oprema.com\/hr\/wp-json\/wp\/v2\/comments?post=146038"}],"wp:featuredmedia":[{"embeddable":true,"href":"https:\/\/moto-oprema.com\/hr\/wp-json\/wp\/v2\/media\/11405"}],"wp:attachment":[{"href":"https:\/\/moto-oprema.com\/hr\/wp-json\/wp\/v2\/media?parent=146038"}],"wp:term":[{"taxonomy":"brand","embeddable":true,"href":"https:\/\/moto-oprema.com\/hr\/wp-json\/wp\/v2\/brand?post=146038"},{"taxonomy":"gender","embeddable":true,"href":"https:\/\/moto-oprema.com\/hr\/wp-json\/wp\/v2\/gender?post=146038"},{"taxonomy":"product_brand","embeddable":true,"href":"https:\/\/moto-oprema.com\/hr\/wp-json\/wp\/v2\/product_brand?post=146038"},{"taxonomy":"product_cat","embeddable":true,"href":"https:\/\/moto-oprema.com\/hr\/wp-json\/wp\/v2\/product_cat?post=146038"},{"taxonomy":"product_tag","embeddable":true,"href":"https:\/\/moto-oprema.com\/hr\/wp-json\/wp\/v2\/product_tag?post=146038"}],"curies":[{"name":"wp","href":"https:\/\/api.w.org\/{rel}","templated":true}]}}