{"id":146004,"date":"2020-11-12T11:12:27","date_gmt":"2020-11-12T11:12:27","guid":{"rendered":"https:\/\/moto-oprema.com\/Artikel\/leatt-moto-2-5-rukavice-zastitne-od-vjetra\/"},"modified":"2020-11-12T11:12:27","modified_gmt":"2020-11-12T11:12:27","slug":"leatt-moto-2-5-rukavice-zastitne-od-vjetra","status":"publish","type":"product","link":"https:\/\/moto-oprema.com\/hr\/Artikel\/leatt-moto-2-5-rukavice-zastitne-od-vjetra\/","title":{"rendered":"LEATT MOTO 2.5 RUKAVICE ZA\u0160TITNE OD VJETRA"},"content":{"rendered":"<div class=\"rte\">\n<div class=\"tw-ta-container tw-nfl\" id=\"tw-target-text-container\">\n<p><span style=\"color:#000000;\"><span style=\"font-family:'Times New Roman', serif;\"><span style=\"font-size:medium;\"><span><span lang=\"en\" xml_lang=\"en\"><span>Leattova prva softshell rukavica koja je istovremeno udobna i otporna na vjetar. Palma MicronGrip postavlja novi standard za rukavice u ovom cjenovnom rangu, s novim FormFit \u0161avovima na prstima koji pru\u017eaju izvrstan prihvat u suhim i mokrim uvjetima uz vrhunski osje\u0107aj. <\/span><\/span><\/span><\/span><\/span><\/span><\/p>\n<\/p>\n<p><span style=\"color:#000000;\"><span style=\"font-family:'Times New Roman', serif;\"><span style=\"font-size:medium;\"><span><span lang=\"en\" xml_lang=\"en\"><span>Zna\u010dajke:<\/span><\/span><\/span><\/span><\/span><\/span><\/p>\n<\/p>\n<\/p>\n<p><span style=\"color:#000000;\"><span style=\"font-family:'Times New Roman', serif;\"><span style=\"font-size:medium;\"><span><span lang=\"en\" xml_lang=\"en\"><span>Novi FormFit \u0161avovi za prste za najbolji hvat i osje\u0107aj<\/span><\/span><\/span><\/span><\/span><\/span><\/p>\n<\/p>\n<p><span style=\"color:#000000;\"><span style=\"font-family:'Times New Roman', serif;\"><span style=\"font-size:medium;\"><span><span lang=\"en\" xml_lang=\"en\"><span>Novi SlideLock remen za zglob za sigurno prianjanje<\/span><\/span><\/span><\/span><\/span><\/span><\/p>\n<\/p>\n<p><span style=\"color:#000000;\"><span style=\"font-family:'Times New Roman', serif;\"><span style=\"font-size:medium;\"><span><span lang=\"en\" xml_lang=\"en\"><span>Gornji materijal WindBlock<\/span><\/span><\/span><\/span><\/span><\/span><\/p>\n<\/p>\n<p><span style=\"color:#000000;\"><span style=\"font-family:'Times New Roman', serif;\"><span style=\"font-size:medium;\"><span><span lang=\"en\" xml_lang=\"en\"><span>Mikroinjektirano 3D Brush Guard oja\u010danje za meku\u0161ce i zglobove<\/span><\/span><\/span><\/span><\/span><\/span><\/p>\n<\/p>\n<p><span style=\"color:#000000;\"><span style=\"font-family:'Times New Roman', serif;\"><span style=\"font-size:medium;\"><span><span lang=\"en\" xml_lang=\"en\"><span>MicronGrip dlan<\/span><\/span><\/span><\/span><\/span><\/span><\/p>\n<\/p>\n<p><span style=\"color:#000000;\"><span style=\"font-family:'Times New Roman', serif;\"><span style=\"font-size:medium;\"><span><span lang=\"en\" xml_lang=\"en\"><span>Ultra tanka s vrhunskim osje\u0107ajem upravljanja<\/span><\/span><\/span><\/span><\/span><\/span><\/p>\n<\/p>\n<p><span style=\"color:#000000;\"><span style=\"font-family:'Times New Roman', serif;\"><span style=\"font-size:medium;\"><span><span lang=\"en\" xml_lang=\"en\"><span>Izvrsno prianjanje na suhim i mokrim povr\u0161inama<\/span><\/span><\/span><\/span><\/span><\/span><\/p>\n<\/p>\n<p><span style=\"color:#000000;\"><span style=\"font-family:'Times New Roman', serif;\"><span style=\"font-size:medium;\"><span><span lang=\"en\" xml_lang=\"en\"><span>Vrlo izdr\u017eljiv s funkcijom zaslona osjetljivog na dodir<\/span><\/span><\/span><\/span><\/span><\/span><\/p>\n<\/p>\n<p><span style=\"color:#000000;\"><span style=\"font-family:'Times New Roman', serif;\"><span style=\"font-size:medium;\"><span><span lang=\"en\" xml_lang=\"en\"><span>Prethodno zakrivljen, pripijen i be\u0161avni dlan<\/span><\/span><\/span><\/span><\/span><\/span><\/p>\n<\/p>\n<p><span style=\"color:#000000;\"><span style=\"font-family:'Times New Roman', serif;\"><span style=\"font-size:medium;\"><span><span lang=\"en\" xml_lang=\"en\"><span>Vi\u0161enitni, tehni\u010dki \u0161avovi za izdr\u017eljivost<\/span><\/span><\/span><\/span><\/span><\/span><\/p>\n<\/p>\n<\/p>\n<p><span style=\"color:#000000;\"><span style=\"font-family:'Times New Roman', serif;\"><span style=\"font-size:medium;\"><span><span lang=\"en\" xml_lang=\"en\"><span>Materijal 90% poliester, 10% poliuretan<\/span><\/span><\/span><\/span><\/span><\/span><\/p>\n<\/p>\n<\/div>\n<\/div>\n","protected":false},"excerpt":{"rendered":"<p>Leattova prva softshell rukavica koja je istovremeno udobna i otporna na vjetar. Palma MicronGrip postavlja novi&#8230;<\/p>\n","protected":false},"featured_media":11439,"comment_status":"open","ping_status":"open","template":"","meta":{"_acf_changed":false},"brand":[2744],"gender":[2172],"product_brand":[],"product_cat":[2754,2733],"product_tag":[],"class_list":{"0":"post-146004","1":"product","2":"type-product","3":"status-publish","4":"has-post-thumbnail","6":"brand-leatt-hr","7":"gender-unisex-hr","8":"product_cat-mx-rukavice","9":"product_cat-oprema-za-motokros","10":"pa_velikost-st-l-hr","11":"pa_velikost-st-m-hr","12":"pa_velikost-st-s-hr","13":"pa_velikost-st-xl-hr","14":"pa_velikost-st-xxl-hr","16":"first","17":"onbackorder","18":"taxable","19":"shipping-taxable","20":"purchasable","21":"product-type-variable"},"acf":[],"_links":{"self":[{"href":"https:\/\/moto-oprema.com\/hr\/wp-json\/wp\/v2\/product\/146004","targetHints":{"allow":["GET"]}}],"collection":[{"href":"https:\/\/moto-oprema.com\/hr\/wp-json\/wp\/v2\/product"}],"about":[{"href":"https:\/\/moto-oprema.com\/hr\/wp-json\/wp\/v2\/types\/product"}],"replies":[{"embeddable":true,"href":"https:\/\/moto-oprema.com\/hr\/wp-json\/wp\/v2\/comments?post=146004"}],"wp:featuredmedia":[{"embeddable":true,"href":"https:\/\/moto-oprema.com\/hr\/wp-json\/wp\/v2\/media\/11439"}],"wp:attachment":[{"href":"https:\/\/moto-oprema.com\/hr\/wp-json\/wp\/v2\/media?parent=146004"}],"wp:term":[{"taxonomy":"brand","embeddable":true,"href":"https:\/\/moto-oprema.com\/hr\/wp-json\/wp\/v2\/brand?post=146004"},{"taxonomy":"gender","embeddable":true,"href":"https:\/\/moto-oprema.com\/hr\/wp-json\/wp\/v2\/gender?post=146004"},{"taxonomy":"product_brand","embeddable":true,"href":"https:\/\/moto-oprema.com\/hr\/wp-json\/wp\/v2\/product_brand?post=146004"},{"taxonomy":"product_cat","embeddable":true,"href":"https:\/\/moto-oprema.com\/hr\/wp-json\/wp\/v2\/product_cat?post=146004"},{"taxonomy":"product_tag","embeddable":true,"href":"https:\/\/moto-oprema.com\/hr\/wp-json\/wp\/v2\/product_tag?post=146004"}],"curies":[{"name":"wp","href":"https:\/\/api.w.org\/{rel}","templated":true}]}}