{"id":145984,"date":"2020-11-11T19:31:22","date_gmt":"2020-11-11T19:31:22","guid":{"rendered":"https:\/\/moto-oprema.com\/Artikel\/alpinestars-sr-3-v2-drystar-rukavice\/"},"modified":"2020-11-11T19:31:22","modified_gmt":"2020-11-11T19:31:22","slug":"alpinestars-sr-3-v2-drystar-rukavice","status":"publish","type":"product","link":"https:\/\/moto-oprema.com\/hr\/Artikel\/alpinestars-sr-3-v2-drystar-rukavice\/","title":{"rendered":"ALPINESTARS SR-3 V2 DRYSTAR RUKAVICE"},"content":{"rendered":"<p>Rukavice Alpinestars SR-3 su vodootporne i imaju Alpinestars DRYSTAR membranu. Tako\u0111er imaju termalnu podstavu koja im omogu\u0107uje kori\u0161tenje u raznim vremenskim uvjetima. Zatvaraju se \u0161irokim \u010di\u010dkom koji dobro prekriva zglob i omogu\u0107uje rukavicama i jakni da tvore u\u010dinkovitu za\u0161titu od vremenskih uvjeta.  <\/p>\n<p>Sastav sirovine: Sinteti\u010dka ko\u017ea, Polietilenska tkanina<\/p>\n","protected":false},"excerpt":{"rendered":"<p>Rukavice Alpinestars SR-3 su vodootporne i imaju Alpinestars DRYSTAR membranu. Tako\u0111er imaju termalnu podstavu koja im&#8230;<\/p>\n","protected":false},"featured_media":11369,"comment_status":"open","ping_status":"open","template":"","meta":{"_acf_changed":false},"brand":[2748],"gender":[1313],"product_brand":[],"product_cat":[2835,1356,2816],"product_tag":[],"class_list":{"0":"post-145984","1":"product","2":"type-product","3":"status-publish","4":"has-post-thumbnail","6":"brand-alpinestars-hr","7":"gender-moski","8":"product_cat-kozne-rukavice","9":"product_cat-motociklisticka-oprema","10":"product_cat-rukavice","11":"pa_velikost-st-l-hr","12":"pa_velikost-st-m-hr","13":"pa_velikost-st-s-hr","14":"pa_velikost-st-xl-hr","15":"pa_velikost-st-xxl-hr","17":"first","18":"onbackorder","19":"sale","20":"taxable","21":"shipping-taxable","22":"purchasable","23":"product-type-variable"},"acf":[],"_links":{"self":[{"href":"https:\/\/moto-oprema.com\/hr\/wp-json\/wp\/v2\/product\/145984","targetHints":{"allow":["GET"]}}],"collection":[{"href":"https:\/\/moto-oprema.com\/hr\/wp-json\/wp\/v2\/product"}],"about":[{"href":"https:\/\/moto-oprema.com\/hr\/wp-json\/wp\/v2\/types\/product"}],"replies":[{"embeddable":true,"href":"https:\/\/moto-oprema.com\/hr\/wp-json\/wp\/v2\/comments?post=145984"}],"wp:featuredmedia":[{"embeddable":true,"href":"https:\/\/moto-oprema.com\/hr\/wp-json\/wp\/v2\/media\/11369"}],"wp:attachment":[{"href":"https:\/\/moto-oprema.com\/hr\/wp-json\/wp\/v2\/media?parent=145984"}],"wp:term":[{"taxonomy":"brand","embeddable":true,"href":"https:\/\/moto-oprema.com\/hr\/wp-json\/wp\/v2\/brand?post=145984"},{"taxonomy":"gender","embeddable":true,"href":"https:\/\/moto-oprema.com\/hr\/wp-json\/wp\/v2\/gender?post=145984"},{"taxonomy":"product_brand","embeddable":true,"href":"https:\/\/moto-oprema.com\/hr\/wp-json\/wp\/v2\/product_brand?post=145984"},{"taxonomy":"product_cat","embeddable":true,"href":"https:\/\/moto-oprema.com\/hr\/wp-json\/wp\/v2\/product_cat?post=145984"},{"taxonomy":"product_tag","embeddable":true,"href":"https:\/\/moto-oprema.com\/hr\/wp-json\/wp\/v2\/product_tag?post=145984"}],"curies":[{"name":"wp","href":"https:\/\/api.w.org\/{rel}","templated":true}]}}