{"id":145967,"date":"2020-11-11T19:18:32","date_gmt":"2020-11-11T19:18:32","guid":{"rendered":"https:\/\/moto-oprema.com\/Artikel\/alpinestars-andes-v3-drystar-rukavice\/"},"modified":"2020-11-11T19:18:32","modified_gmt":"2020-11-11T19:18:32","slug":"alpinestars-andes-v3-drystar-rukavice","status":"publish","type":"product","link":"https:\/\/moto-oprema.com\/hr\/Artikel\/alpinestars-andes-v3-drystar-rukavice\/","title":{"rendered":"ALPINESTARS ANDES V3 DRYSTAR RUKAVICE"},"content":{"rendered":"<p xml_lang=\"sl-si\" lang=\"sl-si\"><span style=\"color:#222222;\"><span style=\"color:#000000;\">\u2022 <span style=\"font-family:'Times New Roman', serif;\"><span style=\"font-size:medium;\"><span style=\"font-family:inherit;\"><span style=\"font-size:small;\">ko\u017ea i mekana \u0161koljka izra\u0111ena od rastezljivog tekstila.<\/span><\/span><\/span><\/span><\/span><\/span><\/p>\n<p xml_lang=\"sl-si\" lang=\"sl-si\"><span style=\"color:#222222;\"><span style=\"color:#000000;\">\u2022 <span style=\"font-family:'Times New Roman', serif;\"><span style=\"font-size:medium;\"><span style=\"font-family:inherit;\"><span style=\"font-size:small;\">Softshell i rastezljiva tkanina na le\u0111ima za slobodu kretanja.<\/span><\/span><\/span><\/span><\/span><\/span><\/p>\n<p xml_lang=\"sl-si\" lang=\"sl-si\"><span style=\"color:#222222;\"><span style=\"color:#000000;\">\u2022 <span style=\"font-family:'Times New Roman', serif;\"><span style=\"font-size:medium;\"><span style=\"font-family:inherit;\"><span style=\"font-size:small;\">Mekana viskoelasti\u010dna PU pjena ergonomskog profila<\/span><\/span><\/span><\/span><\/span><\/span><\/p>\n<p xml_lang=\"sl-si\" lang=\"sl-si\"><span style=\"color:#222222;\"><span style=\"color:#000000;\">\u2022 <span style=\"font-family:'Times New Roman', serif;\"><span style=\"font-size:medium;\"><span style=\"font-family:inherit;\"><span style=\"font-size:small;\">Reflektiraju\u0107i umeci za pove\u0107anu vidljivost voza\u010da.<\/span><\/span><\/span><\/span><\/span><\/span><\/p>\n<p xml_lang=\"sl-si\" lang=\"sl-si\"><span style=\"color:#222222;\"><span style=\"color:#000000;\">\u2022 <span style=\"font-family:'Times New Roman', serif;\"><span style=\"font-size:medium;\"><span style=\"font-family:inherit;\"><span style=\"font-size:small;\">Ima inovativnu termi\u010dki spojenu konstrukciju vanjske membrane, Outdry\u00ae, koja pru\u017ea be\u0161avni, vodootporni sloj i sprje\u010dava nakupljanje vode izme\u0111u slojeva.<\/span><\/span><\/span><\/span><\/span><\/span><\/p>\n<p xml_lang=\"sl-si\" lang=\"sl-si\"><span style=\"color:#222222;\"><span style=\"color:#000000;\">\u2022 <span style=\"font-family:'Times New Roman', serif;\"><span style=\"font-size:medium;\"><span style=\"font-family:inherit;\"><span style=\"font-size:small;\">Oja\u010danja od pjenaste gume na palcu i dlanu.<\/span><\/span><\/span><\/span><\/span><\/span><\/p>\n<p xml_lang=\"sl-si\" lang=\"sl-si\"><span style=\"color:#222222;\"><span style=\"color:#000000;\">\u2022 <span style=\"font-family:'Times New Roman', serif;\"><span style=\"font-size:medium;\"><span style=\"font-family:inherit;\"><span style=\"font-size:small;\">Ko\u017ene harmonike na prstima i pal\u010devima za ve\u0107u fleksibilnost i pristajanje.<\/span><\/span><\/span><\/span><\/span><\/span><\/p>\n<p xml_lang=\"sl-si\" lang=\"sl-si\">\n<p xml_lang=\"sl-si\" lang=\"sl-si\">\n","protected":false},"excerpt":{"rendered":"<p>\u2022 ko\u017ea i mekana \u0161koljka izra\u0111ena od rastezljivog tekstila. \u2022 Softshell i rastezljiva tkanina na le\u0111ima&#8230;<\/p>\n","protected":false},"featured_media":11362,"comment_status":"open","ping_status":"closed","template":"","meta":{"_acf_changed":false},"brand":[2748],"gender":[1313],"product_brand":[],"product_cat":[1356,2816,2822],"product_tag":[],"class_list":{"0":"post-145967","1":"product","2":"type-product","3":"status-publish","4":"has-post-thumbnail","6":"brand-alpinestars-hr","7":"gender-moski","8":"product_cat-motociklisticka-oprema","9":"product_cat-rukavice","10":"product_cat-tekstilne-rukavice","11":"pa_velikost-st-l-hr","12":"pa_velikost-st-m-hr","13":"pa_velikost-st-s-hr","14":"pa_velikost-st-xl-hr","15":"pa_velikost-st-xxl-hr","17":"first","18":"outofstock","19":"taxable","20":"shipping-taxable","21":"purchasable","22":"product-type-variable"},"acf":[],"_links":{"self":[{"href":"https:\/\/moto-oprema.com\/hr\/wp-json\/wp\/v2\/product\/145967","targetHints":{"allow":["GET"]}}],"collection":[{"href":"https:\/\/moto-oprema.com\/hr\/wp-json\/wp\/v2\/product"}],"about":[{"href":"https:\/\/moto-oprema.com\/hr\/wp-json\/wp\/v2\/types\/product"}],"replies":[{"embeddable":true,"href":"https:\/\/moto-oprema.com\/hr\/wp-json\/wp\/v2\/comments?post=145967"}],"wp:featuredmedia":[{"embeddable":true,"href":"https:\/\/moto-oprema.com\/hr\/wp-json\/wp\/v2\/media\/11362"}],"wp:attachment":[{"href":"https:\/\/moto-oprema.com\/hr\/wp-json\/wp\/v2\/media?parent=145967"}],"wp:term":[{"taxonomy":"brand","embeddable":true,"href":"https:\/\/moto-oprema.com\/hr\/wp-json\/wp\/v2\/brand?post=145967"},{"taxonomy":"gender","embeddable":true,"href":"https:\/\/moto-oprema.com\/hr\/wp-json\/wp\/v2\/gender?post=145967"},{"taxonomy":"product_brand","embeddable":true,"href":"https:\/\/moto-oprema.com\/hr\/wp-json\/wp\/v2\/product_brand?post=145967"},{"taxonomy":"product_cat","embeddable":true,"href":"https:\/\/moto-oprema.com\/hr\/wp-json\/wp\/v2\/product_cat?post=145967"},{"taxonomy":"product_tag","embeddable":true,"href":"https:\/\/moto-oprema.com\/hr\/wp-json\/wp\/v2\/product_tag?post=145967"}],"curies":[{"name":"wp","href":"https:\/\/api.w.org\/{rel}","templated":true}]}}