{"id":145954,"date":"2020-11-11T18:59:09","date_gmt":"2020-11-11T18:59:09","guid":{"rendered":"https:\/\/moto-oprema.com\/Artikel\/alpinestars-trkace-rukavice-sp-2-v3-3\/"},"modified":"2020-11-11T18:59:09","modified_gmt":"2020-11-11T18:59:09","slug":"alpinestars-trkace-rukavice-sp-2-v3-3","status":"publish","type":"product","link":"https:\/\/moto-oprema.com\/hr\/Artikel\/alpinestars-trkace-rukavice-sp-2-v3-3\/","title":{"rendered":"ALPINESTARS TRKA\u0106E RUKAVICE SP-2 V3"},"content":{"rendered":"<p><span>Optimalna udobnost i za\u0161tita, karbonska za\u0161tita zglobova, spojeni tre\u0107i i \u010detvrti prst, perforirane za optimalnu ventilaciju.  <\/p>\n<p>Sastav sirovine:  <\/span><span><span>60% ko\u017ea,<\/span> <span>24% poliuretan,<\/span> <span>11% sinteti\u010dka ko\u017ea,<\/span> <span>3% karbonska vlakna,<\/span><br \/><span>2% neoprena<\/span><span><strong>. Punilo<\/strong>:<\/span><span> <\/span><span>  100% poliester.<\/span><\/span><\/p>\n","protected":false},"excerpt":{"rendered":"<p>Optimalna udobnost i za\u0161tita, karbonska za\u0161tita zglobova, spojeni tre\u0107i i \u010detvrti prst, perforirane za optimalnu ventilaciju&#8230;.<\/p>\n","protected":false},"featured_media":11355,"comment_status":"open","ping_status":"open","template":"","meta":{"_acf_changed":false},"brand":[2748],"gender":[1313],"product_brand":[],"product_cat":[2835,1356,2816],"product_tag":[],"class_list":{"0":"post-145954","1":"product","2":"type-product","3":"status-publish","4":"has-post-thumbnail","6":"brand-alpinestars-hr","7":"gender-moski","8":"product_cat-kozne-rukavice","9":"product_cat-motociklisticka-oprema","10":"product_cat-rukavice","11":"pa_velikost-st-l-hr","12":"pa_velikost-st-m-hr","13":"pa_velikost-st-s-hr","14":"pa_velikost-st-xl-hr","15":"pa_velikost-st-xxl-hr","17":"first","18":"onbackorder","19":"sale","20":"taxable","21":"shipping-taxable","22":"purchasable","23":"product-type-variable"},"acf":[],"_links":{"self":[{"href":"https:\/\/moto-oprema.com\/hr\/wp-json\/wp\/v2\/product\/145954","targetHints":{"allow":["GET"]}}],"collection":[{"href":"https:\/\/moto-oprema.com\/hr\/wp-json\/wp\/v2\/product"}],"about":[{"href":"https:\/\/moto-oprema.com\/hr\/wp-json\/wp\/v2\/types\/product"}],"replies":[{"embeddable":true,"href":"https:\/\/moto-oprema.com\/hr\/wp-json\/wp\/v2\/comments?post=145954"}],"wp:featuredmedia":[{"embeddable":true,"href":"https:\/\/moto-oprema.com\/hr\/wp-json\/wp\/v2\/media\/11355"}],"wp:attachment":[{"href":"https:\/\/moto-oprema.com\/hr\/wp-json\/wp\/v2\/media?parent=145954"}],"wp:term":[{"taxonomy":"brand","embeddable":true,"href":"https:\/\/moto-oprema.com\/hr\/wp-json\/wp\/v2\/brand?post=145954"},{"taxonomy":"gender","embeddable":true,"href":"https:\/\/moto-oprema.com\/hr\/wp-json\/wp\/v2\/gender?post=145954"},{"taxonomy":"product_brand","embeddable":true,"href":"https:\/\/moto-oprema.com\/hr\/wp-json\/wp\/v2\/product_brand?post=145954"},{"taxonomy":"product_cat","embeddable":true,"href":"https:\/\/moto-oprema.com\/hr\/wp-json\/wp\/v2\/product_cat?post=145954"},{"taxonomy":"product_tag","embeddable":true,"href":"https:\/\/moto-oprema.com\/hr\/wp-json\/wp\/v2\/product_tag?post=145954"}],"curies":[{"name":"wp","href":"https:\/\/api.w.org\/{rel}","templated":true}]}}