{"id":145945,"date":"2020-11-03T09:48:20","date_gmt":"2020-11-03T09:48:20","guid":{"rendered":"https:\/\/moto-oprema.com\/Artikel\/alpinestars-tech-7-bijelo-crna\/"},"modified":"2020-11-03T09:48:20","modified_gmt":"2020-11-03T09:48:20","slug":"alpinestars-tech-7-bijelo-crna","status":"publish","type":"product","link":"https:\/\/moto-oprema.com\/hr\/Artikel\/alpinestars-tech-7-bijelo-crna\/","title":{"rendered":"ALPINESTARS TECH 7 BIJELO-CRNA"},"content":{"rendered":"<div id=\"tab-product-description\" class=\"ui-tabs-panel ui-widget-content ui-corner-bottom\">\n<div class=\"description\"><span style=\"font-family:arial, helvetica, sans-serif;font-size:small;\">Alpinestars TECH 7 &#8211; novi model \u010dizama izra\u0111en od visokokvalitetnog izdr\u017eljivog materijala.<\/span><span style=\"font-size:small;\"><span style=\"font-family:arial, helvetica, sans-serif;\"> <span class=\"tlid-translation translation\" xml_lang=\"sl\" lang=\"sl\"><span title=\"\">CE certifikat.<\/span> <span title=\"\">Optimizirani sustav aluminijske kop\u010de za<\/span><br \/> <span title=\"\">jednostavno i besprijekorno zatvaranje.<\/span><\/span> <span class=\"tlid-translation translation\" xml_lang=\"sl\" lang=\"sl\"><span title=\"\">Zamjenjivi<\/span> <span title=\"\">potplat<\/span><\/span><\/p>\n<p><\/span><\/span><span style=\"font-family:arial, helvetica, sans-serif;font-size:small;\">Sastav sirovine:<br \/> &#8211; Gornji\u0161te: ko\u017ea i drugi materijal<br \/> &#8211; Podstava i ulo\u017eak: tekstilni materijal<br \/> &#8211; Potplat: guma  <\/span><\/p>\n<p><i><span style=\"font-family:arial, helvetica, sans-serif;font-size:small;\">Revolucionarne Alpinestars Tech 7 MX \u010dizme uklju\u010duju inovativne materijale i tehnologiju u potpuno novom dizajnu za lak\u0161eg, anatomski profiliranog izvo\u0111a\u010da. Ove CE certificirane \u010dizme poti\u010du stabilnost trupa i fleksibilnost putem biomehani\u010dkog okretanja, a istovremeno nude izvrsnu za\u0161titu gle\u017enja.  Okvir \u010dizme dizajniran je kako bi pru\u017eio potpuni osje\u0107aj i optimiziranu interakciju s kontrolama bicikla, dok inovativni sustav kop\u010di omogu\u0107uje jednostavno i precizno zatvaranje.  <\/span><\/i><\/p>\n<ul>\n<li><i><span style=\"font-family:arial, helvetica, sans-serif;font-size:small;\">  \u0160asija \u010dizme dizajnirana s ergonomski profiliranim prednjim dijelom stopala i ni\u017eim dijelom za prste kako bi se omogu\u0107ilo lak\u0161e mijenjanje brzina i pobolj\u0161ani osje\u0107aj i kontrola stra\u017enje ko\u010dnice.<\/span><\/i><\/li>\n<li><i><span style=\"font-family:arial, helvetica, sans-serif;font-size:small;\">  Uklju\u010duje inovativnu jednodijelnu ubrizganu dvostruku smjesu \u0161koljke stopala s ko-ubrizganim tvrdim \u0161titnikom za prste i integriranim \u010deli\u010dnim dr\u0161kom. \u0160koljka je vrlo otporna na abraziju i udarce, pove\u0107ava ukupnu izdr\u017eljivost \u010dizme i pobolj\u0161ava aerodinami\u010dnost \u010dizme.   <\/span><\/i><\/li>\n<li><i><span style=\"font-family:arial, helvetica, sans-serif;font-size:small;\">  Novi dvostruki slo\u017eeni potplat besprijekorno je integriran u osnovnu strukturu za vrhunsku izdr\u017eljivost, visokou\u010dinkovit gumeni uzorak prianjanja i osje\u0107aj. Potplat i ulo\u017eak za stopala su zamjenjivi. <\/span><\/i><\/li>\n<li><i><span style=\"font-family:arial, helvetica, sans-serif;font-size:small;\">  Gornji dio izra\u0111en od inovativnog mikrovlakana koji je fleksibilan i otporan na habanje. Gornji materijal oja\u010dan je PU-om za visoku razinu <\/span><\/i><\/li>\n<li><i><span style=\"font-family:arial, helvetica, sans-serif;font-size:small;\">  vodootpornost i izdr\u017eljivost te pobolj\u0161ane performanse u\u0161tede te\u017eine. Materijal osigurava dosljedno pristajanje \u010dak i pri dugotrajnoj upotrebi te se lako odr\u017eava i \u010disti. <\/span><\/i><\/li>\n<li><i><span style=\"font-family:arial, helvetica, sans-serif;font-size:small;\">  Konturirana plo\u010da za za\u0161titu potkoljenice ubrizgana je visokomodularnim polimerom za otpornost na udarce i uklju\u010duje Alpinestarsov razvijeni sustav savijanja lopatica za ve\u0107u preciznu kontrolu i kretanje, dodatnu za\u0161titu pete i Ahilove tetive te poma\u017ee u sprje\u010davanju hiperfleksije.  <\/span><\/i><\/li>\n<li><i><span style=\"font-family:arial, helvetica, sans-serif;font-size:small;\">  Novi TPU sustav za\u0161tite gle\u017enja koji uklju\u010duje biomehani\u010dku vezu izme\u0111u srednjeg i donjeg dijela \u010dizme poma\u017ee u sprje\u010davanju o\u0161te\u0107enja noge pru\u017eaju\u0107i progresivno ubla\u017eavanje torzijskih sila.  <\/span><\/i><\/li>\n<li><i><span style=\"font-family:arial, helvetica, sans-serif;font-size:small;\">  Alpinestars je razvio TPU \u0161titnik za potkoljenicu i medijalnu za\u0161titu, izra\u0111eni iz jednog dijela za ve\u0107u strukturnu cjelovitost i stabilnost. Anatomski profilirani \u0161titnik za potkoljenicu ima dvostruki sustav zatvaranja s unutarnjim preklopom od mikrovlakana pri\u010dvr\u0161\u0107enim \u010di\u010dkom Velcro\u00ae za precizno prianjanje, dok je robusni i izdr\u017eljivi \u0161titnik za potkoljenicu sigurno pri\u010dvr\u0161\u0107en precizno podesivom kop\u010dom. <\/span><\/i><\/li>\n<li><i><span style=\"font-family:arial, helvetica, sans-serif;font-size:small;\">  TPU sredi\u0161nja bo\u010dna plo\u010da uklju\u010duje napredni gumeni umetak u obliku sa\u0107a i dizajnirana je za izvrsno prianjanje uz bicikl, a istovremeno \u0161titi od udara.  <\/span><\/i><\/li>\n<li><i><span style=\"font-family:arial, helvetica, sans-serif;font-size:small;\">  \u0160iroki ulazni otvor za prakti\u010dnost i omogu\u0107uje \u0161irok raspon pode\u0161avanja i potpore lista.  <\/span><\/i><\/li>\n<li><i><span style=\"font-family:arial, helvetica, sans-serif;font-size:small;\">  Inovativni sustav zatvaranja kop\u010dom uklju\u010duje visokootporne aluminijske mostne zatvara\u010de s memorijskim postavkama i sustavom brzog otpu\u0161tanja\/zaklju\u010davanja s dizajnom koji se sam poravnava za jednostavno i precizno zatvaranje i pobolj\u0161ane performanse vo\u017enje. Sve kop\u010de su zamjenjive.   <\/span><\/i><\/li>\n<li><i><span style=\"font-family:arial, helvetica, sans-serif;font-size:small;\">  Redizajnirane fleksibilne zone u risu i Ahilovoj tetivi za vrhunsku udobnost, kontrolu i potporu.<\/span><\/i><\/li>\n<li><i><span style=\"font-family:arial, helvetica, sans-serif;font-size:small;\">  Pro\u0161irena mikrovlaknasta navlaka sprje\u010dava prekomjerni ulazak vode i prljav\u0161tine.  <\/span><\/i><\/li>\n<li><i><span style=\"font-family:arial, helvetica, sans-serif;font-size:small;\">  Unutarnja podstava uklju\u010duje protukliznu mikrofibernu antilop na peti kako bi se stopalo dr\u017ealo u pravilnom polo\u017eaju.  <\/span><\/i><\/li>\n<li><i><span style=\"font-family:arial, helvetica, sans-serif;font-size:small;\">  Mekano pjenasto oja\u010danje na gle\u017enjevima i ovratniku za dugotrajnu udobnost i apsorpciju udaraca.<\/span><\/i><\/li>\n<li><i><span style=\"font-family:arial, helvetica, sans-serif;font-size:small;\">  Novi, dvostruki, uklonjivi anatomski ulo\u017eak uklju\u010duje EVA i Lycra gornji dio za udobnost i potporu, osigurava ravnomjernu raspodjelu te\u017eine i oja\u010danu petu.<\/span><\/i><\/li>\n<li><i><span style=\"font-family:arial, helvetica, sans-serif;font-size:small;\">  \u010cizma Tech 7 ima CE certifikat i ima jedinstvenu, visoko\u010dvrstu konstrukciju potplata koja nudi izdr\u017eljivost i za\u0161titne performanse.<\/span><\/i><\/li>\n<\/ul>\n<\/div>\n<\/div>\n","protected":false},"excerpt":{"rendered":"<p>Alpinestars TECH 7 &#8211; novi model \u010dizama izra\u0111en od visokokvalitetnog izdr\u017eljivog materijala.<\/p>\n","protected":false},"featured_media":145955,"comment_status":"open","ping_status":"closed","template":"","meta":{"_acf_changed":false},"brand":[2748],"gender":[1313],"product_brand":[],"product_cat":[2900,2733],"product_tag":[],"class_list":{"0":"post-145945","1":"product","2":"type-product","3":"status-publish","4":"has-post-thumbnail","6":"brand-alpinestars-hr","7":"gender-moski","8":"product_cat-motokros-cizme","9":"product_cat-oprema-za-motokros","10":"pa_size-10445-hr","11":"pa_size-11455-hr","12":"pa_size-1247-hr","13":"pa_size-7405-hr","14":"pa_size-842-hr","15":"pa_size-943-hr","17":"first","18":"onbackorder","19":"sale","20":"taxable","21":"shipping-taxable","22":"purchasable","23":"product-type-variable"},"acf":[],"_links":{"self":[{"href":"https:\/\/moto-oprema.com\/hr\/wp-json\/wp\/v2\/product\/145945","targetHints":{"allow":["GET"]}}],"collection":[{"href":"https:\/\/moto-oprema.com\/hr\/wp-json\/wp\/v2\/product"}],"about":[{"href":"https:\/\/moto-oprema.com\/hr\/wp-json\/wp\/v2\/types\/product"}],"replies":[{"embeddable":true,"href":"https:\/\/moto-oprema.com\/hr\/wp-json\/wp\/v2\/comments?post=145945"}],"wp:featuredmedia":[{"embeddable":true,"href":"https:\/\/moto-oprema.com\/hr\/wp-json\/wp\/v2\/media\/145955"}],"wp:attachment":[{"href":"https:\/\/moto-oprema.com\/hr\/wp-json\/wp\/v2\/media?parent=145945"}],"wp:term":[{"taxonomy":"brand","embeddable":true,"href":"https:\/\/moto-oprema.com\/hr\/wp-json\/wp\/v2\/brand?post=145945"},{"taxonomy":"gender","embeddable":true,"href":"https:\/\/moto-oprema.com\/hr\/wp-json\/wp\/v2\/gender?post=145945"},{"taxonomy":"product_brand","embeddable":true,"href":"https:\/\/moto-oprema.com\/hr\/wp-json\/wp\/v2\/product_brand?post=145945"},{"taxonomy":"product_cat","embeddable":true,"href":"https:\/\/moto-oprema.com\/hr\/wp-json\/wp\/v2\/product_cat?post=145945"},{"taxonomy":"product_tag","embeddable":true,"href":"https:\/\/moto-oprema.com\/hr\/wp-json\/wp\/v2\/product_tag?post=145945"}],"curies":[{"name":"wp","href":"https:\/\/api.w.org\/{rel}","templated":true}]}}