{"id":145913,"date":"2020-11-03T09:35:25","date_gmt":"2020-11-03T09:35:25","guid":{"rendered":"https:\/\/moto-oprema.com\/Artikel\/alpinestars-tech-10-bijele\/"},"modified":"2020-11-03T09:35:25","modified_gmt":"2020-11-03T09:35:25","slug":"alpinestars-tech-10-bijele","status":"publish","type":"product","link":"https:\/\/moto-oprema.com\/hr\/Artikel\/alpinestars-tech-10-bijele\/","title":{"rendered":"ALPINESTARS TECH 10 BIJELE"},"content":{"rendered":"<p>Savr\u0161enstvo kroz inovaciju. Nove Tech 10 Evo 2 cipele imaju kultni izgled i osje\u0107aj Tech 10, ali i potpuno novi pristup udobnosti, osje\u0107aju i sigurnosti voza\u010da. Redizajn Tech 10 napravljen je s tri prioriteta na umu. Tim Alpinetars MX cipela \u017eelio je pobolj\u0161ati ukupnu funkcionalnost, sigurnost i performanse, smanjiti te\u017einu i koristiti manje materijala. Kao rezultat toga, nove Tech 10 cipele imaju ve\u0107u slobodu kretanja, ali ne \u0161tede na sigurnosti voza\u010da.    <\/p>\n<\/p>\n<p>Zna\u010dajke:<\/p>\n<ul>\n<li>Udobno za no\u0161enje u svim vremenskim uvjetima<\/li>\n<li>Kori\u0161tenje jedinstvenih Alpinestars tehnologija (okvir za kontrolu frontalne fleksibilnosti, asimetri\u010dne dvostruko zglobne ruke, dinami\u010dki amortizer za za\u0161titu pete od kompresije)<\/li>\n<li>Smanjena te\u017eina<\/li>\n<li>Koristi novo razvijeni kompozitni materijal koji je lak\u0161i, ali izdr\u017eljiviji<\/li>\n<li>Smanjeni fizi\u010dki oblik<\/li>\n<\/ul>\n","protected":false},"excerpt":{"rendered":"<p>Savr\u0161enstvo kroz inovaciju; uz zadr\u017eavanje kultnog Tech 10 izgleda, nove kopa\u010dke predstavljaju potpuno novi pristup.<\/p>\n","protected":false},"featured_media":11127,"comment_status":"open","ping_status":"open","template":"","meta":{"_acf_changed":false},"brand":[2748],"gender":[1313],"product_brand":[],"product_cat":[2900,2733],"product_tag":[],"class_list":{"0":"post-145913","1":"product","2":"type-product","3":"status-publish","4":"has-post-thumbnail","6":"brand-alpinestars-hr","7":"gender-moski","8":"product_cat-motokros-cizme","9":"product_cat-oprema-za-motokros","10":"pa_size-10445-hr","11":"pa_size-11455-hr","12":"pa_size-1247-hr","13":"pa_size-842-hr","14":"pa_size-943-hr","16":"first","17":"onbackorder","18":"sale","19":"taxable","20":"shipping-taxable","21":"purchasable","22":"product-type-variable"},"acf":[],"_links":{"self":[{"href":"https:\/\/moto-oprema.com\/hr\/wp-json\/wp\/v2\/product\/145913","targetHints":{"allow":["GET"]}}],"collection":[{"href":"https:\/\/moto-oprema.com\/hr\/wp-json\/wp\/v2\/product"}],"about":[{"href":"https:\/\/moto-oprema.com\/hr\/wp-json\/wp\/v2\/types\/product"}],"replies":[{"embeddable":true,"href":"https:\/\/moto-oprema.com\/hr\/wp-json\/wp\/v2\/comments?post=145913"}],"wp:featuredmedia":[{"embeddable":true,"href":"https:\/\/moto-oprema.com\/hr\/wp-json\/wp\/v2\/media\/11127"}],"wp:attachment":[{"href":"https:\/\/moto-oprema.com\/hr\/wp-json\/wp\/v2\/media?parent=145913"}],"wp:term":[{"taxonomy":"brand","embeddable":true,"href":"https:\/\/moto-oprema.com\/hr\/wp-json\/wp\/v2\/brand?post=145913"},{"taxonomy":"gender","embeddable":true,"href":"https:\/\/moto-oprema.com\/hr\/wp-json\/wp\/v2\/gender?post=145913"},{"taxonomy":"product_brand","embeddable":true,"href":"https:\/\/moto-oprema.com\/hr\/wp-json\/wp\/v2\/product_brand?post=145913"},{"taxonomy":"product_cat","embeddable":true,"href":"https:\/\/moto-oprema.com\/hr\/wp-json\/wp\/v2\/product_cat?post=145913"},{"taxonomy":"product_tag","embeddable":true,"href":"https:\/\/moto-oprema.com\/hr\/wp-json\/wp\/v2\/product_tag?post=145913"}],"curies":[{"name":"wp","href":"https:\/\/api.w.org\/{rel}","templated":true}]}}