{"id":145823,"date":"2020-11-13T18:35:53","date_gmt":"2020-11-13T18:35:53","guid":{"rendered":"https:\/\/moto-oprema.com\/Artikel\/alpinestars-faster-v2-kozna-jakna-2\/"},"modified":"2020-11-13T18:35:53","modified_gmt":"2020-11-13T18:35:53","slug":"alpinestars-faster-v2-kozna-jakna-2","status":"publish","type":"product","link":"https:\/\/moto-oprema.com\/hr\/Artikel\/alpinestars-faster-v2-kozna-jakna-2\/","title":{"rendered":"ALPINESTARS FASTER V2 KO\u017dNA JAKNA"},"content":{"rendered":"<p><span style=\"font-family: 'Times New Roman', serif\"><span style=\"font-size: medium\"><span style=\"color: #252525\"><span style=\"font-family: 'proxima-nova', sans-serif\"><span style=\"font-size: small\"><span lang=\"en\" xml_lang=\"en\">Vrhunska ko\u017ea &#8211; izra\u0111ena od visokokvalitetne kravlje ko\u017ee debljine 1,3 mm<\/span><\/span><\/span><\/span><\/span><\/span><\/p>\n<p><span style=\"font-family: 'Times New Roman', serif\"><span style=\"font-size: medium\"><span style=\"color: #252525\"><span style=\"font-family: 'proxima-nova', sans-serif\"><span style=\"font-size: small\"><span lang=\"en\" xml_lang=\"en\">Strate\u0161ki postavljeni rastezljivi umeci na rukavima, prsima i le\u0111ima dodatno pobolj\u0161avaju pristajanje i udobnost<\/span><\/span><\/span><\/span><\/span><\/span><\/p>\n<p><span style=\"font-family: 'Times New Roman', serif\"><span style=\"font-size: medium\"><span style=\"color: #252525\"><span style=\"font-family: 'proxima-nova', sans-serif\"><span style=\"font-size: small\"><span lang=\"en\" xml_lang=\"en\">\u010ci\u010dak za bolje pristajanje i individualno zatvaranje<\/span><\/span><\/span><\/span><\/span><\/span><\/p>\n<p><span style=\"font-family: 'Times New Roman', serif\"><span style=\"font-size: medium\"><span style=\"color: #252525\"><span style=\"font-family: 'proxima-nova', sans-serif\"><span style=\"font-size: small\"><span lang=\"en\" xml_lang=\"en\">Dva d\u017eepa sa zatvara\u010dem i vodootporni unutarnji d\u017eep<\/span><\/span><\/span><\/span><\/span><\/span><\/p>\n<p><span style=\"font-family: 'Times New Roman', serif\"><span style=\"font-size: medium\"><span style=\"color: #252525\"><span style=\"font-family: 'proxima-nova', sans-serif\"><span style=\"font-size: small\"><span lang=\"en\" xml_lang=\"en\">Otvori za usis zraka na patentnom zatvara\u010du strate\u0161ki su postavljeni kako bi se optimizirao protok zraka prilikom otvaranja<\/span><\/span><\/span><\/span><\/span><\/span><\/p>\n<p><span style=\"font-family: 'Times New Roman', serif\"><span style=\"font-size: medium\"><span style=\"color: #252525\"><span style=\"font-family: 'proxima-nova', sans-serif\"><span style=\"font-size: small\"><span lang=\"en\" xml_lang=\"en\">Lokalizirane perforacije za izvrsnu ventilaciju i unutarnji protok zraka<\/span><\/span><\/span><\/span><\/span><\/span><\/p>\n<p><span style=\"font-family: 'Times New Roman', serif\"><span style=\"font-size: medium\"><span style=\"color: #252525\"><span style=\"font-family: 'proxima-nova', sans-serif\"><span style=\"font-size: small\"><span lang=\"en\" xml_lang=\"en\">Niskoprofilna konstrukcija ovratnika s udobnim obrubom od mikrovlakana i unutarnjom podstavom od 3D tkanine za udobnost<\/span><\/span><\/span><\/span><\/span><\/span><\/p>\n<p><span style=\"font-family: 'Times New Roman', serif\"><span style=\"font-size: medium\"><span style=\"color: #252525\"><span style=\"font-family: 'proxima-nova', sans-serif\"><span style=\"font-size: small\"><span lang=\"en\" xml_lang=\"en\">Zglobni dizajn rukava pobolj\u0161ava pristajanje i smanjuje umor tijekom vo\u017enje<\/span><\/span><\/span><\/span><\/span><\/span><\/p>\n<p><span style=\"font-family: 'Times New Roman', serif\"><span style=\"font-size: medium\"><span style=\"color: #252525\"><span style=\"font-family: 'proxima-nova', sans-serif\"><span style=\"font-size: small\"><span lang=\"en\" xml_lang=\"en\">Reflektiraju\u0107i detalji pobolj\u0161avaju vidljivost voza\u010da<\/span><\/span><\/span><\/span><\/span><\/span><\/p>\n<p><span style=\"font-family: 'Times New Roman', serif\"><span style=\"font-size: medium\"><span style=\"color: #252525\"><span style=\"font-family: 'proxima-nova', sans-serif\"><span style=\"font-size: small\"><span lang=\"en\" xml_lang=\"en\">Udoban obrub od mikrovlakana na ovratniku i man\u017eetama<\/span><\/span><\/span><\/span><\/span><\/span><\/p>\n<p><span style=\"font-family: 'Times New Roman', serif\"><span style=\"font-size: medium\"><span style=\"color: #252525\"><span style=\"font-family: 'proxima-nova', sans-serif\"><span style=\"font-size: small\"><span lang=\"en\" xml_lang=\"en\">Vezeni logotipi za jedinstven izgled i dizajn<\/span><\/span><\/span><\/span><\/span><\/span><\/p>\n<p><span style=\"font-family: 'Times New Roman', serif\"><span style=\"font-size: medium\"><span style=\"color: #252525\"><span style=\"font-family: 'proxima-nova', sans-serif\"><span style=\"font-size: small\"><span lang=\"en\" xml_lang=\"en\">Prsni jastu\u010di\u0107 i navlaka za le\u0111a s PE podstavom (Alpinestars Nucleon prsni i le\u0111ni jastu\u010di\u0107i dostupni su kao dodatna oprema)<\/span><\/span><\/span><\/span><\/span><\/span><\/p>\n<p><span style=\"font-family: 'Times New Roman', serif\"><span style=\"font-size: medium\"><span style=\"color: #252525\"><span style=\"font-family: 'proxima-nova', sans-serif\"><span style=\"font-size: small\"><span lang=\"en\" xml_lang=\"en\">Vi\u0161enamjenski sustav za ugradnju Alpinestars Nucleon \u0161titnika za le\u0111a s certifikatom Level 2<\/span><\/span><\/span><\/span><\/span><\/span><\/p>\n<p><span style=\"font-family: 'Times New Roman', serif\"><span style=\"font-size: medium\"><span style=\"color: #252525\"><span style=\"font-family: 'proxima-nova', sans-serif\"><span style=\"font-size: small\"><span lang=\"en\" xml_lang=\"en\">Certificirani organski \u0161titnici za ramena i laktove<\/span><\/span><\/span><\/span><\/span><\/span><\/p>\n<p><span style=\"font-family: 'Times New Roman', serif\"><span style=\"font-size: medium\"><span style=\"color: #252525\"><span style=\"font-family: 'proxima-nova', sans-serif\"><span style=\"font-size: small\"><span lang=\"en\" xml_lang=\"en\">Novorazvijena za\u0161tita za ramena sadr\u017ei napredni TPU za\u0161titnik ugra\u0111en ispod vanjske tkanine za optimalnu za\u0161titu i udobnost<\/span><\/span><\/span><\/span><\/span><\/span><\/p>\n<p><span style=\"font-family: 'Times New Roman', serif\"><span style=\"font-size: medium\"><span style=\"color: #252525\"><span style=\"font-family: 'proxima-nova', sans-serif\"><span style=\"font-size: small\"><span lang=\"en\" xml_lang=\"en\">Ovaj odjevni predmet certificiran je u skladu s Direktivom 89\/686\/EEZ<\/span><\/span><\/span><\/span><\/span><\/span><\/p>\n<p><span style=\"color: #252525;font-family: 'proxima-nova', sans-serif;font-size: small\">Sastav sirovine: Ko\u017ea<\/span><\/p>\n","protected":false},"excerpt":{"rendered":"<p>Vrhunska ko\u017ea &#8211; izra\u0111ena od visokokvalitetne kravlje ko\u017ee debljine 1,3 mm Strate\u0161ki postavljeni rastezljivi umeci na&#8230;<\/p>\n","protected":false},"featured_media":11583,"comment_status":"open","ping_status":"open","template":"","meta":{"_acf_changed":false},"brand":[2748],"gender":[1313],"product_brand":[],"product_cat":[2759,1356,2761],"product_tag":[],"class_list":{"0":"post-145823","1":"product","2":"type-product","3":"status-publish","4":"has-post-thumbnail","6":"brand-alpinestars-hr","7":"gender-moski","8":"product_cat-jakne-hr","9":"product_cat-motociklisticka-oprema","10":"product_cat-tekstilne-jakne-hr","11":"pa_velikost-st-48-hr","12":"pa_velikost-st-50-hr","13":"pa_velikost-st-52-hr","14":"pa_velikost-st-54-hr","15":"pa_velikost-st-56-hr","16":"pa_velikost-st-58-hr","18":"first","19":"instock","20":"sale","21":"taxable","22":"shipping-taxable","23":"purchasable","24":"product-type-variable"},"acf":[],"_links":{"self":[{"href":"https:\/\/moto-oprema.com\/hr\/wp-json\/wp\/v2\/product\/145823","targetHints":{"allow":["GET"]}}],"collection":[{"href":"https:\/\/moto-oprema.com\/hr\/wp-json\/wp\/v2\/product"}],"about":[{"href":"https:\/\/moto-oprema.com\/hr\/wp-json\/wp\/v2\/types\/product"}],"replies":[{"embeddable":true,"href":"https:\/\/moto-oprema.com\/hr\/wp-json\/wp\/v2\/comments?post=145823"}],"wp:featuredmedia":[{"embeddable":true,"href":"https:\/\/moto-oprema.com\/hr\/wp-json\/wp\/v2\/media\/11583"}],"wp:attachment":[{"href":"https:\/\/moto-oprema.com\/hr\/wp-json\/wp\/v2\/media?parent=145823"}],"wp:term":[{"taxonomy":"brand","embeddable":true,"href":"https:\/\/moto-oprema.com\/hr\/wp-json\/wp\/v2\/brand?post=145823"},{"taxonomy":"gender","embeddable":true,"href":"https:\/\/moto-oprema.com\/hr\/wp-json\/wp\/v2\/gender?post=145823"},{"taxonomy":"product_brand","embeddable":true,"href":"https:\/\/moto-oprema.com\/hr\/wp-json\/wp\/v2\/product_brand?post=145823"},{"taxonomy":"product_cat","embeddable":true,"href":"https:\/\/moto-oprema.com\/hr\/wp-json\/wp\/v2\/product_cat?post=145823"},{"taxonomy":"product_tag","embeddable":true,"href":"https:\/\/moto-oprema.com\/hr\/wp-json\/wp\/v2\/product_tag?post=145823"}],"curies":[{"name":"wp","href":"https:\/\/api.w.org\/{rel}","templated":true}]}}