{"id":145769,"date":"2020-11-12T10:51:07","date_gmt":"2020-11-12T10:51:07","guid":{"rendered":"https:\/\/moto-oprema.com\/Artikel\/leatt-moto-4-5-lite-rukavice-2\/"},"modified":"2020-11-12T10:51:07","modified_gmt":"2020-11-12T10:51:07","slug":"leatt-moto-4-5-lite-rukavice-2","status":"publish","type":"product","link":"https:\/\/moto-oprema.com\/hr\/Artikel\/leatt-moto-4-5-lite-rukavice-2\/","title":{"rendered":"LEATT MOTO 4.5 LITE RUKAVICE"},"content":{"rendered":"<p>Optimalna za\u0161tita s visokokvalitetnim NANOGRIP materijalom (7500 puta tanji od ljudske dlake), prvoklasna za\u0161tita od udaraca za zglobove i nadlanicu, FormFit \u0161av za prste, rastezljivi materijal na nadlanici, CE odobrenje<\/p>\n<p>Sastav sirovine:<\/p>\n<p>100% poliester<\/p>\n","protected":false},"excerpt":{"rendered":"<p>Optimalna za\u0161tita s visokokvalitetnim NANOGRIP materijalom (7500 puta tanji od ljudske dlake), prvoklasna za\u0161tita od udaraca&#8230;<\/p>\n","protected":false},"featured_media":11418,"comment_status":"open","ping_status":"open","template":"","meta":{"_acf_changed":false},"brand":[2744],"gender":[2172],"product_brand":[],"product_cat":[2754,2733],"product_tag":[],"class_list":{"0":"post-145769","1":"product","2":"type-product","3":"status-publish","4":"has-post-thumbnail","6":"brand-leatt-hr","7":"gender-unisex-hr","8":"product_cat-mx-rukavice","9":"product_cat-oprema-za-motokros","10":"pa_velikost-st-l-hr","11":"pa_velikost-st-m-hr","12":"pa_velikost-st-s-hr","13":"pa_velikost-st-xl-hr","14":"pa_velikost-st-xxl-hr","16":"first","17":"onbackorder","18":"taxable","19":"shipping-taxable","20":"purchasable","21":"product-type-variable"},"acf":[],"_links":{"self":[{"href":"https:\/\/moto-oprema.com\/hr\/wp-json\/wp\/v2\/product\/145769","targetHints":{"allow":["GET"]}}],"collection":[{"href":"https:\/\/moto-oprema.com\/hr\/wp-json\/wp\/v2\/product"}],"about":[{"href":"https:\/\/moto-oprema.com\/hr\/wp-json\/wp\/v2\/types\/product"}],"replies":[{"embeddable":true,"href":"https:\/\/moto-oprema.com\/hr\/wp-json\/wp\/v2\/comments?post=145769"}],"wp:featuredmedia":[{"embeddable":true,"href":"https:\/\/moto-oprema.com\/hr\/wp-json\/wp\/v2\/media\/11418"}],"wp:attachment":[{"href":"https:\/\/moto-oprema.com\/hr\/wp-json\/wp\/v2\/media?parent=145769"}],"wp:term":[{"taxonomy":"brand","embeddable":true,"href":"https:\/\/moto-oprema.com\/hr\/wp-json\/wp\/v2\/brand?post=145769"},{"taxonomy":"gender","embeddable":true,"href":"https:\/\/moto-oprema.com\/hr\/wp-json\/wp\/v2\/gender?post=145769"},{"taxonomy":"product_brand","embeddable":true,"href":"https:\/\/moto-oprema.com\/hr\/wp-json\/wp\/v2\/product_brand?post=145769"},{"taxonomy":"product_cat","embeddable":true,"href":"https:\/\/moto-oprema.com\/hr\/wp-json\/wp\/v2\/product_cat?post=145769"},{"taxonomy":"product_tag","embeddable":true,"href":"https:\/\/moto-oprema.com\/hr\/wp-json\/wp\/v2\/product_tag?post=145769"}],"curies":[{"name":"wp","href":"https:\/\/api.w.org\/{rel}","templated":true}]}}