{"id":145698,"date":"2021-05-19T10:31:04","date_gmt":"2021-05-19T10:31:04","guid":{"rendered":"https:\/\/moto-oprema.com\/Artikel\/alpinestars-tech-3-crna\/"},"modified":"2021-05-19T10:31:04","modified_gmt":"2021-05-19T10:31:04","slug":"alpinestars-tech-3-crna","status":"publish","type":"product","link":"https:\/\/moto-oprema.com\/hr\/Artikel\/alpinestars-tech-3-crna\/","title":{"rendered":"ALPINESTARS TECH 3 CRNA"},"content":{"rendered":"<div class=\"ui-tabs-panel ui-widget-content ui-corner-bottom\" id=\"tab-product-description-original\">\n<div class=\"description\">\n<p><strong>Alpinestars Tech 3 motokros \u010dizme<\/strong><\/p>\n<p><span class=\"VIiyi\" xml_lang=\"sl\" lang=\"sl\"><span class=\"JLqJ4b ChMk0b\"><span>Najnoviji proboj u Techovoj premium ponudi motokros i off-road \u010dizama je anatomski dizajnirana \u010dizma koja nudi za\u0161titu i udobnost, integriraju\u0107i dokazane performanse Tech 3 tehnologije.<\/span><\/span> <span class=\"JLqJ4b ChMk0b\"><span>S izdr\u017eljivom, ali elasti\u010dnom strukturom, kao i brojnim za\u0161titnim zna\u010dajkama iznutra i izvana.<\/span><\/span><\/span><\/p>\n<p><strong>Zna\u010dajke:<\/strong><\/p>\n<ul>\n<li>Izra\u0111ena od laganih mikrovlakana za fleksibilnost, izdr\u017eljivost i otpornost na habanje.<\/li>\n<li>Prednji i stra\u017enji umetci od laganih mikrovlakana nude pobolj\u0161anu udobnost i fleksibilnost u klju\u010dnom podru\u010dju.<\/li>\n<li>Kapa od sinteti\u010dkog materijala.<\/li>\n<li>Napredna PU-sinteti\u010dka navlaka za brtvljenje protiv prekomjerne vode i prljav\u0161tine.<\/li>\n<li>Konturirani TPU \u0161titnik, TPU gornji \u0161titnik, TPU vanjska strana gle\u017enja i pete za pru\u017eanje potpore i otpornosti na udarce.<\/li>\n<li>Stra\u017enji TPR omota\u010d na gornjem dijelu TPU \u0161titnika za tele pru\u017ea za\u0161titu i udobnost u stra\u017enjem podru\u010dju fleksibilnosti.<\/li>\n<li>Ubrizgani TPU \u0161titnik za potkoljenicu spojen je s TPU medijalnim \u0161titnikom; gornji \u010di\u010dak zatvara\u010d, kao i TPR preklop za opse\u017eno pode\u0161avanje i potporu lista.<\/li>\n<li>Vi\u0161i za\u0161titnik medija izra\u0111en od TPU-a ima tehni\u010dku teksturu za pobolj\u0161ano prianjanje.<\/li>\n<li>Biomehani\u010dki medijalni lamelarni sustav pru\u017ea dobru prednju fleksibilnost, a istovremeno pru\u017ea potporu i za\u0161titu gle\u017enju.<\/li>\n<li>Ergonomska trostruka traka od TPU-a omogu\u0107uje glatku fleksibilnost prednjeg dijela od medijalnog \u0161titnika do strane bez ugro\u017eavanja raspona pokreta.<\/li>\n<li>Novi sustav zatvaranja koristi 3 polimerne kop\u010de s probojnim sustavom zatvaranja.<\/li>\n<li>Ovaj sustav uklju\u010duje mikro-podesivu \u010degrtaljku s memorijom i sustav brzog zatvaranja sa samoporavnavaju\u0107im dizajnom za jednostavno zatvaranje bez gre\u0161aka. Sve kop\u010de su zamjenjive. <\/li>\n<li>Jednodijelni ulo\u017eak od injektiranog TPU dvostrukog spoja oja\u010dan je metalnom osovinom iznutra i injektiranim oja\u010danjem za prste.<\/li>\n<li>Mekana pjena obavija gle\u017enjeve i listove te pru\u017ea udobnost i apsorpciju udaraca.<\/li>\n<li>Potpuna tekstilna podstava za pobolj\u0161anu razinu udobnosti i upravljanja vlagom.<\/li>\n<li>Zamjenjivi EVA ulo\u017eak s gornjom tekstilnom podstavom pru\u017ea potporu svodu stopala i udobnost.<\/li>\n<li>Alpinestarov jedinstveni potplat izra\u0111en od gumene smjese visokog prianjanja osigurava prianjanje i trakciju na razli\u010ditim povr\u0161inama te je dizajniran za kontrolu i osje\u0107aj na osloncima za noge. Potplat je zamjenjiv. <\/li>\n<\/ul>\n<\/div>\n<\/div>\n","protected":false},"excerpt":{"rendered":"<p>Alpinestars Tech 3 motokros \u010dizme Najnoviji proboj u Techovoj premium ponudi motokros i off-road \u010dizama je&#8230;<\/p>\n","protected":false},"featured_media":13079,"comment_status":"open","ping_status":"closed","template":"","meta":{"_acf_changed":false},"brand":[2748],"gender":[1313],"product_brand":[],"product_cat":[2900,2733],"product_tag":[],"class_list":{"0":"post-145698","1":"product","2":"type-product","3":"status-publish","4":"has-post-thumbnail","6":"brand-alpinestars-hr","7":"gender-moski","8":"product_cat-motokros-cizme","9":"product_cat-oprema-za-motokros","10":"pa_size-10445-hr","11":"pa_size-11455-hr","12":"pa_size-1247-hr","13":"pa_size-1348-hr","14":"pa_size-14495-hr","15":"pa_size-1551-hr","16":"pa_size-1652-hr","17":"pa_size-639-hr","18":"pa_size-7405-hr","19":"pa_size-842-hr","20":"pa_size-943-hr","22":"first","23":"instock","24":"taxable","25":"shipping-taxable","26":"purchasable","27":"product-type-variable"},"acf":[],"_links":{"self":[{"href":"https:\/\/moto-oprema.com\/hr\/wp-json\/wp\/v2\/product\/145698","targetHints":{"allow":["GET"]}}],"collection":[{"href":"https:\/\/moto-oprema.com\/hr\/wp-json\/wp\/v2\/product"}],"about":[{"href":"https:\/\/moto-oprema.com\/hr\/wp-json\/wp\/v2\/types\/product"}],"replies":[{"embeddable":true,"href":"https:\/\/moto-oprema.com\/hr\/wp-json\/wp\/v2\/comments?post=145698"}],"wp:featuredmedia":[{"embeddable":true,"href":"https:\/\/moto-oprema.com\/hr\/wp-json\/wp\/v2\/media\/13079"}],"wp:attachment":[{"href":"https:\/\/moto-oprema.com\/hr\/wp-json\/wp\/v2\/media?parent=145698"}],"wp:term":[{"taxonomy":"brand","embeddable":true,"href":"https:\/\/moto-oprema.com\/hr\/wp-json\/wp\/v2\/brand?post=145698"},{"taxonomy":"gender","embeddable":true,"href":"https:\/\/moto-oprema.com\/hr\/wp-json\/wp\/v2\/gender?post=145698"},{"taxonomy":"product_brand","embeddable":true,"href":"https:\/\/moto-oprema.com\/hr\/wp-json\/wp\/v2\/product_brand?post=145698"},{"taxonomy":"product_cat","embeddable":true,"href":"https:\/\/moto-oprema.com\/hr\/wp-json\/wp\/v2\/product_cat?post=145698"},{"taxonomy":"product_tag","embeddable":true,"href":"https:\/\/moto-oprema.com\/hr\/wp-json\/wp\/v2\/product_tag?post=145698"}],"curies":[{"name":"wp","href":"https:\/\/api.w.org\/{rel}","templated":true}]}}