{"id":145691,"date":"2021-05-19T10:11:58","date_gmt":"2021-05-19T10:11:58","guid":{"rendered":"https:\/\/moto-oprema.com\/Artikel\/alpinestars-tech-5-crna\/"},"modified":"2021-05-19T10:11:58","modified_gmt":"2021-05-19T10:11:58","slug":"alpinestars-tech-5-crna","status":"publish","type":"product","link":"https:\/\/moto-oprema.com\/hr\/Artikel\/alpinestars-tech-5-crna\/","title":{"rendered":"ALPINESTARS TECH 5 CRNA"},"content":{"rendered":"<div id=\"tab-product-description\" class=\"ui-tabs-panel ui-widget-content ui-corner-bottom\">\n<div class=\"description\"><span style=\"font-family:arial, helvetica, sans-serif;font-size:small;\">Alpinestars TECH 5 izra\u0111ene od visokokvalitetnog, izdr\u017eljivog materijala.<\/span><span style=\"font-size:small;\"><span style=\"font-family:arial, helvetica, sans-serif;\"> <\/p>\n<p><\/span><\/span><span style=\"font-family:arial, helvetica, sans-serif;font-size:small;\">Sastav sirovine:<br \/> &#8211; Gornji\u0161te: ko\u017ea i drugi materijal<br \/> &#8211; Podstava i ulo\u017eak: tekstilni materijal<br \/> &#8211; Potplat: guma  <\/span><\/p>\n<p><strong>Zna\u010dajke:<\/strong><\/p>\n<ul>\n<li>Gornji dio izra\u0111en od inovativne, otporne mikrovlakne sa sinteti\u010dkim polimerom na prednjem dijelu cipele. Glavni materijal od mikrovlakana nudi visoku razinu vodootpornosti, izdr\u017eljivosti i pobolj\u0161ane u\u0161tede te\u017eine. Materijal osigurava dosljedno pristajanje za dugotrajnu upotrebu te se lako odr\u017eava i \u010disti.  <\/li>\n<li>Redizajnirane fleksibilne zone na risu stopala i Ahilovoj steznici izra\u0111ene od laganih mikrovlakana za vrhunsku udobnost, kontrolu i potporu.<\/li>\n<li>Konturirana napredna struktura polimerne jezgre obavija gornji dio \u010dizme za strukturni integritet i otpornost na habanje, a istovremeno omogu\u0107uje izvrsnu razinu kontrolirane fleksibilnosti.<\/li>\n<li>Anatomski profilirana plo\u010da za potkoljenicu od visokomodularnog polimera za vrhunsku otpornost na udarce i habanje. Konturirana plo\u010da za potkoljenicu omogu\u0107uje ve\u0107i raspon prilagodbe i ima podesivu plo\u010du s \u010di\u010dkom za personalizirano i sigurno zatvaranje. <\/li>\n<li>Medijalno okrenut biomehani\u010dki pivot sustav povezuje donji i gornji dio \u010dizme te pru\u017ea prednju i stra\u017enju fleksibilnost i strukturnu potporu. I gornji i donji paneli okrenuti prema unutra izra\u0111eni su od posebno formuliranog polimera s uzorkom skulpture prianjanja za maksimalan kontakt s biciklom i pobolj\u0161anu otpornost na habanje. <\/li>\n<li>Stra\u017enja TPR za\u0161tita na vrhu TPU \u0161titnika za list pru\u017ea za\u0161titu i udobnost.<\/li>\n<li>Inovativni sustav zatvaranja kop\u010dom uklju\u010duje ru\u010dke kop\u010de od polimera i stakloplastike te mostne zatvara\u010de od visokootpornog aluminija za izdr\u017eljivost i u\u0161tedu te\u017eine.<\/li>\n<li>Sustav kop\u010di ima memoriju i sustav brzog otpu\u0161tanja\/zaklju\u010davanja sa samoporavnavaju\u0107im dizajnom za jednostavno i precizno zatvaranje te pobolj\u0161ane performanse i sigurnost vo\u017enje. Sve kop\u010de se lako mogu zamijeniti. <\/li>\n<li>Remeni s TPU kop\u010dom su ergonomski profilirani kako bi potaknuli visoku razinu prednje fleksije.<\/li>\n<li>Inovativna jednodijelna TPU ubrizgana dvostruka smjesa za stopalo s izvrsnom otporno\u0161\u0107u na udarce i habanje te neusporedivom razinom sigurnosti. Ova je \u0161koljka oja\u010dana metalnim dr\u0161kom iznutra i oja\u010danjem za prste koji je istovremeno ubrizgan u tvr\u0111i spoj. <\/li>\n<li>Ekskluzivni dvostruki slo\u017eeni potplat besprijekorno je integriran u strukturu baze stopala vi\u0161e gusto\u0107e s ugra\u0111enom potporom. Potplat nudi vrhunsku izdr\u017eljivost, prianjanje i osje\u0107aj tijekom vo\u017enje. Potplat je zamjenjiv.  <\/li>\n<li>TPU zakrpa za petu povezana sa \u0161koljkom i bo\u010dnim\/medijalnim TPU dijelovima nudi za\u0161titu i potporu.<\/li>\n<li>Mekana polipjena oko gle\u017enjeva i ovratnika nudi apsorpciju udaraca, plus potpuna unutarnja tekstilna podstava za udobnost.<\/li>\n<li>Zamjenjivi anatomski EVA ulo\u017eak s tekstilnom podstavom na vrhu.<\/li>\n<\/ul>\n<\/div>\n<\/div>\n","protected":false},"excerpt":{"rendered":"<p>Boja: Crna<\/p>\n","protected":false},"featured_media":13072,"comment_status":"open","ping_status":"open","template":"","meta":{"_acf_changed":false},"brand":[2748],"gender":[1313],"product_brand":[],"product_cat":[2900,2733],"product_tag":[],"class_list":{"0":"post-145691","1":"product","2":"type-product","3":"status-publish","4":"has-post-thumbnail","6":"brand-alpinestars-hr","7":"gender-moski","8":"product_cat-motokros-cizme","9":"product_cat-oprema-za-motokros","10":"pa_size-10445-hr","11":"pa_size-11455-hr","12":"pa_size-1247-hr","13":"pa_size-842-hr","14":"pa_size-943-hr","16":"first","17":"onbackorder","18":"sale","19":"taxable","20":"shipping-taxable","21":"purchasable","22":"product-type-variable"},"acf":[],"_links":{"self":[{"href":"https:\/\/moto-oprema.com\/hr\/wp-json\/wp\/v2\/product\/145691","targetHints":{"allow":["GET"]}}],"collection":[{"href":"https:\/\/moto-oprema.com\/hr\/wp-json\/wp\/v2\/product"}],"about":[{"href":"https:\/\/moto-oprema.com\/hr\/wp-json\/wp\/v2\/types\/product"}],"replies":[{"embeddable":true,"href":"https:\/\/moto-oprema.com\/hr\/wp-json\/wp\/v2\/comments?post=145691"}],"wp:featuredmedia":[{"embeddable":true,"href":"https:\/\/moto-oprema.com\/hr\/wp-json\/wp\/v2\/media\/13072"}],"wp:attachment":[{"href":"https:\/\/moto-oprema.com\/hr\/wp-json\/wp\/v2\/media?parent=145691"}],"wp:term":[{"taxonomy":"brand","embeddable":true,"href":"https:\/\/moto-oprema.com\/hr\/wp-json\/wp\/v2\/brand?post=145691"},{"taxonomy":"gender","embeddable":true,"href":"https:\/\/moto-oprema.com\/hr\/wp-json\/wp\/v2\/gender?post=145691"},{"taxonomy":"product_brand","embeddable":true,"href":"https:\/\/moto-oprema.com\/hr\/wp-json\/wp\/v2\/product_brand?post=145691"},{"taxonomy":"product_cat","embeddable":true,"href":"https:\/\/moto-oprema.com\/hr\/wp-json\/wp\/v2\/product_cat?post=145691"},{"taxonomy":"product_tag","embeddable":true,"href":"https:\/\/moto-oprema.com\/hr\/wp-json\/wp\/v2\/product_tag?post=145691"}],"curies":[{"name":"wp","href":"https:\/\/api.w.org\/{rel}","templated":true}]}}