{"id":145564,"date":"2023-09-13T07:04:38","date_gmt":"2023-09-13T07:04:38","guid":{"rendered":"https:\/\/moto-oprema.com\/Artikel\/shoei-slr3-sena-komunikacijska-mreza\/"},"modified":"2023-09-13T07:04:38","modified_gmt":"2023-09-13T07:04:38","slug":"shoei-slr3-sena-komunikacijska-mreza","status":"publish","type":"product","link":"https:\/\/moto-oprema.com\/hr\/Artikel\/shoei-slr3-sena-komunikacijska-mreza\/","title":{"rendered":"SHOEI SLR3 SENA KOMUNIKACIJSKA MRE\u017dA"},"content":{"rendered":"<p>Shoei Sena SRL3 Bluetooth komunikacijski sustav za jednu kacigu<\/p>\n<p>Bogat zvuk, opse\u017ene funkcije, savr\u0161ena integracija u \u0161koljku kacige zahvaljuju\u0107i minimalnoj veli\u010dini ure\u0111aja. Komunikacijski sustav SRL3 tvrtke Sena\u00ae pru\u017ea najbolju zabavu i a\u017eurne informacije tijekom vo\u017enje te je vizualno ugodno diskretan. SRL3 je posebno razvijen za ugradnju u unutarnje udubine kaciga Shoei Neotec 3 i Shoei GT-Air 3. Nakon ugradnje, kompaktna SRL3 jedinica prakti\u010dki je nevidljiva izvana. Na lijevoj strani SR3 nalazi se kontroler s tri tipke, dok se na desnoj strani nalazi tipka Mesh Intercom\u2122 koja omogu\u0107uje povezivanje jednim dodirom.    <\/p>\n<p>Zna\u010dajke:<\/p>\n<p>Bluetooth\u00ae veza s navigacijskim ure\u0111ajem, mobilnim telefonom ili drugim ure\u0111ajima<br \/>\n FM radio prijem<br \/>\n HD zvu\u010dnici s vrhunskim Harman\/Kardon\u00ae zvu\u010dnim sustavom<br \/>\n Audio ekvilajzer za individualno pode\u0161avanje zvuka<br \/>\n Bolja komunikacija smanjenjem dosadne buke uz pomo\u0107 napredne kontrole buke\u00ae<br \/>\n Glasovno upravljanje na 8 jezika<br \/>\n Podr\u0161ka za Siri i Google Voice<br \/>\n Multitasking zvuka<br \/>\n Bluetooth 5.0 za visoku kompatibilnost<br \/>\n 4-smjerni Bluetooth\u00ae interfon<\/p>\n<p>Tehni\u010dki podaci:<\/p>\n<p>Mesh interkom s Group Mesh\u00ae-om: 24 sudionika u grupi ili Open Mesh za prakti\u010dki neograni\u010den broj sudionika u grupi<br \/>\n Bluetooth\u00ae interkom: 4 sudionika u grupi<br \/>\n Radni domet Mesh\u00ae-a: do 2 km, pro\u0161irivo do 8 km (s najmanje 6 \u010dlanova grupe)<br \/>\n Radni domet Bluetooth\u00ae-a: do 1,2 km<br \/>\n Vrijeme razgovora: do 8 sati<br \/>\n Napredna kontrola buke\u2122<\/p>\n<p>Kompatibilnost:<\/p>\n<p>Shoei Neotec 3<br \/>\n Shoei GT Air 3<\/p>\n<p>Napomena proizvo\u0111a\u010da: SRL3 s mre\u017enom funkcijom mo\u017ee se jednostavno i brzo umetnuti u COMLINK su\u010delje modela kaciga Shoei Neotec 3 i GT-Air 3.<\/p>\n<p>Uklju\u010deno:<\/p>\n<p>1 x Shoei Sena SRL3 glavna jedinica<br \/>\n 1 x \u017ei\u010dni mikrofon za kacige koje se preklapaju<br \/>\n 1 x \u017ei\u010dni mikrofon za kacige s punim licem<br \/>\n 1 par mikrofonskih nastavaka za \u017ei\u010dani mikrofon na stalku<br \/>\n 1 x nosa\u010d za mikrofon<br \/>\n 1 x WiFi adapter<\/p>\n","protected":false},"excerpt":{"rendered":"<p>Sena SRL3 Bluetooth komunikacijski sustav za Shoei GT-Air 3 \/ Neotec 3<\/p>\n","protected":false},"featured_media":22122,"comment_status":"open","ping_status":"open","template":"","meta":{"_acf_changed":false},"brand":[2765],"gender":[],"product_brand":[],"product_cat":[1358,2757,1356],"product_tag":[],"class_list":{"0":"post-145564","1":"product","2":"type-product","3":"status-publish","4":"has-post-thumbnail","6":"brand-shoei-hr","7":"product_cat-kacige","8":"product_cat-komunikacije-hr","9":"product_cat-motociklisticka-oprema","11":"first","12":"instock","13":"taxable","14":"shipping-taxable","15":"purchasable","16":"product-type-simple"},"acf":[],"_links":{"self":[{"href":"https:\/\/moto-oprema.com\/hr\/wp-json\/wp\/v2\/product\/145564","targetHints":{"allow":["GET"]}}],"collection":[{"href":"https:\/\/moto-oprema.com\/hr\/wp-json\/wp\/v2\/product"}],"about":[{"href":"https:\/\/moto-oprema.com\/hr\/wp-json\/wp\/v2\/types\/product"}],"replies":[{"embeddable":true,"href":"https:\/\/moto-oprema.com\/hr\/wp-json\/wp\/v2\/comments?post=145564"}],"wp:featuredmedia":[{"embeddable":true,"href":"https:\/\/moto-oprema.com\/hr\/wp-json\/wp\/v2\/media\/22122"}],"wp:attachment":[{"href":"https:\/\/moto-oprema.com\/hr\/wp-json\/wp\/v2\/media?parent=145564"}],"wp:term":[{"taxonomy":"brand","embeddable":true,"href":"https:\/\/moto-oprema.com\/hr\/wp-json\/wp\/v2\/brand?post=145564"},{"taxonomy":"gender","embeddable":true,"href":"https:\/\/moto-oprema.com\/hr\/wp-json\/wp\/v2\/gender?post=145564"},{"taxonomy":"product_brand","embeddable":true,"href":"https:\/\/moto-oprema.com\/hr\/wp-json\/wp\/v2\/product_brand?post=145564"},{"taxonomy":"product_cat","embeddable":true,"href":"https:\/\/moto-oprema.com\/hr\/wp-json\/wp\/v2\/product_cat?post=145564"},{"taxonomy":"product_tag","embeddable":true,"href":"https:\/\/moto-oprema.com\/hr\/wp-json\/wp\/v2\/product_tag?post=145564"}],"curies":[{"name":"wp","href":"https:\/\/api.w.org\/{rel}","templated":true}]}}