{"id":145478,"date":"2023-09-25T10:12:22","date_gmt":"2023-09-25T10:12:22","guid":{"rendered":"https:\/\/moto-oprema.com\/Artikel\/alpinestars-gp-plus-v4-kozna-jakna-crna-crvena\/"},"modified":"2023-09-25T10:12:22","modified_gmt":"2023-09-25T10:12:22","slug":"alpinestars-gp-plus-v4-kozna-jakna-crna-crvena","status":"publish","type":"product","link":"https:\/\/moto-oprema.com\/hr\/Artikel\/alpinestars-gp-plus-v4-kozna-jakna-crna-crvena\/","title":{"rendered":"ALPINESTARS GP PLUS V4 KO\u017dNA JAKNA CRNA CRVENA"},"content":{"rendered":"<p>GP Plus V4 trka\u0107a ko\u017ena jakna vi\u0161e je od pukog razvoja svjetski poznate V3 jakne, to je potpuna revolucija. S revidiranom siluetom, pobolj\u0161anim odabirom materijala, novim, a\u017euriranim izgledom s profinjenim detaljima i manjom ukupnom te\u017einom, GP Plus V4 jakna je odli\u010dan izbor. Tri glavne inovacije u GP Plus V4 su kori\u0161tenje A-CS\u2122 Plus rastezljivog materijala, pro\u0161ireni GP-R Lite jastu\u010di\u0107i za laktove i nova, a\u017eurirana grafika. A-CS\u2122 Plus Stretch je Alpinestarsov kompozitni rastezljivi materijal, koji se nalazi u velikim bo\u010dnim panelima jakne. Tehnologija materijala izvedena iz MotoGP-a, A-CS\u2122 Plus Stretch nudi pove\u0107anu rastezljivost, visoku otpornost na habanje, ve\u0107u otpornost na kidanje od ko\u017ee, kao i ni\u017ei profil i ukupnu te\u017einu &#8211; sve va\u017ene zna\u010dajke koje voza\u010di zahtijevaju kada je u pitanju pove\u0107ana udobnost i performanse. Konstrukcija \u0161asije GP Plus V4 nadopunjena je mje\u0161avinom trka\u0107e i obi\u010dne kravlje ko\u017ee s tehni\u010dkim rastezljivim materijalom na prsima, ramenima, vratu i unutarnjim dijelovima ruku. Ispod se nalaze vanjski kliza\u010di DFS Dynamic Friction Shield s Nucleon Flex Plus CE Level 1 oklopom. Unutra, jakna ima odvojivi termo prsluk od 80 grama i duge otvore za protok zraka na trbuhu za ventilaciju i kontrolu klime.       <\/p>\n<p>Spremno za Tech-Air\u00ae.<br \/>\nKo\u017ena jakna za trka\u0107e sportove, revolucija postoje\u0107eg GP Plus V3 modela.<br \/>\nPobolj\u0161ani odabir materijala uz manju te\u017einu.<br \/>\nModernizirani izgled sa sofisticiranim detaljima.<br \/>\nA-CS\u2122 Plus rastezljivi ulo\u017eak, izveden iz utrka, pru\u017ea ve\u0107u fleksibilnost i pobolj\u0161anu slobodu kretanja.<br \/>\nA-CS\u2122 Plus nudi visoku otpornost na habanje i kidanje, kao i visoku prozra\u010dnost te manju te\u017einu i profil od ko\u017enih harmonika panela.<br \/>\nDFS komplet za ramena s Nucleon Flex Plus \u0161titnikom za ramena pru\u017ea za\u0161titu od udaraca i udobnost kretanja.<br \/>\nPro\u0161irena za\u0161tita laktova i prethodno zakrivljeni trka\u0107i kroj GP-R Lite kacige pru\u017eaju za\u0161titu od udara i prirodnu udobnost u prethodno zakrivljenom polo\u017eaju vo\u017enje.<br \/>\nUklonjivi termalni prsluk od 80 g i dugi otvori za direktno otvaranje za kontrolu klime.<br \/>\nU skladu s europskim zakonodavstvom, oznaka CE uvjet je sukladnosti za stavljanje ovog proizvoda na tr\u017ei\u0161te. Za ovaj proizvod primjenjuju se sljede\u0107i standardi:<br \/>\n CE certifikat, kategorija II EN 17092-3:2020 klasa AA.<br \/>\n CE razina 1, kategorija II EN 1621-1:2012 Nucleon Flex Plus \u0161titnik za ramena.<br \/>\n CE razina 1, kategorija II EN 1621-1:2012 GP-R Lite \u0161titnici za laktove.<\/p>\n","protected":false},"excerpt":{"rendered":"<p>Boja: crno-fluorescentno crvena<\/p>\n","protected":false},"featured_media":22610,"comment_status":"open","ping_status":"open","template":"","meta":{"_acf_changed":false},"brand":[2748],"gender":[],"product_brand":[],"product_cat":[2759,2915,1356],"product_tag":[],"class_list":{"0":"post-145478","1":"product","2":"type-product","3":"status-publish","4":"has-post-thumbnail","6":"brand-alpinestars-hr","7":"product_cat-jakne-hr","8":"product_cat-kozne-jakne","9":"product_cat-motociklisticka-oprema","10":"pa_size-48-hr","11":"pa_size-50-hr","12":"pa_size-52-hr","13":"pa_size-54-hr","14":"pa_size-56-hr","15":"pa_size-58-hr","16":"pa_size-60-hr","18":"first","19":"instock","20":"taxable","21":"shipping-taxable","22":"purchasable","23":"product-type-variable"},"acf":[],"_links":{"self":[{"href":"https:\/\/moto-oprema.com\/hr\/wp-json\/wp\/v2\/product\/145478","targetHints":{"allow":["GET"]}}],"collection":[{"href":"https:\/\/moto-oprema.com\/hr\/wp-json\/wp\/v2\/product"}],"about":[{"href":"https:\/\/moto-oprema.com\/hr\/wp-json\/wp\/v2\/types\/product"}],"replies":[{"embeddable":true,"href":"https:\/\/moto-oprema.com\/hr\/wp-json\/wp\/v2\/comments?post=145478"}],"wp:featuredmedia":[{"embeddable":true,"href":"https:\/\/moto-oprema.com\/hr\/wp-json\/wp\/v2\/media\/22610"}],"wp:attachment":[{"href":"https:\/\/moto-oprema.com\/hr\/wp-json\/wp\/v2\/media?parent=145478"}],"wp:term":[{"taxonomy":"brand","embeddable":true,"href":"https:\/\/moto-oprema.com\/hr\/wp-json\/wp\/v2\/brand?post=145478"},{"taxonomy":"gender","embeddable":true,"href":"https:\/\/moto-oprema.com\/hr\/wp-json\/wp\/v2\/gender?post=145478"},{"taxonomy":"product_brand","embeddable":true,"href":"https:\/\/moto-oprema.com\/hr\/wp-json\/wp\/v2\/product_brand?post=145478"},{"taxonomy":"product_cat","embeddable":true,"href":"https:\/\/moto-oprema.com\/hr\/wp-json\/wp\/v2\/product_cat?post=145478"},{"taxonomy":"product_tag","embeddable":true,"href":"https:\/\/moto-oprema.com\/hr\/wp-json\/wp\/v2\/product_tag?post=145478"}],"curies":[{"name":"wp","href":"https:\/\/api.w.org\/{rel}","templated":true}]}}