{"id":145440,"date":"2023-09-25T08:13:32","date_gmt":"2023-09-25T08:13:32","guid":{"rendered":"https:\/\/moto-oprema.com\/Artikel\/alpinestars-t-gp-r-v3-drystar-jakna-crna\/"},"modified":"2023-09-25T08:13:32","modified_gmt":"2023-09-25T08:13:32","slug":"alpinestars-t-gp-r-v3-drystar-jakna-crna","status":"publish","type":"product","link":"https:\/\/moto-oprema.com\/hr\/Artikel\/alpinestars-t-gp-r-v3-drystar-jakna-crna\/","title":{"rendered":"ALPINESTARS T-GP R V3 DRYSTAR JAKNA CRNA"},"content":{"rendered":"<p>Jakna T-GP R V3 Drystar\u00ae je vodootporna, sportska tekstilna jakna preuzeta s trka\u0107ih podru\u010dja, izra\u0111ena od naprednih rastezljivih materijala, s prilago\u0111enom 3D sportskom siluetom i sofisticiranim detaljima. Silueta ima novi uzorak koji jakni daje izgled prave ko\u017ene jakne, uz produ\u017eenu za\u0161titu laktova dokazanu na trka\u0107im podru\u010djima. Jakna nudi neusporedivu udobnost i slobodu kretanja zahvaljuju\u0107i opse\u017enoj upotrebi rastezljivih materijala. Vi\u0161e od polovice jakne izra\u0111eno je od strate\u0161ki postavljenih tehni\u010dkih rastezljivih i rastezljivih softshell materijala, a ostatak je izra\u0111en od mje\u0161avine 450D i 600D poli tkanine za oja\u010danje. Kada<br \/>\n Kad je rije\u010d o za\u0161titi, vanjski kliza\u010di DFS i oklop Nucleon Flex Plus Level 1 \u0161tite ramena voza\u010da s pobolj\u0161anim oklopom GP-R Lite na laktovima i podlakticama. Lagana i vodootporna T-GP R V3 Drystar\u00ae jakna nudi prozra\u010dne performanse sa svestranim upravljanjem klimom. Za dodatnu regulaciju temperature, jakna ima uklonjivu rastezljivu termalnu podstavu s mje\u0161avinom 100g PrimaLoft\u00ae izolacije na trupu i 80g izolacije na rukama, koja je kombinirana s otvorima za ventilaciju s patentnim zatvara\u010dem s izravnim otvaranjem na voza\u010du i skrivenim bo\u010dnim stranama. Laserska perforacija djeluje na le\u0111ima voza\u010da. Uklonjiva termalna jakna tako\u0111er ima optimalno novo zatvaranje zape\u0161\u0107a s 360-stupanjskim \u010di\u010dak sustavom i mekim velurom na unutarnjem zape\u0161\u0107u.<br \/>\n Tekstilna jakna za trka\u0107e sportove s 3D krojenom sportskom siluetom i moderniziranim izgledom.        <\/p>\n<p>Napredni rastezljivi materijali poput tech stretch i stretch softshella pru\u017eaju ve\u0107u fleksibilnost, slobodu kretanja i vrhunsku udobnost.<br \/>\nKomplet za ramena Dynamic Friction Shield (DFS) s Nucleon Flex Plus \u0161titnikom za ramena za za\u0161titu od udara, kontrolu trenja i udobnost kretanja.<br \/>\nGP-R Lite produ\u017eena za\u0161tita laktova i podlaktica s prethodno zakrivljenim 3D trka\u0107im pristajanjem pru\u017ea produ\u017eenu za\u0161titu od udara<br \/>\n i prirodnu, unaprijed osmi\u0161ljenu udobnost voza\u010dkog polo\u017eaja.<br \/>\nVodootporna i prozra\u010dna Drystar\u00ae membrana odr\u017eava voza\u010da suhim i pru\u017ea pobolj\u0161anu prozra\u010dnost.<br \/>\nIzravno otvaranje ventilacijskih otvora sa strane jakne osigurava optimalnu cirkulaciju zraka kada je otvorena i ukupnu kontrolu klime.<br \/>\nIzravna ventilacija s laserski perforiranim otvorom na stra\u017enjoj strani za kontrolu klime.<br \/>\nNovi optimalni sloj tehnologije zape\u0161\u0107a s 360\u00b0 \u010di\u010dak sustavom oko zape\u0161\u0107a, termalni sloj s unutarnjim dijelom zape\u0161\u0107a<br \/>\n Izra\u0111ene od mekog velura i s rastezljivim umetkom na man\u017eetama za udobnost.<br \/>\nUklonjiva termalna jakna izra\u0111ena od 60% recikliranog PrimaLoft\u00ae 100g izolira od hladno\u0107e.<br \/>\nPrsni jastu\u010di\u0107i i le\u0111ni pretinci dizajnirani su za smje\u0161taj Nucleon prsne torbe i dostupni su u standardnim veli\u010dinama i duljinama.<br \/>\nUmetci za za\u0161titu le\u0111a (dostupni kao dodatna nadogradnja).<br \/>\nRavna konstrukcija ovratnika s 3D teksturiranom udobnom mikrovlaknastom tkaninom na podstavi ovratnika i man\u017eetama.<br \/>\nDva d\u017eepa za ruke s patentnim zatvara\u010dem i vodootporni unutarnji prednji d\u017eep.<br \/>\nPatentni zatvara\u010d na remenu omogu\u0107uje pri\u010dvr\u0161\u0107ivanje na Alpinestars hla\u010de.<br \/>\nOtisnuti logotipi i reflektiraju\u0107i detalji.<br \/>\nPrema europskom zakonodavstvu, oznaka CE uvjet je sukladnosti za stavljanje ovog proizvoda na tr\u017ei\u0161te.<br \/>\n Za ovaj proizvod primjenjuju se sljede\u0107i standardi:<br \/>\n CE certifikat, kategorija II EN 17092-4:2020 klasa A.<br \/>\n CE razina 1, kategorija II EN 1621-1:2012 Nucleon Flex Plus \u0161titnik za ramena.<br \/>\n CE razina 1, kategorija II EN 1621-1:2012 GP-R Lite \u0161titnici za laktove.<br \/>\n PrimaLoft\u00ae je registrirani za\u0161titni znak tvrtke PrimaLoft, Inc. <\/p>\n<p>&nbsp;<\/p>\n","protected":false},"excerpt":{"rendered":"<p>Alpinestars T-GP R V3 Drystar jakna Boja: Crna &nbsp;<\/p>\n","protected":false},"featured_media":22582,"comment_status":"open","ping_status":"open","template":"","meta":{"_acf_changed":false},"brand":[2748],"gender":[],"product_brand":[],"product_cat":[2759,1356,2761],"product_tag":[],"class_list":{"0":"post-145440","1":"product","2":"type-product","3":"status-publish","4":"has-post-thumbnail","6":"brand-alpinestars-hr","7":"product_cat-jakne-hr","8":"product_cat-motociklisticka-oprema","9":"product_cat-tekstilne-jakne-hr","10":"pa_size-l-hr","11":"pa_size-m-hr","12":"pa_size-s-hr","13":"pa_size-xl-hr","14":"pa_size-xxl-hr","15":"pa_size-xxxl-hr","17":"first","18":"instock","19":"taxable","20":"shipping-taxable","21":"purchasable","22":"product-type-variable"},"acf":[],"_links":{"self":[{"href":"https:\/\/moto-oprema.com\/hr\/wp-json\/wp\/v2\/product\/145440","targetHints":{"allow":["GET"]}}],"collection":[{"href":"https:\/\/moto-oprema.com\/hr\/wp-json\/wp\/v2\/product"}],"about":[{"href":"https:\/\/moto-oprema.com\/hr\/wp-json\/wp\/v2\/types\/product"}],"replies":[{"embeddable":true,"href":"https:\/\/moto-oprema.com\/hr\/wp-json\/wp\/v2\/comments?post=145440"}],"wp:featuredmedia":[{"embeddable":true,"href":"https:\/\/moto-oprema.com\/hr\/wp-json\/wp\/v2\/media\/22582"}],"wp:attachment":[{"href":"https:\/\/moto-oprema.com\/hr\/wp-json\/wp\/v2\/media?parent=145440"}],"wp:term":[{"taxonomy":"brand","embeddable":true,"href":"https:\/\/moto-oprema.com\/hr\/wp-json\/wp\/v2\/brand?post=145440"},{"taxonomy":"gender","embeddable":true,"href":"https:\/\/moto-oprema.com\/hr\/wp-json\/wp\/v2\/gender?post=145440"},{"taxonomy":"product_brand","embeddable":true,"href":"https:\/\/moto-oprema.com\/hr\/wp-json\/wp\/v2\/product_brand?post=145440"},{"taxonomy":"product_cat","embeddable":true,"href":"https:\/\/moto-oprema.com\/hr\/wp-json\/wp\/v2\/product_cat?post=145440"},{"taxonomy":"product_tag","embeddable":true,"href":"https:\/\/moto-oprema.com\/hr\/wp-json\/wp\/v2\/product_tag?post=145440"}],"curies":[{"name":"wp","href":"https:\/\/api.w.org\/{rel}","templated":true}]}}