{"id":145423,"date":"2023-09-26T08:29:13","date_gmt":"2023-09-26T08:29:13","guid":{"rendered":"https:\/\/moto-oprema.com\/Artikel\/alpinestars-t-sp-1-v2-wp-jakna-crno-bijela\/"},"modified":"2023-09-26T08:29:13","modified_gmt":"2023-09-26T08:29:13","slug":"alpinestars-t-sp-1-v2-wp-jakna-crno-bijela","status":"publish","type":"product","link":"https:\/\/moto-oprema.com\/hr\/Artikel\/alpinestars-t-sp-1-v2-wp-jakna-crno-bijela\/","title":{"rendered":"ALPINESTARS T-SP 1 V2 WP JAKNA CRNO-BIJELA"},"content":{"rendered":"<p>Vodootporna jakna Alpinestars T-SP 1 V2 nudi sportski izgled tekstila u svim vremenskim uvjetima. T-SP 1 V2 WP ima krojenu 3D sportsku siluetu s pobolj\u0161anim odabirom rastezljivog materijala i a\u017euriranim izgledom sa sublimiranom grafikom i sofisticiranim detaljima. Izra\u0111ena od 600D slojevite glavne tkanine s rastezljivim softshellom na unutarnjim rukavima i le\u0111ima.<br \/>\n Otpornost na habanje i pove\u0107ana fleksibilnost osiguravaju optimalnu slobodu kretanja. \u0160to se ti\u010de za\u0161tite, vodootporna jakna T-SP 1 V2 ima DFS Lite kliza\u010de na ramenima s unutarnjom certificiranom Nucleon Flex Plus CE za\u0161titom laktova i ramena razine 1. Uz vodootpornu membranu i uklonjivu toplinsku podstavu sa 100 g izolacije na trupu, 80 g izolacije na rukama i<br \/>\n T-SP 1 V2 je izra\u0111en od laganog \u017eerseja na klju\u010dnim podru\u010djima za udobnost i ima ventilaciju s patentnim zatvara\u010dem za prozra\u010dnost.    <\/p>\n<p>Spremno za Tech-Air\u00ae.<br \/>\nSportska tekstilna jakna za sve vremenske uvjete s 3D krojenom sportskom siluetom.<br \/>\nPobolj\u0161ani izbor rastezljivog materijala pru\u017ea osvje\u017een izgled, uz sublimiranu grafiku i sofisticirane detalje.<br \/>\nVi\u0161ematerijalna konstrukcija ljuske s materijalom otpornim na abraziju na strate\u0161kim podru\u010djima.<br \/>\nVodootporna membrana koja vas odr\u017eava suhima.<br \/>\nUklonjivi termalni prsluk, optimiziran za udobnost, osigurava kontrolu klime.<br \/>\nRastezljivi softshell ulo\u0161ci za ve\u0107u fleksibilnost, slobodu kretanja i udobnost na biciklu.<br \/>\nUnaprijed oblikovana konstrukcija rukava smanjuje umor.<br \/>\nPode\u0161avanje \u010di\u010dkom u pojasu za bolje pristajanje tijekom vo\u017enje.<br \/>\nPatentni zatvara\u010d na remenu omogu\u0107uje pri\u010dvr\u0161\u0107ivanje na Alpinestars hla\u010de.<br \/>\nRavna konstrukcija ovratnika s 3D teksturiranom udobnom tkaninom na unutarnjoj podstavi ovratnika.<br \/>\nPrsni jastu\u010di\u0107i i le\u0111ni pretinci prihva\u0107aju Nucleon ulo\u0161ke za prsa i le\u0111a (dostupni kao dodatna oprema).<br \/>\nNadogradnja).<br \/>\nDva d\u017eepa za ruke s patentnim zatvara\u010dem i vodootporni unutarnji prednji d\u017eep.<br \/>\nDFS Lite komplet za ramena s Nucleon Flex Plus za\u0161titom za ramena i laktove za za\u0161titu od udaraca i udobnost kretanja<br \/>\n Vezeni logotipi.<br \/>\nReflektiraju\u0107i detalji.<br \/>\nPrema europskom zakonodavstvu, oznaka CE uvjet je sukladnosti za stavljanje ovog proizvoda na tr\u017ei\u0161te.<br \/>\n Za ovaj proizvod primjenjuju se sljede\u0107i standardi:<br \/>\n CE certifikat, kategorija II EN 17092-4:2020 klasa A.<br \/>\n CE razina 2 EN 1621-2:2014 Alpinestars Nucleon \u0161titnik za le\u0111a, dostupan kao nadogradnja.<br \/>\n CE razina 1 EN 1621-1:2012 Alpinestars Nucleon Flex Plus \u0161titnici za ramena i laktove.<\/p>\n","protected":false},"excerpt":{"rendered":"<p>Alpinestars T-SP-1 V2 vodootporna jakna Boja: Crno-bijela<\/p>\n","protected":false},"featured_media":22639,"comment_status":"open","ping_status":"open","template":"","meta":{"_acf_changed":false},"brand":[2748],"gender":[],"product_brand":[],"product_cat":[2759,1356,2761],"product_tag":[],"class_list":{"0":"post-145423","1":"product","2":"type-product","3":"status-publish","4":"has-post-thumbnail","6":"brand-alpinestars-hr","7":"product_cat-jakne-hr","8":"product_cat-motociklisticka-oprema","9":"product_cat-tekstilne-jakne-hr","10":"pa_size-l-hr","11":"pa_size-m-hr","12":"pa_size-xl-hr","13":"pa_size-xxl-hr","14":"pa_size-xxxl-hr","16":"first","17":"instock","18":"taxable","19":"shipping-taxable","20":"purchasable","21":"product-type-variable"},"acf":[],"_links":{"self":[{"href":"https:\/\/moto-oprema.com\/hr\/wp-json\/wp\/v2\/product\/145423","targetHints":{"allow":["GET"]}}],"collection":[{"href":"https:\/\/moto-oprema.com\/hr\/wp-json\/wp\/v2\/product"}],"about":[{"href":"https:\/\/moto-oprema.com\/hr\/wp-json\/wp\/v2\/types\/product"}],"replies":[{"embeddable":true,"href":"https:\/\/moto-oprema.com\/hr\/wp-json\/wp\/v2\/comments?post=145423"}],"wp:featuredmedia":[{"embeddable":true,"href":"https:\/\/moto-oprema.com\/hr\/wp-json\/wp\/v2\/media\/22639"}],"wp:attachment":[{"href":"https:\/\/moto-oprema.com\/hr\/wp-json\/wp\/v2\/media?parent=145423"}],"wp:term":[{"taxonomy":"brand","embeddable":true,"href":"https:\/\/moto-oprema.com\/hr\/wp-json\/wp\/v2\/brand?post=145423"},{"taxonomy":"gender","embeddable":true,"href":"https:\/\/moto-oprema.com\/hr\/wp-json\/wp\/v2\/gender?post=145423"},{"taxonomy":"product_brand","embeddable":true,"href":"https:\/\/moto-oprema.com\/hr\/wp-json\/wp\/v2\/product_brand?post=145423"},{"taxonomy":"product_cat","embeddable":true,"href":"https:\/\/moto-oprema.com\/hr\/wp-json\/wp\/v2\/product_cat?post=145423"},{"taxonomy":"product_tag","embeddable":true,"href":"https:\/\/moto-oprema.com\/hr\/wp-json\/wp\/v2\/product_tag?post=145423"}],"curies":[{"name":"wp","href":"https:\/\/api.w.org\/{rel}","templated":true}]}}