{"id":145384,"date":"2023-09-21T10:13:40","date_gmt":"2023-09-21T10:13:40","guid":{"rendered":"https:\/\/moto-oprema.com\/Artikel\/dainese-argon-rukavice-crne\/"},"modified":"2023-09-21T10:13:40","modified_gmt":"2023-09-21T10:13:40","slug":"dainese-argon-rukavice-crne","status":"publish","type":"product","link":"https:\/\/moto-oprema.com\/hr\/Artikel\/dainese-argon-rukavice-crne\/","title":{"rendered":"DAINESE ARGON RUKAVICE CRNE"},"content":{"rendered":"<p>Argon rukavice su izra\u0111ene od prozra\u010dne, elasti\u010dne tkanine i certificirane su motociklisti\u010dke rukavice dizajnirane za maksimalnu udobnost i za\u0161titu.<\/p>\n<p>Be\u0161avna pletena konstrukcija stra\u017enjeg dijela pove\u0107ava elasti\u010dnost i smanjuje to\u010dke pritiska, a istovremeno osigurava udobnost i izvrsnu ventilaciju \u010dak i u vru\u0107im danima. Viskoelasti\u010dni \u0161titnici za zglobove osiguravaju sigurnost, dok prethodno zakrivljena struktura prstiju optimizira ergonomiju i udobnost vo\u017enje. <\/p>\n<p>Umeci od mikrovlakana na dlanu i malom prstu pove\u0107avaju za\u0161titu na najoptere\u0107enijim podru\u010djima, dok zatvaranje \u010di\u010dak trakom i podesivi kroj na zape\u0161\u0107ima pobolj\u0161avaju nosivost rukavice.<\/p>\n<p>Smart Touch sustav za kori\u0161tenje zaslona osjetljivih na dodir nadopunjuje Argon rukavice, \u010dine\u0107i ih prakti\u010dnima i funkcionalnima.<\/p>\n<p>&nbsp;<\/p>\n","protected":false},"excerpt":{"rendered":"<p>Argon rukavice su izra\u0111ene od prozra\u010dne, elasti\u010dne tkanine i certificirane su motociklisti\u010dke rukavice dizajnirane za maksimalnu&#8230;<\/p>\n","protected":false},"featured_media":22535,"comment_status":"open","ping_status":"closed","template":"","meta":{"_acf_changed":false},"brand":[2800],"gender":[],"product_brand":[],"product_cat":[2835,1356,2816],"product_tag":[],"class_list":{"0":"post-145384","1":"product","2":"type-product","3":"status-publish","4":"has-post-thumbnail","6":"brand-dainese-hr","7":"product_cat-kozne-rukavice","8":"product_cat-motociklisticka-oprema","9":"product_cat-rukavice","10":"pa_size-l-hr","11":"pa_size-m-hr","12":"pa_size-s-hr","13":"pa_size-xl-hr","14":"pa_size-xs-hr","15":"pa_size-xxl-hr","16":"pa_size-xxxl-hr","18":"first","19":"instock","20":"sale","21":"taxable","22":"shipping-taxable","23":"purchasable","24":"product-type-variable"},"acf":[],"_links":{"self":[{"href":"https:\/\/moto-oprema.com\/hr\/wp-json\/wp\/v2\/product\/145384","targetHints":{"allow":["GET"]}}],"collection":[{"href":"https:\/\/moto-oprema.com\/hr\/wp-json\/wp\/v2\/product"}],"about":[{"href":"https:\/\/moto-oprema.com\/hr\/wp-json\/wp\/v2\/types\/product"}],"replies":[{"embeddable":true,"href":"https:\/\/moto-oprema.com\/hr\/wp-json\/wp\/v2\/comments?post=145384"}],"wp:featuredmedia":[{"embeddable":true,"href":"https:\/\/moto-oprema.com\/hr\/wp-json\/wp\/v2\/media\/22535"}],"wp:attachment":[{"href":"https:\/\/moto-oprema.com\/hr\/wp-json\/wp\/v2\/media?parent=145384"}],"wp:term":[{"taxonomy":"brand","embeddable":true,"href":"https:\/\/moto-oprema.com\/hr\/wp-json\/wp\/v2\/brand?post=145384"},{"taxonomy":"gender","embeddable":true,"href":"https:\/\/moto-oprema.com\/hr\/wp-json\/wp\/v2\/gender?post=145384"},{"taxonomy":"product_brand","embeddable":true,"href":"https:\/\/moto-oprema.com\/hr\/wp-json\/wp\/v2\/product_brand?post=145384"},{"taxonomy":"product_cat","embeddable":true,"href":"https:\/\/moto-oprema.com\/hr\/wp-json\/wp\/v2\/product_cat?post=145384"},{"taxonomy":"product_tag","embeddable":true,"href":"https:\/\/moto-oprema.com\/hr\/wp-json\/wp\/v2\/product_tag?post=145384"}],"curies":[{"name":"wp","href":"https:\/\/api.w.org\/{rel}","templated":true}]}}