{"id":145255,"date":"2023-09-13T08:15:34","date_gmt":"2023-09-13T08:15:34","guid":{"rendered":"https:\/\/moto-oprema.com\/Artikel\/shoei-slr-mesh-sena-komunikacija\/"},"modified":"2023-09-13T08:15:34","modified_gmt":"2023-09-13T08:15:34","slug":"shoei-slr-mesh-sena-komunikacija","status":"publish","type":"product","link":"https:\/\/moto-oprema.com\/hr\/Artikel\/shoei-slr-mesh-sena-komunikacija\/","title":{"rendered":"SHOEI SLR MESH SENA KOMUNIKACIJA"},"content":{"rendered":"<p>Shoei SRL-Mesh Sound Harman Kardon Bluetooth komunikacijski sustav<\/p>\n<p>Komunikacijski sustav Shoei SRL-Mesh stvoren je u suradnji sa SENA\u00ae i nudi opse\u017ene funkcije za informacije i zabavu tijekom vo\u017enje.<\/p>\n<p>Sljede\u0107a generacija Senine kacige SRL za Shoei je stigla. SRL Mesh prepuna je vrhunskih zna\u010dajki, uklju\u010duju\u0107i Mesh Intercom\u2122 i Harman Kardon Sound zvu\u010dnik i mikrofon. Dizajnirana posebno za tri najpopularnije Shoei kacige, SRL Mesh je savr\u0161en pratitelj za va\u0161u sljede\u0107u vo\u017enju. Tanki ure\u0111aj nudi mno\u0161tvo zna\u010dajki.   <\/p>\n<p>Zna\u010dajke:<\/p>\n<p>ogroman raspon zna\u010dajki<br \/>\nFunkcija Mesh Intercoma s Group Mesh\u00ae-om za do 24 ili Open Mesh\u00ae-om za prakti\u010dki neograni\u010den broj sudionika u grupi<br \/>\nBluetooth\u00ae interfonska funkcija za do 4 sudionika u grupi<br \/>\nBluetooth\u00ae veza s navigacijskim ure\u0111ajem, mobilnim telefonom ili drugim ure\u0111ajima<br \/>\nFM radio prijem<br \/>\nBogat zvuk zahvaljuju\u0107i HD zvu\u010dnicima s vrhunskim Harman Kardon zvu\u010dnim sustavom<br \/>\nAudio ekvilajzer za individualno pode\u0161avanje zvuka<br \/>\nBolja komunikacija smanjenjem dosadnih zvukova uz pomo\u0107 napredne kontrole buke\u00ae<br \/>\nGlasovno upravljanje na 8 jezika<br \/>\nPodr\u0161ka za Siri i Google Voice<br \/>\nMultitasking zvuka<br \/>\nodli\u010dan posao<br \/>\nMesh\u00ae radni domet do 2 km (pro\u0161irivo do 8 km (s najmanje 6 \u010dlanova grupe))<br \/>\nDomet rada Bluetooth\u00ae-a do 1,2 km<br \/>\nVrijeme razgovora do 8 sati<br \/>\nBluetooth 5.0 za visoku kompatibilnost<\/p>\n<p>Tehni\u010dki podaci:<\/p>\n<p>Tehni\u010dki podaci:<\/p>\n<p>Dimenzije: Glavni modul: 82 mm x 39 mm x 33 mm \/ Zvu\u010dnik: 40 mm (debljine 7,3 mm) \/ Duljina mikrofona na nosa\u010du 55 mm \/ Duljina kabela izme\u0111u zvu\u010dnika: 85 mm<br \/>\nTe\u017eina: 100 g<br \/>\nRadna temperatura: -10\u00b0C &#8211; 50\u00b0C<br \/>\nDomet: Bluetooth interkom: do 2 km na otvorenom terenu \/ Mesh interkom: do 2 km na otvorenom terenu (mo\u017ee biti do 8,0 km izme\u0111u najmanje 6 voza\u010da)<br \/>\nPodr\u017eava do: Bluetooth interkom: 4 putnika \/ Open Mesh interkom: neograni\u010deno \/ Grupni Mesh interkom: 24 putnika<br \/>\nPodr\u017eani kanali: Otvoreni mre\u017eni interkom: 9 kanala<br \/>\nTehnologija: Mesh Intercom\u2122<br \/>\nBluetooth: 5.0 \/ Profil slu\u0161alica (HSP) \/ Profil za kori\u0161tenje bez ruku (HFP) \/ Profil napredne distribucije zvuka (A2DP) \/ Profil daljinskog upravljanja zvukom i videom (AVRCP)<br \/>\nSmanjenje buke: Napredna kontrola buke\u2122<br \/>\nKodek: Ugra\u0111eni SBC kodek<br \/>\nFM radio: Podaci o radio frekvenciji: 76~108MHz\/10 unaprijed postavljenih postaja\/Automatsko pretra\u017eivanje<br \/>\nZvuk: Premium zvu\u010dnici + mikrofon s Harman Kardon zvukom<br \/>\nVrijeme razgovora: Bluetooth interkom: 8 sati \/ Mesh interkom: 8 sati<br \/>\nVrijeme punjenja: 2,5 sata<br \/>\nVrsta baterije: Litij-polimerna baterija<br \/>\nSigurnosni standardi: CE, FCC, IC<\/p>\n<p>Kompatibilnost:<\/p>\n<p>Kaciga Shoei Neotec II (samo druge generacije)<br \/>\n Kaciga Shoei GT-Air II<br \/>\n Kaciga Shoei J-Cruise II<\/p>\n<p>Napomena proizvo\u0111a\u010da:<\/p>\n<p>SRL Mesh je posebno razvijen kako bi se uklopio u unutarnje \u0161upljine kaciga Shoei Neotec 2, Shoei GT-Air 2 i Shoei J-Cruise 2. Nakon instalacije, kompaktna SRL Mesh jedinica je prakti\u010dki nevidljiva izvana. Na lijevoj strani SRL Mesh-a nalazi se kontrola s 3 tipke, dok se na desnoj strani nalazi tipka Mesh Intercom\u2122 koja omogu\u0107uje povezivanje jednim dodirom.<br \/>\nAko krajnji korisnik \u017eeli naknadno opremiti svoju Neotec II prve generacije, tj. s datumom proizvodnje prije 15. o\u017eujka 2019., komunikacijskim sustavom SRL Mesh, nakon otvaranja mo\u017ee besplatno pretvoriti kacigu u bo\u010dni jastu\u010di\u0107 za bradu. RMA postupak mo\u017ee se poslati Shoei servisnom odjelu.<\/p>\n","protected":false},"excerpt":{"rendered":"<p>Sena SLR Mesh Bluetooth komunikacija za kacige Shoei Neotec 2, GT Air 2 i J-Cruise 2<\/p>\n","protected":false},"featured_media":22127,"comment_status":"open","ping_status":"open","template":"","meta":{"_acf_changed":false},"brand":[2765],"gender":[],"product_brand":[],"product_cat":[1358,2757,1356],"product_tag":[],"class_list":{"0":"post-145255","1":"product","2":"type-product","3":"status-publish","4":"has-post-thumbnail","6":"brand-shoei-hr","7":"product_cat-kacige","8":"product_cat-komunikacije-hr","9":"product_cat-motociklisticka-oprema","11":"first","12":"instock","13":"taxable","14":"shipping-taxable","15":"purchasable","16":"product-type-simple"},"acf":[],"_links":{"self":[{"href":"https:\/\/moto-oprema.com\/hr\/wp-json\/wp\/v2\/product\/145255","targetHints":{"allow":["GET"]}}],"collection":[{"href":"https:\/\/moto-oprema.com\/hr\/wp-json\/wp\/v2\/product"}],"about":[{"href":"https:\/\/moto-oprema.com\/hr\/wp-json\/wp\/v2\/types\/product"}],"replies":[{"embeddable":true,"href":"https:\/\/moto-oprema.com\/hr\/wp-json\/wp\/v2\/comments?post=145255"}],"wp:featuredmedia":[{"embeddable":true,"href":"https:\/\/moto-oprema.com\/hr\/wp-json\/wp\/v2\/media\/22127"}],"wp:attachment":[{"href":"https:\/\/moto-oprema.com\/hr\/wp-json\/wp\/v2\/media?parent=145255"}],"wp:term":[{"taxonomy":"brand","embeddable":true,"href":"https:\/\/moto-oprema.com\/hr\/wp-json\/wp\/v2\/brand?post=145255"},{"taxonomy":"gender","embeddable":true,"href":"https:\/\/moto-oprema.com\/hr\/wp-json\/wp\/v2\/gender?post=145255"},{"taxonomy":"product_brand","embeddable":true,"href":"https:\/\/moto-oprema.com\/hr\/wp-json\/wp\/v2\/product_brand?post=145255"},{"taxonomy":"product_cat","embeddable":true,"href":"https:\/\/moto-oprema.com\/hr\/wp-json\/wp\/v2\/product_cat?post=145255"},{"taxonomy":"product_tag","embeddable":true,"href":"https:\/\/moto-oprema.com\/hr\/wp-json\/wp\/v2\/product_tag?post=145255"}],"curies":[{"name":"wp","href":"https:\/\/api.w.org\/{rel}","templated":true}]}}