{"id":145187,"date":"2023-09-12T08:13:54","date_gmt":"2023-09-12T08:13:54","guid":{"rendered":"https:\/\/moto-oprema.com\/Artikel\/shoei-gt-air-3-discipline-tc-6\/"},"modified":"2023-09-12T08:13:54","modified_gmt":"2023-09-12T08:13:54","slug":"shoei-gt-air-3-discipline-tc-6","status":"publish","type":"product","link":"https:\/\/moto-oprema.com\/hr\/Artikel\/shoei-gt-air-3-discipline-tc-6\/","title":{"rendered":"SHOEI GT-AIR 3 DISCIPLINE TC-6"},"content":{"rendered":"<p>Kaciga Shoei GT-Air 3<\/p>\n<p>Shoei GT-Air u svojoj tre\u0107oj generaciji vi\u0161e je od obi\u010dne svestrane kacige \u2013 to je vrlo funkcionalna sportska i touring kaciga. Nepogre\u0161ivo dizajnirana, s iznimnom udobno\u0161\u0107u za no\u0161enje, opremljena revolucionarnim zna\u010dajkama, homologirana prema najnovijim sigurnosnim standardima, performanse su na najvi\u0161oj razini i u\u010dvr\u0161\u0107uje svoju poziciju broj jedan me\u0111u sportsko-touring kacigama. <\/p>\n<p>Zna\u010dajke:<\/p>\n<p>AIM ljuska<br \/>\nOrganska vlakna i vi\u0161ekompozitna vlakna u slojevima za \u0161koljku koja apsorbira udarce<br \/>\nEPS sustav obloga razli\u010ditih gusto\u0107a<br \/>\noptimizirana za\u0161tita s EPS elementima<br \/>\nElementi s razli\u010ditim stupnjevima prigu\u0161enja<br \/>\nCNS-1C Pinlock\u00ae vizir protiv zamagljivanja<br \/>\nQSV-2 \u0161titnik za sunce s pro\u0161irenim podru\u010djem zasjenjivanja (EN1836)<br \/>\n3 razli\u010dita dizajna vanjske ljuske za savr\u0161eno pristajanje i kompaktne dimenzije (XS-M \/ L \/ XL-XXL)<br \/>\n3D sredi\u0161nje punjenje, uklonjivo i perivo za udobno no\u0161enje<br \/>\nUklonjivi i perivi jastu\u010di\u0107i za obraze<br \/>\nNavlaka za remen za bradu je odvojiva i periva.<br \/>\nJastu\u010di\u0107i za u\u0161i koji poni\u0161tavaju buku<br \/>\nspremno za ugradnju interfona<br \/>\nPosebno dizajnirano za integraciju SENA\u00ae SRL3 Mesh komunikacijskih sustava<br \/>\nVi\u0161estruka ventilacija i ventilacija za optimalne performanse ventilacije<br \/>\nUlazi na vrhu glave i bradi<br \/>\nIspu\u0161ni otvori na le\u0111ima i vratu za raspr\u0161ivanje toplog zraka<br \/>\nNovi polo\u017eaj vizira sprje\u010dava zamagljivanje vizira<br \/>\nIntegrirani spojler za optimizirane aerodinami\u010dke performanse<\/p>\n<p>Tehni\u010dki podaci:<\/p>\n<p>ECE 22.06<br \/>\n Te\u017eina: cca. 1700 g<br \/>\n Mikro ra\u010dvasti zatvara\u010d od nehr\u0111aju\u0107eg \u010delika<br \/>\n EQRS (Sustav za brzo otpu\u0161tanje u nu\u017edi)<\/p>\n<p>Uklju\u010deno:<\/p>\n<p>1x kaciga Shoei GT-Air 3<br \/>\n 1x Pinlock disk<br \/>\n 1x zamjenske igle<br \/>\n 1x mali alat za odr\u017eavanje<br \/>\n 1x za\u0161tita daha<br \/>\n 1x zavjesa za bradu<br \/>\n 1x torba za kacigu<br \/>\n 1x silikonsko ulje<br \/>\n 1x naljepnica s logotipom Shoei<\/p>\n","protected":false},"excerpt":{"rendered":"<p>Veli\u010dina XS i S, prva isporuka u sije\u010dnju 2024.!!<\/p>\n","protected":false},"featured_media":22036,"comment_status":"open","ping_status":"open","template":"","meta":{"_acf_changed":false},"brand":[2765],"gender":[2172],"product_brand":[],"product_cat":[1358,1356,1359],"product_tag":[],"class_list":{"0":"post-145187","1":"product","2":"type-product","3":"status-publish","4":"has-post-thumbnail","6":"brand-shoei-hr","7":"gender-unisex-hr","8":"product_cat-kacige","9":"product_cat-motociklisticka-oprema","10":"product_cat-sastavni","11":"pa_size-l-hr","12":"pa_size-m-hr","13":"pa_size-s-hr","14":"pa_size-xl-hr","15":"pa_size-xs-hr","16":"pa_size-xxl-hr","18":"first","19":"instock","20":"taxable","21":"shipping-taxable","22":"purchasable","23":"product-type-variable"},"acf":[],"_links":{"self":[{"href":"https:\/\/moto-oprema.com\/hr\/wp-json\/wp\/v2\/product\/145187","targetHints":{"allow":["GET"]}}],"collection":[{"href":"https:\/\/moto-oprema.com\/hr\/wp-json\/wp\/v2\/product"}],"about":[{"href":"https:\/\/moto-oprema.com\/hr\/wp-json\/wp\/v2\/types\/product"}],"replies":[{"embeddable":true,"href":"https:\/\/moto-oprema.com\/hr\/wp-json\/wp\/v2\/comments?post=145187"}],"wp:featuredmedia":[{"embeddable":true,"href":"https:\/\/moto-oprema.com\/hr\/wp-json\/wp\/v2\/media\/22036"}],"wp:attachment":[{"href":"https:\/\/moto-oprema.com\/hr\/wp-json\/wp\/v2\/media?parent=145187"}],"wp:term":[{"taxonomy":"brand","embeddable":true,"href":"https:\/\/moto-oprema.com\/hr\/wp-json\/wp\/v2\/brand?post=145187"},{"taxonomy":"gender","embeddable":true,"href":"https:\/\/moto-oprema.com\/hr\/wp-json\/wp\/v2\/gender?post=145187"},{"taxonomy":"product_brand","embeddable":true,"href":"https:\/\/moto-oprema.com\/hr\/wp-json\/wp\/v2\/product_brand?post=145187"},{"taxonomy":"product_cat","embeddable":true,"href":"https:\/\/moto-oprema.com\/hr\/wp-json\/wp\/v2\/product_cat?post=145187"},{"taxonomy":"product_tag","embeddable":true,"href":"https:\/\/moto-oprema.com\/hr\/wp-json\/wp\/v2\/product_tag?post=145187"}],"curies":[{"name":"wp","href":"https:\/\/api.w.org\/{rel}","templated":true}]}}