{"id":145148,"date":"2023-09-11T08:34:51","date_gmt":"2023-09-11T08:34:51","guid":{"rendered":"https:\/\/moto-oprema.com\/Artikel\/shoei-neotec-3-mat-crna\/"},"modified":"2023-09-11T08:34:51","modified_gmt":"2023-09-11T08:34:51","slug":"shoei-neotec-3-mat-crna","status":"publish","type":"product","link":"https:\/\/moto-oprema.com\/hr\/Artikel\/shoei-neotec-3-mat-crna\/","title":{"rendered":"SHOEI NEOTEC 3 MAT CRNA"},"content":{"rendered":"<p><span class=\"HwtZe\" lang=\"sl\"><span class=\"jCAhz ChMk0b\"><span class=\"ryNqvb\">SHOEI nastavlja svoju uspje\u0161nu seriju modela kaciga na preklop s oznakom &#8220;TEC&#8221; u nazivu s modelom NEOTEC 3.<\/span><\/span> <span class=\"jCAhz ChMk0b\"><span class=\"ryNqvb\">Bilo da ste u svakodnevnoj gradskoj gu\u017evi, na ve\u010dernjim izletima u vjetrovita mjesta ili na dugim motociklisti\u010dkim turama &#8211; NEOTEC 3 impresionira izvanrednim zna\u010dajkama za sve namjene.<\/span><\/span> <span class=\"jCAhz ChMk0b\"><span class=\"ryNqvb\">Njegova velika integrirana QSV-2 za\u0161tita od sunca nudi izvrsnu za\u0161titu od odsjaja, \u010dak i kada je sunce nisko.<\/span><\/span> <span class=\"jCAhz ChMk0b\"><span class=\"ryNqvb\">Certificiran prema va\u017ee\u0107em standardu ECE-R 22.06 za ispitivanje, NEOTEC3 je tako\u0111er prikladan za kori\u0161tenje s otvorenom bradom zahvaljuju\u0107i P\/J homologaciji pri prilago\u0111enoj brzini.<\/span><\/span> <span class=\"jCAhz ChMk0b\"><span class=\"ryNqvb\">Kada je kaciga potpuno zatvorena, integrirani, duboko razgranati sustav ventilacije osigurava svje\u017e zrak i hla\u0111enje.<\/span><\/span> <span class=\"jCAhz ChMk0b\"><span class=\"ryNqvb\">Revolucionarno SHOEI COMLINK su\u010delje omogu\u0107uje potpunu integraciju SENA SRL3 MESH komunikacijskog sustava.<\/span><\/span> <span class=\"jCAhz ChMk0b\"><span class=\"ryNqvb\">Glatke vanjske povr\u0161ine i prolazi smanjuju izlo\u017eenost buci voza\u010da.<\/span><\/span> <span class=\"jCAhz ChMk0b\"><span class=\"ryNqvb\">Mikro-zatvara\u010d na ugodno uskom remenu za bradu olak\u0161ava stavljanje i skidanje ovog neusporedivo kvalitetnog modela kacige na preklop marke SHOEI.<\/span><\/span> <\/span><\/p>\n<p><span class=\"HwtZe\" lang=\"sl\"><span class=\"jCAhz ChMk0b\"><span class=\"ryNqvb\">SIGURNOST<\/span><\/span> <\/span><\/p>\n<p><span class=\"HwtZe\" lang=\"sl\"><span class=\"jCAhz ChMk0b\"><span class=\"ryNqvb\">Vanjska \u0161koljka SHOEI NEOTEC3 izra\u0111ena od AIM-a (Advanced Integrated Matrix) u kombinaciji s polistirenskim sustavom jezgre koji se sastoji od nekoliko elemenata s razli\u010ditim sposobnostima apsorpcije nudi optimalnu za\u0161titu od udara koja zadovoljava zahtjeve ispitnog standarda ECE-R 22.06.<\/span><\/span> <span class=\"jCAhz ChMk0b\"><span class=\"ryNqvb\">SHOEI NEOTEC3 ispunjava zahtjeve ovog ispitnog standarda podjednako za kacige s punim i otvorenim licem.<\/span><\/span> <span class=\"jCAhz ChMk0b\"><span class=\"ryNqvb\">Drugi, stabilni polo\u017eaj re\u0161etke omogu\u0107uje kori\u0161tenje kacige s otvorenom i zaklju\u010danom bradom uz preporu\u010denu upotrebu sa zatvorenom bradom.<\/span><\/span> <span class=\"jCAhz ChMk0b\"><span class=\"ryNqvb\">Standardno ugra\u0111eni prozirni vizir CNS-3C otvara gotovo neograni\u010deno horizontalno i vertikalno vidno polje.<\/span><\/span> <span class=\"jCAhz ChMk0b\"><span class=\"ryNqvb\">PINLOCK\u00aeEVO le\u0107a protiv zamagljivanja koja dolazi s kacigom osigurava jasnu vidljivost \u010dak i u nepovoljnim vremenskim uvjetima.<\/span><\/span> <span class=\"jCAhz ChMk0b\"><span class=\"ryNqvb\">Ugodno uzak remen za bradu s mikro-zatvara\u010dem udoban je za kori\u0161tenje i sigurno dr\u017ei kacigu na mjestu.<\/span><\/span> <span class=\"jCAhz ChMk0b\"><span class=\"ryNqvb\">Mehanizam za zaklju\u010davanje od nehr\u0111aju\u0107eg \u010delika sigurno i pouzdano zaklju\u010dava bradu u zatvorenom polo\u017eaju.<\/span><\/span> <\/span><\/p>\n<p><span class=\"HwtZe\" lang=\"sl\"><span class=\"jCAhz ChMk0b\"><span class=\"ryNqvb\">UDOBNOST<\/span><\/span> <\/span><\/p>\n<p><span class=\"HwtZe\" lang=\"sl\"><span class=\"jCAhz ChMk0b\"><span class=\"ryNqvb\">3 razli\u010dite veli\u010dine vanjske \u0161koljke (XS-M | L | XL-XXL) omogu\u0107uju \u0161irok raspon veli\u010dina za SHOEI NEOTEC3 i istovremeno optimalan omjer izme\u0111u veli\u010dine kacige i voza\u010da.<\/span><\/span> <span class=\"jCAhz ChMk0b\"><span class=\"ryNqvb\">Dobro uravnote\u017eena kaciga \u0161titi mi\u0161i\u0107e vrata i sprje\u010dava umor, kako pri vo\u017enji u centru grada, tako i na duljim turama ili dugim putovanjima motociklom.<\/span><\/span> <span class=\"jCAhz ChMk0b\"><span class=\"ryNqvb\">Trodimenzionalno oblikovani jastu\u010di\u0107 za glavu, prethodno oblikovani jastu\u010di\u0107i za obraze koji izoliraju buku i jastu\u010di\u0107 za bradu u potpunosti su uklonjivi i perivi.<\/span><\/span> <span class=\"jCAhz ChMk0b\"><span class=\"ryNqvb\">Dostupni su jastu\u010di\u0107i za glavu i obraze razli\u010ditih debljina za individualno pode\u0161avanje kacige.<\/span><\/span> <span class=\"jCAhz ChMk0b\"><span class=\"ryNqvb\">Pomo\u0107u jastu\u010di\u0107a koji se mo\u017ee umetnuti na vrh glave, mo\u017eete podesiti pristajanje kacige okomito.<\/span><\/span> <span class=\"jCAhz ChMk0b\"><span class=\"ryNqvb\">Jastu\u010di\u0107i za obraze s voluminoznom donjom stranom koji se prote\u017eu do stra\u017enjeg dijela glave, zajedno s uklonjivim jastu\u010di\u0107ima za u\u0161i, u\u010dinkovito doprinose zvu\u010dnoj izolaciji.<\/span><\/span> <span class=\"jCAhz ChMk0b\"><span class=\"ryNqvb\">Standardni CNS-3C vizir sprje\u010dava propuh i ulazak ki\u0161nice svojim prepoznatljivim gornjim rubom, nagnutim prema \u0161koljki kacige.<\/span><\/span> <span class=\"jCAhz ChMk0b\"><span class=\"ryNqvb\">Zahvaljuju\u0107i centralno smje\u0161tenom mehanizmu za zaklju\u010davanje, mo\u017ee se pouzdano otvarati i zatvarati.<\/span><\/span> <span class=\"jCAhz ChMk0b\"><span class=\"ryNqvb\">Za dodatni svje\u017ei zrak tijekom vo\u017enje, mehanizam vizira omogu\u0107uje njegovo \u0161iroko otvaranje.<\/span><\/span> <span class=\"jCAhz ChMk0b\"><span class=\"ryNqvb\">Vizir se mo\u017ee zamijeniti bez alata zahvaljuju\u0107i provjerenom, samopode\u0161avaju\u0107em mehanizmu za brzu zamjenu.<\/span><\/span> <span class=\"jCAhz ChMk0b\"><span class=\"ryNqvb\">Integrirani, visokokvalitetni \u0161titnik za sunce QSV-2 SHOEI NEOTEC3 beskona\u010dno se mo\u017ee produ\u017eiti i gotovo u potpunosti pokriva upotrebljivo vidno polje, \u010dak i prema dolje.<\/span><\/span> <span class=\"jCAhz ChMk0b\"><span class=\"ryNqvb\">Mo\u017ee se lako zamijeniti bez alata s opcionalnim \u017euto obojenim vizirom s efektom poja\u010davanja kontrasta.<\/span><\/span> <span class=\"jCAhz ChMk0b\"><span class=\"ryNqvb\">Ovaj dodatni vizir pru\u017ea optimalnu vidljivost za mnoge namjene i vremenske uvjete.<\/span><\/span> <span class=\"jCAhz ChMk0b\"><span class=\"ryNqvb\">Uvu\u010dene slu\u0161alice, unaprijed izra\u0111ene vodilice za kabele i polo\u017eaji za monta\u017eu komponenti ure\u0111aja omogu\u0107uju brzu i jednostavnu instalaciju komunikacijskog sustava SRL3 tvrtke SENA\u00ae, dostupnog u seriji dodatne opreme SHOEI.<\/span><\/span> <span class=\"jCAhz ChMk0b\"><span class=\"ryNqvb\">VENTILACIJA<\/span><\/span> <span class=\"jCAhz ChMk0b\"><span class=\"ryNqvb\">Ventilacijski otvori usmjereni izravno u protok zraka hvataju svje\u017ei zrak kako bi smanjili temperaturu i vla\u017enost unutar SHOEI NEOTEC3.<\/span><\/span> <span class=\"jCAhz ChMk0b\"><span class=\"ryNqvb\">Uklonjivi filter u donjoj prednjoj ventilaciji sprje\u010dava ulazak insekata.<\/span><\/span> <span class=\"jCAhz ChMk0b\"><span class=\"ryNqvb\">Povi\u0161ene kontrole ventilacije omogu\u0107uju rad \u010dak i s debelim rukavicama, \u0161to omogu\u0107uje kori\u0161tenje kacige u podru\u010djima s niskim temperaturama ili tijekom hladne sezone.<\/span><\/span><\/span><\/p>\n<p>VENTILACIJA<\/p>\n<p>Otvori usmjereni izravno u protok zraka hvataju svje\u017ei zrak kako bi smanjili temperaturu i vla\u017enost unutar SHOEI NEOTEC3. Uklonjivi filter u donjem prednjem otvoru sprje\u010dava ulazak insekata.  Povi\u0161ene kontrole ventilacije omogu\u0107uju rad \u010dak i s debelim rukavicama, \u0161to omogu\u0107uje kori\u0161tenje kacige u podru\u010djima s niskim temperaturama ili tijekom hladne sezone.<\/p>\n<p>AERODINAMIKA<\/p>\n<p>Glatke povr\u0161ine i prijelazi smanjuju otpor kacige na vjetar i izlo\u017eenost korisnika buci, ali omogu\u0107uju da se vide integrirani spojleri sa strane i stra\u017enje strane kacige, \u010dime se poja\u010dava sportski karakter SHOEI NEOTEC3. Stabilan mehanizam osigurava ekscentri\u010dno rotacijsko kretanje podbradne \u0161ipke pri otvaranju i zatvaranju te omogu\u0107uje najmanji razmak izme\u0111u podbradne \u0161ipke i \u0161koljke kacige. Prijelazno podru\u010dje izme\u0111u brade i \u0161koljke kacige dizajnirano je da bude glatko kako bi se smanjila turbulencija u podru\u010dju uha i povezana buka.  <\/p>\n<p>PRIBOR<\/p>\n<p>SHOEI NEOTEC3 dostupan je s vizirima u raznim bojama i ogledalima koji se mogu koristiti u skladu s ECE homologacijskim smjernicama. Kaciga je standardno opremljena CNS-3C vizirom.  PINLOCK\u00aeEVO le\u0107e protiv zamagljivanja mogu se pri\u010dvrstiti na sve dostupne vizire ovog tipa, od kojih je jedan uklju\u010den u pakiranje kacige.<br \/>\n Integrirana, jako zatamnjena suncobrana tipa QSV-2 mo\u017ee se zamijeniti \u017euto zatamnjenom verzijom s efektom poja\u010davanja kontrasta iz serije dodatne opreme SHOEI.<br \/>\n SHOEI-jeva ponuda dodatne opreme uklju\u010duje i jastu\u010di\u0107e za obraze sa ili bez izolacije buke, jastu\u010di\u0107e za traku za glavu razli\u010ditih veli\u010dina i debljina te umetljivi jastu\u010di\u0107 za tjeme. Oni se mogu koristiti za zamjenu originalnog jastu\u010di\u0107a ili za prilago\u0111avanje kacige individualnim potrebama.<br \/>\n Dostupni su i remen za bradu, \u0161titnik za dah i zavjesa za bradu od umjetne ko\u017ee.<br \/>\n Komunikacijski sustav SENA\u00ae SRL3 Mesh iz serije dodatne opreme SHOEI mo\u017ee se koristiti u SHOEI COMLINK NEOTEC3 su\u010delju. Kada je uparen s mobilnim telefonom, navigacijskim ure\u0111ajem ili drugim interkom ure\u0111ajima, SRL3 Mesh nudi informacije i zabavu tijekom vo\u017enje i gotovo se nevidljivo uklapa u \u0161koljku kacige NEOTEC3. SRL3 Mesh pru\u017ea bogat zvuk i kristalno \u010dist prijenos glasa sa svojim vrhunskim zvu\u010dnicima, visokokvalitetnim mikrofonom i harman\/kardon\u00ae zvu\u010dnim sustavom.   <\/p>\n<p>OPSEG ISPORUKE<br \/>\n SHOEI NEOTEC3 opremljen je PINLOCK\u00aeEVO le\u0107om za kori\u0161tenje u standardnom viziru CNS-3C, odgovaraju\u0107im zamjenskim pinovima i malim alatom za odr\u017eavanje koji poma\u017ee pri instalaciji komunikacijskog sustava SRL.<br \/>\n Tako\u0111er su uklju\u010deni \u0161titnik za dah, zavjesa za bradu (ve\u0107 postavljena), naljepnice s logotipom SHOEI, originalna torba za kacigu SHOEI za pa\u017eljivo spremanje kacige te silikonsko ulje za njegu brtve i mehanike vizira.<br \/>\n Upute za uporabu kacige i bro\u0161ura &#8220;Pravilna uporaba kacige&#8221; sadr\u017ee vrijedne informacije o kori\u0161tenju, odr\u017eavanju i njezi kacige SHOEI NEOTEC3.<\/p>\n<p>IZVOD IZ DODATNE OPREME<br \/>\n Za SHOEI NEOTEC3 dostupan je niz dodatne opreme i rezervnih dijelova, uklju\u010duju\u0107i:<\/p>\n<p>CNS-3C viziri u raznim nijansama*<br \/>\n PINLOCK\u00aeEVO le\u0107a protiv zamagljivanja<br \/>\n \u0160titnik za sunce QSV-2 u razli\u010ditim nijansama<br \/>\n Jastu\u010di\u0107i za obraze razli\u010ditih debljina za zamjenu originalnih jastu\u010di\u0107a ili za individualno pode\u0161avanje kacige, sa ili bez izolatora buke<br \/>\n Jastu\u010di\u0107i za glavu razli\u010ditih veli\u010dina i debljina za zamjenu originalnih jastu\u010di\u0107a ili za individualno pode\u0161avanje kacige<br \/>\n Jastuk za pode\u0161avanje visine naslona za glavu<br \/>\n Jastu\u010di\u0107i za remen za bradu<br \/>\n Za\u0161tita di\u0161nih puteva<br \/>\n Zavjesa za bradu<br \/>\n SENA\u00ae SRL3 Mesh komunikacijski sustav<\/p>\n","protected":false},"excerpt":{"rendered":"<p>Shoei Neotec 3 kaciga na preklop Kamo god vas putovanje odvede, Neotec 3 impresionira stilom i&#8230;<\/p>\n","protected":false},"featured_media":21953,"comment_status":"open","ping_status":"open","template":"","meta":{"_acf_changed":false},"brand":[2765],"gender":[2172],"product_brand":[],"product_cat":[1358,1356,2753],"product_tag":[],"class_list":{"0":"post-145148","1":"product","2":"type-product","3":"status-publish","4":"has-post-thumbnail","6":"brand-shoei-hr","7":"gender-unisex-hr","8":"product_cat-kacige","9":"product_cat-motociklisticka-oprema","10":"product_cat-sklopivi","11":"pa_size-l-hr","12":"pa_size-m-hr","13":"pa_size-s-hr","14":"pa_size-xl-hr","15":"pa_size-xs-hr","16":"pa_size-xxl-hr","17":"pa_size-xxs-hr","19":"first","20":"onbackorder","21":"sale","22":"taxable","23":"shipping-taxable","24":"purchasable","25":"product-type-variable"},"acf":[],"_links":{"self":[{"href":"https:\/\/moto-oprema.com\/hr\/wp-json\/wp\/v2\/product\/145148","targetHints":{"allow":["GET"]}}],"collection":[{"href":"https:\/\/moto-oprema.com\/hr\/wp-json\/wp\/v2\/product"}],"about":[{"href":"https:\/\/moto-oprema.com\/hr\/wp-json\/wp\/v2\/types\/product"}],"replies":[{"embeddable":true,"href":"https:\/\/moto-oprema.com\/hr\/wp-json\/wp\/v2\/comments?post=145148"}],"wp:featuredmedia":[{"embeddable":true,"href":"https:\/\/moto-oprema.com\/hr\/wp-json\/wp\/v2\/media\/21953"}],"wp:attachment":[{"href":"https:\/\/moto-oprema.com\/hr\/wp-json\/wp\/v2\/media?parent=145148"}],"wp:term":[{"taxonomy":"brand","embeddable":true,"href":"https:\/\/moto-oprema.com\/hr\/wp-json\/wp\/v2\/brand?post=145148"},{"taxonomy":"gender","embeddable":true,"href":"https:\/\/moto-oprema.com\/hr\/wp-json\/wp\/v2\/gender?post=145148"},{"taxonomy":"product_brand","embeddable":true,"href":"https:\/\/moto-oprema.com\/hr\/wp-json\/wp\/v2\/product_brand?post=145148"},{"taxonomy":"product_cat","embeddable":true,"href":"https:\/\/moto-oprema.com\/hr\/wp-json\/wp\/v2\/product_cat?post=145148"},{"taxonomy":"product_tag","embeddable":true,"href":"https:\/\/moto-oprema.com\/hr\/wp-json\/wp\/v2\/product_tag?post=145148"}],"curies":[{"name":"wp","href":"https:\/\/api.w.org\/{rel}","templated":true}]}}