{"id":144942,"date":"2023-10-02T10:50:16","date_gmt":"2023-10-02T10:50:16","guid":{"rendered":"https:\/\/moto-oprema.com\/Artikel\/hjc-i91-flip-kaciga-polumavna-pjescano-bez\/"},"modified":"2023-10-02T10:50:16","modified_gmt":"2023-10-02T10:50:16","slug":"hjc-i91-flip-kaciga-polumavna-pjescano-bez","status":"publish","type":"product","link":"https:\/\/moto-oprema.com\/hr\/Artikel\/hjc-i91-flip-kaciga-polumavna-pjescano-bez\/","title":{"rendered":"HJC i91 FLIP KACIGA POLUMAVNA PJE\u0160\u010cANO BE\u017d"},"content":{"rendered":"<p>Zna\u010dajke:<\/p>\n<p>Dvostruka homologacija (P\/J)<br \/>\n Napredna polikarbonatna kompozitna \u0161koljka s pode\u0161avanjem<br \/>\n Podesivi \u0161titnik za bradu od polikarbonata: lagan, s izvrsnim pristajanjem i udobno\u0161\u0107u zahvaljuju\u0107i naprednoj CAD tehnologiji.<br \/>\n VIZIR HJ-33 s Pinlock Ready za\u0161titom: Pru\u017ea 99% UV za\u0161titu i premaz otporan na ogrebotine.<br \/>\n Vi\u0161eslojni dinami\u010dki \u0161titnik za sunce za optimizirano pozicioniranje. \u0160titnik za sunce s premazom protiv ogrebotina.<br \/>\n Jastu\u010di\u0107i su zamjenjivi u svim veli\u010dinama.<br \/>\n Utori za nao\u010dale nude prostor za osobe koje nose nao\u010dale.<br \/>\n Unutarnji dijelovi: prozra\u010dni i suhi.<br \/>\n Vizir, spreman za le\u0107u protiv zamagljivanja, Pinlock uklju\u010den u isporuku<br \/>\n Spremno za SMART HJC 11B, 21B i 50B Bluetooth (prodaju se zasebno).<br \/>\n 3 veli\u010dine \u0161koljke: XS-S, ML, XL-2XL.<\/p>\n","protected":false},"excerpt":{"rendered":"<p>HJC I91 kaciga na preklop Boja: Be\u017e pijesak<\/p>\n","protected":false},"featured_media":22732,"comment_status":"open","ping_status":"open","template":"","meta":{"_acf_changed":false},"brand":[2130],"gender":[2172],"product_brand":[],"product_cat":[1358,1356,2753],"product_tag":[],"class_list":{"0":"post-144942","1":"product","2":"type-product","3":"status-publish","4":"has-post-thumbnail","6":"brand-hjc-hr","7":"gender-unisex-hr","8":"product_cat-kacige","9":"product_cat-motociklisticka-oprema","10":"product_cat-sklopivi","11":"pa_size-l-hr","12":"pa_size-m-hr","13":"pa_size-s-hr","14":"pa_size-xl-hr","15":"pa_size-xs-hr","16":"pa_size-xxl-hr","18":"first","19":"instock","20":"taxable","21":"shipping-taxable","22":"purchasable","23":"product-type-variable"},"acf":[],"_links":{"self":[{"href":"https:\/\/moto-oprema.com\/hr\/wp-json\/wp\/v2\/product\/144942","targetHints":{"allow":["GET"]}}],"collection":[{"href":"https:\/\/moto-oprema.com\/hr\/wp-json\/wp\/v2\/product"}],"about":[{"href":"https:\/\/moto-oprema.com\/hr\/wp-json\/wp\/v2\/types\/product"}],"replies":[{"embeddable":true,"href":"https:\/\/moto-oprema.com\/hr\/wp-json\/wp\/v2\/comments?post=144942"}],"wp:featuredmedia":[{"embeddable":true,"href":"https:\/\/moto-oprema.com\/hr\/wp-json\/wp\/v2\/media\/22732"}],"wp:attachment":[{"href":"https:\/\/moto-oprema.com\/hr\/wp-json\/wp\/v2\/media?parent=144942"}],"wp:term":[{"taxonomy":"brand","embeddable":true,"href":"https:\/\/moto-oprema.com\/hr\/wp-json\/wp\/v2\/brand?post=144942"},{"taxonomy":"gender","embeddable":true,"href":"https:\/\/moto-oprema.com\/hr\/wp-json\/wp\/v2\/gender?post=144942"},{"taxonomy":"product_brand","embeddable":true,"href":"https:\/\/moto-oprema.com\/hr\/wp-json\/wp\/v2\/product_brand?post=144942"},{"taxonomy":"product_cat","embeddable":true,"href":"https:\/\/moto-oprema.com\/hr\/wp-json\/wp\/v2\/product_cat?post=144942"},{"taxonomy":"product_tag","embeddable":true,"href":"https:\/\/moto-oprema.com\/hr\/wp-json\/wp\/v2\/product_tag?post=144942"}],"curies":[{"name":"wp","href":"https:\/\/api.w.org\/{rel}","templated":true}]}}