{"id":144847,"date":"2023-09-21T08:52:43","date_gmt":"2023-09-21T08:52:43","guid":{"rendered":"https:\/\/moto-oprema.com\/Artikel\/fox-v1-mx-kaciga-solid-mips-mat-bijela\/"},"modified":"2023-09-21T08:52:43","modified_gmt":"2023-09-21T08:52:43","slug":"fox-v1-mx-kaciga-solid-mips-mat-bijela","status":"publish","type":"product","link":"https:\/\/moto-oprema.com\/hr\/Artikel\/fox-v1-mx-kaciga-solid-mips-mat-bijela\/","title":{"rendered":"FOX V1 MX KACIGA SOLID MIPS MAT BIJELA"},"content":{"rendered":"<p>Kaciga za motokros FOX V1 nudi najbolje performanse u klasi i podi\u017ee ljestvicu performansi na potpuno novu razinu. S iznimnom kvalitetom, sigurno\u0161\u0107u i udobno\u0161\u0107u, lako se mo\u017ee mjeriti s najja\u010dim konkurentima na tr\u017ei\u0161tu. <\/p>\n<p>Znanstveno je dokazano da MIPS\u2122 za\u0161titni sustav smanjuje rotacijsko gibanje koje se prenosi na mozak tijekom nesre\u0107e apsorbiraju\u0107i i preusmjeravaju\u0107i energiju i sile. Podesivi vizir s lomljivim bo\u010dnim vijcima lako se uklanja u slu\u010daju nesre\u0107e. Lagana konstrukcija \u0161koljke od brizganog polikarbonata i ABS-a optimalno raspore\u0111uje energiju u slu\u010daju sudara. 4 veli\u010dine \u0161koljke i 6 EPS veli\u010dina osiguravaju precizno pristajanje. Za dugotrajnu udobnost, udobni jastu\u010di\u0107 i jastu\u010di\u0107i za obraze mogu se ukloniti i prati. Pre\u010dka za bradu od EVA materijala je podstavljena, a poklopac usnika se mo\u017ee ukloniti. 7 ulaznih i 4 izlazna otvora osiguravaju optimalnu udobnost, nenadma\u0161no upravljanje vlagom i optimalnu cirkulaciju zraka.      <\/p>\n<p>U skladu je s novom ECE 22.06 i DOT certifikacijom.<\/p>\n","protected":false},"excerpt":{"rendered":"<p>Potpuno nova Fox V1 kaciga.<\/p>\n","protected":false},"featured_media":22498,"comment_status":"open","ping_status":"open","template":"","meta":{"_acf_changed":false},"brand":[2738],"gender":[],"product_brand":[],"product_cat":[2764,2733],"product_tag":[],"class_list":{"0":"post-144847","1":"product","2":"type-product","3":"status-publish","4":"has-post-thumbnail","6":"brand-fox-hr","7":"product_cat-mx-kacige","8":"product_cat-oprema-za-motokros","9":"pa_size-l-hr","10":"pa_size-m-hr","11":"pa_size-s-hr","12":"pa_size-xl-hr","14":"first","15":"instock","16":"taxable","17":"shipping-taxable","18":"purchasable","19":"product-type-variable"},"acf":[],"_links":{"self":[{"href":"https:\/\/moto-oprema.com\/hr\/wp-json\/wp\/v2\/product\/144847","targetHints":{"allow":["GET"]}}],"collection":[{"href":"https:\/\/moto-oprema.com\/hr\/wp-json\/wp\/v2\/product"}],"about":[{"href":"https:\/\/moto-oprema.com\/hr\/wp-json\/wp\/v2\/types\/product"}],"replies":[{"embeddable":true,"href":"https:\/\/moto-oprema.com\/hr\/wp-json\/wp\/v2\/comments?post=144847"}],"wp:featuredmedia":[{"embeddable":true,"href":"https:\/\/moto-oprema.com\/hr\/wp-json\/wp\/v2\/media\/22498"}],"wp:attachment":[{"href":"https:\/\/moto-oprema.com\/hr\/wp-json\/wp\/v2\/media?parent=144847"}],"wp:term":[{"taxonomy":"brand","embeddable":true,"href":"https:\/\/moto-oprema.com\/hr\/wp-json\/wp\/v2\/brand?post=144847"},{"taxonomy":"gender","embeddable":true,"href":"https:\/\/moto-oprema.com\/hr\/wp-json\/wp\/v2\/gender?post=144847"},{"taxonomy":"product_brand","embeddable":true,"href":"https:\/\/moto-oprema.com\/hr\/wp-json\/wp\/v2\/product_brand?post=144847"},{"taxonomy":"product_cat","embeddable":true,"href":"https:\/\/moto-oprema.com\/hr\/wp-json\/wp\/v2\/product_cat?post=144847"},{"taxonomy":"product_tag","embeddable":true,"href":"https:\/\/moto-oprema.com\/hr\/wp-json\/wp\/v2\/product_tag?post=144847"}],"curies":[{"name":"wp","href":"https:\/\/api.w.org\/{rel}","templated":true}]}}