{"id":144696,"date":"2023-09-19T08:09:51","date_gmt":"2023-09-19T08:09:51","guid":{"rendered":"https:\/\/moto-oprema.com\/Artikel\/fox-motion-mx-cizme-crne-fluo-zute\/"},"modified":"2023-09-19T08:09:51","modified_gmt":"2023-09-19T08:09:51","slug":"fox-motion-mx-cizme-crne-fluo-zute","status":"publish","type":"product","link":"https:\/\/moto-oprema.com\/hr\/Artikel\/fox-motion-mx-cizme-crne-fluo-zute\/","title":{"rendered":"FOX MOTION MX \u010cIZME CRNE FLUO \u017dUTE"},"content":{"rendered":"<p>Potpuno nove FOX Motion \u010dizme temelje se na novoj, pobolj\u0161anoj podstavi i nude prvoklasnu udobnost i izvrsno pristajanje.<\/p>\n<p>Gornji\u0161te od sinteti\u010dke ko\u017ee s mikrovlaknima za vrhunsku udobnost, pristajanje, fleksibilnost i izdr\u017eljivost. TPU plo\u010da za potkoljenicu, kapica, peta i \u0161titnik za metatarzalnu kost dizajnirani su za maksimalnu za\u0161titu. Elegantni dizajn me\u0111upotplata osigurava bliski kontakt s biciklom, dok Duratac\u2122 toplinska za\u0161tita pru\u017ea iznimno prianjanje. Man\u017eeta od kompozita od najlona i stakloplastike za u\u010dvr\u0161\u0107ivanje i za\u0161titu gle\u017enja. Patentirani sustav zaklju\u010davanja \u0161arkama zaustavlja kretanje i \u0161titi od preoptere\u0107enja. Novi patentirani sustav zatvaranja kop\u010dom osigurava sigurno zatvaranje i savr\u0161eno prianjanje cipele. Ekskluzivna FOX Duratac\u2122 gumena smjesa nudi iznimnu izdr\u017eljivost i neusporedivo prianjanje na potplatu i za\u0161titu od opeklina. Podstava od kompozita od najlona i stakloplastike s udarnim jastu\u010di\u0107em za petu pru\u017ea otpornost na udarce, stabilnost i potporu. Oblikovani EVA ulo\u017eak s antimikrobnom podstavom pru\u017ea udobnost, amortizaciju, kontrolu mirisa i potporu tijekom vo\u017enje.        <\/p>\n<p>Potplat i ulo\u017eak su dostupni za zamjenu.<\/p>\n","protected":false},"excerpt":{"rendered":"<p>Boja: crno-fluo \u017euta<\/p>\n","protected":false},"featured_media":22393,"comment_status":"open","ping_status":"open","template":"","meta":{"_acf_changed":false},"brand":[2738],"gender":[],"product_brand":[],"product_cat":[1356,2900,2733],"product_tag":[],"class_list":{"0":"post-144696","1":"product","2":"type-product","3":"status-publish","4":"has-post-thumbnail","6":"brand-fox-hr","7":"product_cat-motociklisticka-oprema","8":"product_cat-motokros-cizme","9":"product_cat-oprema-za-motokros","10":"pa_size-10-hr","11":"pa_size-10-5-hr","12":"pa_size-11-hr","13":"pa_size-8-hr","14":"pa_size-9-5-hr","16":"first","17":"instock","18":"taxable","19":"shipping-taxable","20":"purchasable","21":"product-type-variable"},"acf":[],"_links":{"self":[{"href":"https:\/\/moto-oprema.com\/hr\/wp-json\/wp\/v2\/product\/144696","targetHints":{"allow":["GET"]}}],"collection":[{"href":"https:\/\/moto-oprema.com\/hr\/wp-json\/wp\/v2\/product"}],"about":[{"href":"https:\/\/moto-oprema.com\/hr\/wp-json\/wp\/v2\/types\/product"}],"replies":[{"embeddable":true,"href":"https:\/\/moto-oprema.com\/hr\/wp-json\/wp\/v2\/comments?post=144696"}],"wp:featuredmedia":[{"embeddable":true,"href":"https:\/\/moto-oprema.com\/hr\/wp-json\/wp\/v2\/media\/22393"}],"wp:attachment":[{"href":"https:\/\/moto-oprema.com\/hr\/wp-json\/wp\/v2\/media?parent=144696"}],"wp:term":[{"taxonomy":"brand","embeddable":true,"href":"https:\/\/moto-oprema.com\/hr\/wp-json\/wp\/v2\/brand?post=144696"},{"taxonomy":"gender","embeddable":true,"href":"https:\/\/moto-oprema.com\/hr\/wp-json\/wp\/v2\/gender?post=144696"},{"taxonomy":"product_brand","embeddable":true,"href":"https:\/\/moto-oprema.com\/hr\/wp-json\/wp\/v2\/product_brand?post=144696"},{"taxonomy":"product_cat","embeddable":true,"href":"https:\/\/moto-oprema.com\/hr\/wp-json\/wp\/v2\/product_cat?post=144696"},{"taxonomy":"product_tag","embeddable":true,"href":"https:\/\/moto-oprema.com\/hr\/wp-json\/wp\/v2\/product_tag?post=144696"}],"curies":[{"name":"wp","href":"https:\/\/api.w.org\/{rel}","templated":true}]}}