{"id":144687,"date":"2021-05-13T09:20:14","date_gmt":"2021-05-13T09:20:14","guid":{"rendered":"https:\/\/moto-oprema.com\/Artikel\/oakley-airbrake-mx-moto-narancaste-naocale\/"},"modified":"2021-05-13T09:20:14","modified_gmt":"2021-05-13T09:20:14","slug":"oakley-airbrake-mx-moto-narancaste-naocale","status":"publish","type":"product","link":"https:\/\/moto-oprema.com\/hr\/Artikel\/oakley-airbrake-mx-moto-narancaste-naocale\/","title":{"rendered":"OAKLEY AIRBRAKE MX MOTO NARAN\u010cASTE NAO\u010cALE"},"content":{"rendered":"<p>Nao\u010dale su vrlo otporne na udarce i prve su le\u0107e izra\u0111ene od Plutonita. Ovo je novi standard za\u0161tite. Tako\u0111er rade u kombinaciji s Oakley Switchlock tehnologijom, koja omogu\u0107uje brzu i jednostavnu promjenu le\u0107a. Kut gledanja je \u0161irok, a Oakley nije zanemario ni udobnost.   <\/p>\n<p>Zna\u010dajke:<\/p>\n<\/p>\n<ul>\n<li>Plutonitna le\u0107a za visoke udarce s F3 premazom protiv zamagljivanja<\/li>\n<li>Tehnologija Switch-Lock objektiva za brzu i jednostavnu promjenu objektiva<\/li>\n<li>Sustav outriggera za uravnote\u017eeno pristajanje<\/li>\n<li>Polikarbonat brizgan pod ekstremnim tlakom za stvaranje precizne konture opti\u010dki ispravne geometrije<\/li>\n<\/ul>\n","protected":false},"excerpt":{"rendered":"<p>Okvir: Moto naran\u010dasta Staklo: Prozirno<\/p>\n","protected":false},"featured_media":12988,"comment_status":"open","ping_status":"open","template":"","meta":{"_acf_changed":false},"brand":[2860],"gender":[2172],"product_brand":[],"product_cat":[1356,2861,2733],"product_tag":[],"class_list":{"0":"post-144687","1":"product","2":"type-product","3":"status-publish","4":"has-post-thumbnail","6":"brand-oakley-hr","7":"gender-unisex-hr","8":"product_cat-motociklisticka-oprema","9":"product_cat-mx-naocale","10":"product_cat-oprema-za-motokros","12":"first","13":"onbackorder","14":"taxable","15":"shipping-taxable","16":"purchasable","17":"product-type-simple"},"acf":[],"_links":{"self":[{"href":"https:\/\/moto-oprema.com\/hr\/wp-json\/wp\/v2\/product\/144687","targetHints":{"allow":["GET"]}}],"collection":[{"href":"https:\/\/moto-oprema.com\/hr\/wp-json\/wp\/v2\/product"}],"about":[{"href":"https:\/\/moto-oprema.com\/hr\/wp-json\/wp\/v2\/types\/product"}],"replies":[{"embeddable":true,"href":"https:\/\/moto-oprema.com\/hr\/wp-json\/wp\/v2\/comments?post=144687"}],"wp:featuredmedia":[{"embeddable":true,"href":"https:\/\/moto-oprema.com\/hr\/wp-json\/wp\/v2\/media\/12988"}],"wp:attachment":[{"href":"https:\/\/moto-oprema.com\/hr\/wp-json\/wp\/v2\/media?parent=144687"}],"wp:term":[{"taxonomy":"brand","embeddable":true,"href":"https:\/\/moto-oprema.com\/hr\/wp-json\/wp\/v2\/brand?post=144687"},{"taxonomy":"gender","embeddable":true,"href":"https:\/\/moto-oprema.com\/hr\/wp-json\/wp\/v2\/gender?post=144687"},{"taxonomy":"product_brand","embeddable":true,"href":"https:\/\/moto-oprema.com\/hr\/wp-json\/wp\/v2\/product_brand?post=144687"},{"taxonomy":"product_cat","embeddable":true,"href":"https:\/\/moto-oprema.com\/hr\/wp-json\/wp\/v2\/product_cat?post=144687"},{"taxonomy":"product_tag","embeddable":true,"href":"https:\/\/moto-oprema.com\/hr\/wp-json\/wp\/v2\/product_tag?post=144687"}],"curies":[{"name":"wp","href":"https:\/\/api.w.org\/{rel}","templated":true}]}}