{"id":144652,"date":"2021-06-18T09:53:07","date_gmt":"2021-06-18T09:53:07","guid":{"rendered":"https:\/\/moto-oprema.com\/Artikel\/alpinestars-sp-8-v3-rukavice-crne-bijele-crvene\/"},"modified":"2021-06-18T09:53:07","modified_gmt":"2021-06-18T09:53:07","slug":"alpinestars-sp-8-v3-rukavice-crne-bijele-crvene","status":"publish","type":"product","link":"https:\/\/moto-oprema.com\/hr\/Artikel\/alpinestars-sp-8-v3-rukavice-crne-bijele-crvene\/","title":{"rendered":"ALPINESTARS SP-8 V3 RUKAVICE CRNE BIJELE CRVENE"},"content":{"rendered":"<p>Alpinestars SP-8 V3 rukavice izra\u0111ene su od ko\u017ee koja je izuzetno otporna na habanje. Zglobovi su za\u0161ti\u0107eni \u0161titnikom od polimera. Osim visoke razine za\u0161tite, SP-8 V3 rukavice vam nude i slobodu kretanja i udobnost. Prsti su prethodno oblikovani, a pri\u010dvr\u0161\u0107ivanje je \u010di\u010dkom. Na dlanu i palcu na\u0107i \u0107ete novi anatomski oblikovani umetak za bolji hvat.    <\/p>\n<p>Zna\u010dajke:<\/p>\n<p><strong>Zna\u010dajke:<\/strong><\/p>\n<ul>\n<li>Vrhunska izrada od punozrnate kozje ko\u017ee i sinteti\u010dke ko\u017ee udobna je, izdr\u017eljiva i nudi izvrsnu otpornost na habanje.<\/li>\n<li>Izvrsne performanse pri ponovljenim udarcima nudi napredni SP \u0161titnik za zglobove dvostruke gusto\u0107e, izveden iz MotoGP-a (razina 1, EN 13594 2015)<\/li>\n<li>Produ\u017eena man\u017eeta za ve\u0107u pokrivenost s integriranim zatvara\u010dem za sigurnost i jednostavnost kori\u0161tenja.<\/li>\n<li>Inovativni umetak od mikrovlakana i PU-a strate\u0161ki je postavljen na dlanu i palcu za izvrsnu razinu kontrole hvata i izdr\u017eljivosti.<\/li>\n<li>Alpinestarsov ekskluzivni ergonomski rastezljivi umetak izme\u0111u dlana i palca nudi pobolj\u0161ani raspon pokreta ruke i ve\u0107u osjetljivost prilikom upravljanja kontrolama bicikla.<\/li>\n<li>Uklju\u010duje oja\u010danje dlana i dosjeda od vrhunske sinteti\u010dke bru\u0161ene ko\u017ee za prianjanje, kontrolu i izdr\u017eljivost.<\/li>\n<li>Arshield oja\u010danje na kliza\u010du dlana za vrhunsku otpornost na habanje.<\/li>\n<li>Alpinestarsov patentirani most za tre\u0107i i \u010detvrti prst sprje\u010dava pucanje \u0161avova i odvajanje prstiju u slu\u010daju klizanja.<\/li>\n<li>Perforirana man\u017eeta plus perforirane bo\u010dne stijenke prstiju za vrhunsku prozra\u010dnost.<\/li>\n<li>Zatvaranje na \u010di\u010dak traku i zglob, plus elasti\u010dni dizajn zgloba za sigurno i personalizirano pristajanje.<\/li>\n<li>Unaprijed oblikovani, anatomski dizajn prstiju i pola unutarnjih\/pola vanjskih \u0161avova za udobnost i izniman osje\u0107aj.<\/li>\n<li>Vrhovi prsta na ka\u017eiprstu i palcu kompatibilni sa zaslonima osjetljivim na dodir za kori\u0161tenje s ure\u0111ajima sa zaslonom osjetljivim na dodir.<\/li>\n<li>Nova konstrukcija za manje \u0161avova i pove\u0107anu udobnost voza\u010da.<\/li>\n<\/ul>\n<p>Sastav sirovina: Ko\u017ea, Polimer, Mikrofibra<\/p>\n","protected":false},"excerpt":{"rendered":"<p>Alpinestars SP-8 V3 rukavice izra\u0111ene su od ko\u017ee koja je izuzetno otporna na habanje.<\/p>\n","protected":false},"featured_media":13148,"comment_status":"open","ping_status":"open","template":"","meta":{"_acf_changed":false},"brand":[2748],"gender":[1313],"product_brand":[],"product_cat":[2835,1356,2816],"product_tag":[],"class_list":{"0":"post-144652","1":"product","2":"type-product","3":"status-publish","4":"has-post-thumbnail","6":"brand-alpinestars-hr","7":"gender-moski","8":"product_cat-kozne-rukavice","9":"product_cat-motociklisticka-oprema","10":"product_cat-rukavice","11":"pa_velikost-rokovice-l-hr","12":"pa_velikost-rokovice-m-hr","13":"pa_velikost-rokovice-s-hr","14":"pa_velikost-rokovice-xl-hr","15":"pa_velikost-rokovice-xxl-hr","17":"first","18":"onbackorder","19":"sale","20":"taxable","21":"shipping-taxable","22":"purchasable","23":"product-type-variable"},"acf":[],"_links":{"self":[{"href":"https:\/\/moto-oprema.com\/hr\/wp-json\/wp\/v2\/product\/144652","targetHints":{"allow":["GET"]}}],"collection":[{"href":"https:\/\/moto-oprema.com\/hr\/wp-json\/wp\/v2\/product"}],"about":[{"href":"https:\/\/moto-oprema.com\/hr\/wp-json\/wp\/v2\/types\/product"}],"replies":[{"embeddable":true,"href":"https:\/\/moto-oprema.com\/hr\/wp-json\/wp\/v2\/comments?post=144652"}],"wp:featuredmedia":[{"embeddable":true,"href":"https:\/\/moto-oprema.com\/hr\/wp-json\/wp\/v2\/media\/13148"}],"wp:attachment":[{"href":"https:\/\/moto-oprema.com\/hr\/wp-json\/wp\/v2\/media?parent=144652"}],"wp:term":[{"taxonomy":"brand","embeddable":true,"href":"https:\/\/moto-oprema.com\/hr\/wp-json\/wp\/v2\/brand?post=144652"},{"taxonomy":"gender","embeddable":true,"href":"https:\/\/moto-oprema.com\/hr\/wp-json\/wp\/v2\/gender?post=144652"},{"taxonomy":"product_brand","embeddable":true,"href":"https:\/\/moto-oprema.com\/hr\/wp-json\/wp\/v2\/product_brand?post=144652"},{"taxonomy":"product_cat","embeddable":true,"href":"https:\/\/moto-oprema.com\/hr\/wp-json\/wp\/v2\/product_cat?post=144652"},{"taxonomy":"product_tag","embeddable":true,"href":"https:\/\/moto-oprema.com\/hr\/wp-json\/wp\/v2\/product_tag?post=144652"}],"curies":[{"name":"wp","href":"https:\/\/api.w.org\/{rel}","templated":true}]}}