{"id":144578,"date":"2021-05-07T10:05:18","date_gmt":"2021-05-07T10:05:18","guid":{"rendered":"https:\/\/moto-oprema.com\/Artikel\/spidi-laser-touring-zenska-kozna-2-dij-crne-fuksijaste\/"},"modified":"2021-05-07T10:05:18","modified_gmt":"2021-05-07T10:05:18","slug":"spidi-laser-touring-zenska-kozna-2-dij-crne-fuksijaste","status":"publish","type":"product","link":"https:\/\/moto-oprema.com\/hr\/Artikel\/spidi-laser-touring-zenska-kozna-2-dij-crne-fuksijaste\/","title":{"rendered":"SPIDI LASER TOURING \u017dENSKA KO\u017dNA 2-DIJ. CRNE FUKSIJASTE"},"content":{"rendered":"<p><span class=\"VIiyi\" lang=\"sl\" xml_lang=\"sl\"><span class=\"JLqJ4b ChMk0b\">\u017denski model Laser Touring posebno je razvio SPIDI za sporta\u0161e i voza\u010de sportsko-turisti\u010dkih biciklisti\u010dkih staza.<\/span> <span class=\"JLqJ4b ChMk0b\">Svaki Laser Touring ima CE certifikat prema prEN 17092-2:2017 klasi AAA i ima izdr\u017eljivu vanj\u0161tinu od ko\u017ee debljine od 1,1 do 1,3 mm, s elasti\u010dnim najlonskim oja\u010danjem na fleksibilnim podru\u010djima &#8211; \u0161to nudi iznimnu otpornost na habanje.<\/span><\/span><\/p>\n<p>Zna\u010dajke:<\/p>\n<ul>\n<li>izra\u0111eno od kravlje ko\u017ee (debljine 1,1 &#8211; 1,3 mm) i najlona Tenax-6.6 visoke otpornosti na abraziju<\/li>\n<li>prakti\u010dno odijelo iz dva dijela<\/li>\n<li>\u010dvrsto u\u0161ivena mre\u017easta podstava<\/li>\n<li>mekani neoprenski umeci na ovratniku<\/li>\n<li>mekane man\u017eete za noge<\/li>\n<li>umetci od harmonika rastezljivog materijala za bolju slobodu kretanja<\/li>\n<li>u skladu je sa standardom za za\u0161titnu odje\u0107u za motocikliste prema EN 17092, klasa AAA (2016\/454)<\/li>\n<li>Za\u0161tita za le\u0111a mo\u017ee se naknadno ugraditi (nije uklju\u010dena i mora se naru\u010diti zasebno)<\/li>\n<li>Ratni\u010dke naramenice<\/li>\n<li>Warrior \u0161titnici prema EN 1621-1, razina 2 na koljenima i laktovima<\/li>\n<li>Warrior \u0161titnici prema EN 1621-1, razina 1 na bokovima i ramenima<\/li>\n<\/ul>\n<p>Sastav sirovine: 85% kravlja ko\u017ea, 15% najlon<\/p>\n","protected":false},"excerpt":{"rendered":"<p>\u017denski model Laser Touring posebno je razvio SPIDI za sporta\u0161e i voza\u010de sportsko-turisti\u010dkih biciklisti\u010dkih staza. Svaki&#8230;<\/p>\n","protected":false},"featured_media":12938,"comment_status":"open","ping_status":"open","template":"","meta":{"_acf_changed":false},"brand":[2732],"gender":[1314],"product_brand":[],"product_cat":[2858,2859,1356],"product_tag":[],"class_list":{"0":"post-144578","1":"product","2":"type-product","3":"status-publish","4":"has-post-thumbnail","6":"brand-spidi-hr","7":"gender-zenska","8":"product_cat-dvodijelni-kombinezoni","9":"product_cat-kombinezoni-hr","10":"product_cat-motociklisticka-oprema","11":"pa_size-40-hr","12":"pa_size-42-hr","13":"pa_size-44-hr","14":"pa_size-46-hr","15":"pa_size-48-hr","16":"pa_size-50-hr","18":"first","19":"onbackorder","20":"taxable","21":"shipping-taxable","22":"purchasable","23":"product-type-variable"},"acf":[],"_links":{"self":[{"href":"https:\/\/moto-oprema.com\/hr\/wp-json\/wp\/v2\/product\/144578","targetHints":{"allow":["GET"]}}],"collection":[{"href":"https:\/\/moto-oprema.com\/hr\/wp-json\/wp\/v2\/product"}],"about":[{"href":"https:\/\/moto-oprema.com\/hr\/wp-json\/wp\/v2\/types\/product"}],"replies":[{"embeddable":true,"href":"https:\/\/moto-oprema.com\/hr\/wp-json\/wp\/v2\/comments?post=144578"}],"wp:featuredmedia":[{"embeddable":true,"href":"https:\/\/moto-oprema.com\/hr\/wp-json\/wp\/v2\/media\/12938"}],"wp:attachment":[{"href":"https:\/\/moto-oprema.com\/hr\/wp-json\/wp\/v2\/media?parent=144578"}],"wp:term":[{"taxonomy":"brand","embeddable":true,"href":"https:\/\/moto-oprema.com\/hr\/wp-json\/wp\/v2\/brand?post=144578"},{"taxonomy":"gender","embeddable":true,"href":"https:\/\/moto-oprema.com\/hr\/wp-json\/wp\/v2\/gender?post=144578"},{"taxonomy":"product_brand","embeddable":true,"href":"https:\/\/moto-oprema.com\/hr\/wp-json\/wp\/v2\/product_brand?post=144578"},{"taxonomy":"product_cat","embeddable":true,"href":"https:\/\/moto-oprema.com\/hr\/wp-json\/wp\/v2\/product_cat?post=144578"},{"taxonomy":"product_tag","embeddable":true,"href":"https:\/\/moto-oprema.com\/hr\/wp-json\/wp\/v2\/product_tag?post=144578"}],"curies":[{"name":"wp","href":"https:\/\/api.w.org\/{rel}","templated":true}]}}