{"id":144532,"date":"2021-09-30T09:29:16","date_gmt":"2021-09-30T09:29:16","guid":{"rendered":"https:\/\/moto-oprema.com\/Artikel\/fox-mtb-stitnici-za-laktove-lansirali-d3o-kids\/"},"modified":"2021-09-30T09:29:16","modified_gmt":"2021-09-30T09:29:16","slug":"fox-mtb-stitnici-za-laktove-lansirali-d3o-kids","status":"publish","type":"product","link":"https:\/\/moto-oprema.com\/hr\/Artikel\/fox-mtb-stitnici-za-laktove-lansirali-d3o-kids\/","title":{"rendered":"FOX MTB \u0160TITNICI ZA LAKTOVE LANSIRALI D3O KIDS"},"content":{"rendered":"<p>Dje\u010dji &#8211; omladinski model! Univerzalna veli\u010dina. <\/p>\n<p>\u0160titnike za laktove Launch D3O\u00ae nose najbolji svjetski piloti i imaju CE certifikat. CE certifikat prema EN1621-1 razini performansi 1. Klizni dizajn s podesivim remenom za pri\u010dvr\u0161\u0107ivanje.  <\/p>\n<p>Sastav: 20% najlon, 40% SBR, 30% PU, 5% poliester, 5% elastan.<\/p>\n","protected":false},"excerpt":{"rendered":"<p>Dje\u010dji &#8211; omladinski model! Univerzalna veli\u010dina. \u0160titnike za laktove Launch D3O\u00ae nose najbolji svjetski piloti i&#8230;<\/p>\n","protected":false},"featured_media":13929,"comment_status":"open","ping_status":"closed","template":"","meta":{"_acf_changed":false},"brand":[2738],"gender":[2172],"product_brand":[],"product_cat":[2740,2741],"product_tag":[],"class_list":{"0":"post-144532","1":"product","2":"type-product","3":"status-publish","4":"has-post-thumbnail","6":"brand-fox-hr","7":"gender-unisex-hr","8":"product_cat-mtb-biciklisticka-oprema","9":"product_cat-mtb-stitnici","11":"first","12":"instock","13":"taxable","14":"shipping-taxable","15":"purchasable","16":"product-type-simple"},"acf":[],"_links":{"self":[{"href":"https:\/\/moto-oprema.com\/hr\/wp-json\/wp\/v2\/product\/144532","targetHints":{"allow":["GET"]}}],"collection":[{"href":"https:\/\/moto-oprema.com\/hr\/wp-json\/wp\/v2\/product"}],"about":[{"href":"https:\/\/moto-oprema.com\/hr\/wp-json\/wp\/v2\/types\/product"}],"replies":[{"embeddable":true,"href":"https:\/\/moto-oprema.com\/hr\/wp-json\/wp\/v2\/comments?post=144532"}],"wp:featuredmedia":[{"embeddable":true,"href":"https:\/\/moto-oprema.com\/hr\/wp-json\/wp\/v2\/media\/13929"}],"wp:attachment":[{"href":"https:\/\/moto-oprema.com\/hr\/wp-json\/wp\/v2\/media?parent=144532"}],"wp:term":[{"taxonomy":"brand","embeddable":true,"href":"https:\/\/moto-oprema.com\/hr\/wp-json\/wp\/v2\/brand?post=144532"},{"taxonomy":"gender","embeddable":true,"href":"https:\/\/moto-oprema.com\/hr\/wp-json\/wp\/v2\/gender?post=144532"},{"taxonomy":"product_brand","embeddable":true,"href":"https:\/\/moto-oprema.com\/hr\/wp-json\/wp\/v2\/product_brand?post=144532"},{"taxonomy":"product_cat","embeddable":true,"href":"https:\/\/moto-oprema.com\/hr\/wp-json\/wp\/v2\/product_cat?post=144532"},{"taxonomy":"product_tag","embeddable":true,"href":"https:\/\/moto-oprema.com\/hr\/wp-json\/wp\/v2\/product_tag?post=144532"}],"curies":[{"name":"wp","href":"https:\/\/api.w.org\/{rel}","templated":true}]}}