{"id":144523,"date":"2021-09-30T10:51:01","date_gmt":"2021-09-30T10:51:01","guid":{"rendered":"https:\/\/moto-oprema.com\/Artikel\/djecje-hlace-oneal-mx-element-attack\/"},"modified":"2021-09-30T10:51:01","modified_gmt":"2021-09-30T10:51:01","slug":"djecje-hlace-oneal-mx-element-attack","status":"publish","type":"product","link":"https:\/\/moto-oprema.com\/hr\/Artikel\/djecje-hlace-oneal-mx-element-attack\/","title":{"rendered":"DJE\u010cJE HLA\u010cE O&#8217;NEAL MX ELEMENT ATTACK"},"content":{"rendered":"<p><span class=\"VIiyi\" xml_lang=\"sl\" lang=\"sl\"><span class=\"JLqJ4b ChMk0b\"><span>Udobne i izdr\u017eljive motokros hla\u010de O&#8217;NEAL Element Villain<\/span><\/span><\/span><\/p>\n<p><span class=\"VIiyi\" xml_lang=\"sl\" lang=\"sl\"><span class=\"JLqJ4b ChMk0b\"><span>Materijali nude savr\u0161enu kombinaciju udobnosti i za\u0161tite, lagan, prozra\u010dan i izdr\u017eljiv dizajn sa za\u0161titnim i rastezljivim umetcima, ergonomski oblikovane nogavice, elasti\u010dni pojas s podesivim sustavom kop\u010danja s kop\u010dom.<\/span><\/span><\/span><\/p>\n<p><span class=\"VIiyi\" xml_lang=\"sl\" lang=\"sl\"><span class=\"JLqJ4b ChMk0b\"><span>Sastav sirovine: 100% poliester<\/span><\/span><\/span><\/p>\n","protected":false},"excerpt":{"rendered":"<p>Udobne i izdr\u017eljive motokros hla\u010de O&#8217;NEAL Element Villain Materijali nude savr\u0161enu kombinaciju udobnosti i za\u0161tite, lagan,&#8230;<\/p>\n","protected":false},"featured_media":13943,"comment_status":"open","ping_status":"open","template":"","meta":{"_acf_changed":false},"brand":[2849],"gender":[],"product_brand":[],"product_cat":[2895,2733,2892],"product_tag":[],"class_list":{"0":"post-144523","1":"product","2":"type-product","3":"status-publish","4":"has-post-thumbnail","6":"brand-oneal-hr","7":"product_cat-mx-hlace-hr-2","8":"product_cat-oprema-za-motokros","9":"product_cat-za-najmlade-hr","10":"pa_size-22-hr","11":"pa_size-24-hr","12":"pa_size-26-hr","13":"pa_size-28-hr","15":"first","16":"onbackorder","17":"taxable","18":"shipping-taxable","19":"purchasable","20":"product-type-variable"},"acf":[],"_links":{"self":[{"href":"https:\/\/moto-oprema.com\/hr\/wp-json\/wp\/v2\/product\/144523","targetHints":{"allow":["GET"]}}],"collection":[{"href":"https:\/\/moto-oprema.com\/hr\/wp-json\/wp\/v2\/product"}],"about":[{"href":"https:\/\/moto-oprema.com\/hr\/wp-json\/wp\/v2\/types\/product"}],"replies":[{"embeddable":true,"href":"https:\/\/moto-oprema.com\/hr\/wp-json\/wp\/v2\/comments?post=144523"}],"wp:featuredmedia":[{"embeddable":true,"href":"https:\/\/moto-oprema.com\/hr\/wp-json\/wp\/v2\/media\/13943"}],"wp:attachment":[{"href":"https:\/\/moto-oprema.com\/hr\/wp-json\/wp\/v2\/media?parent=144523"}],"wp:term":[{"taxonomy":"brand","embeddable":true,"href":"https:\/\/moto-oprema.com\/hr\/wp-json\/wp\/v2\/brand?post=144523"},{"taxonomy":"gender","embeddable":true,"href":"https:\/\/moto-oprema.com\/hr\/wp-json\/wp\/v2\/gender?post=144523"},{"taxonomy":"product_brand","embeddable":true,"href":"https:\/\/moto-oprema.com\/hr\/wp-json\/wp\/v2\/product_brand?post=144523"},{"taxonomy":"product_cat","embeddable":true,"href":"https:\/\/moto-oprema.com\/hr\/wp-json\/wp\/v2\/product_cat?post=144523"},{"taxonomy":"product_tag","embeddable":true,"href":"https:\/\/moto-oprema.com\/hr\/wp-json\/wp\/v2\/product_tag?post=144523"}],"curies":[{"name":"wp","href":"https:\/\/api.w.org\/{rel}","templated":true}]}}