{"id":143994,"date":"2021-05-12T12:52:09","date_gmt":"2021-05-12T12:52:09","guid":{"rendered":"https:\/\/moto-oprema.com\/Artikel\/oakley-airbrake-prizm-mx-moto-naocale-zute\/"},"modified":"2021-05-12T12:52:09","modified_gmt":"2021-05-12T12:52:09","slug":"oakley-airbrake-prizm-mx-moto-naocale-zute","status":"publish","type":"product","link":"https:\/\/moto-oprema.com\/hr\/Artikel\/oakley-airbrake-prizm-mx-moto-naocale-zute\/","title":{"rendered":"OAKLEY AIRBRAKE PRIZM MX MOTO NAO\u010cALE \u017dUTE"},"content":{"rendered":"<p>Oakley Prizm le\u0107e poma\u017eu vam da vidite male promjene na terenu na stazi i poma\u017eu vam da donosite bolje odluke koje morate donijeti u djeli\u0107u sekunde. Nao\u010dale su vrlo otporne na udarce i prve su le\u0107e izra\u0111ene od Plutonita. Ovo je novi standard za\u0161tite. Tako\u0111er rade u kombinaciji s Oakley Switchlock tehnologijom, koja omogu\u0107uje brzu i jednostavnu promjenu le\u0107a. Kut gledanja je \u0161irok, a Oakley nije zanemario ni udobnost.    <\/p>\n<p>Zna\u010dajke:<\/p>\n<ul>\n<li>PRIZM\u2122 tehnologija le\u0107a<\/li>\n<li>Plutonitna le\u0107a za visoke udarce s F3 premazom protiv zamagljivanja<\/li>\n<li>Tehnologija Switch-Lock objektiva za brzu i jednostavnu promjenu objektiva<\/li>\n<li>Sustav outriggera za uravnote\u017eeno pristajanje<\/li>\n<li>Polikarbonat brizgan pod ekstremnim tlakom za stvaranje precizne konture opti\u010dki ispravne geometrije<\/li>\n<\/ul>\n","protected":false},"excerpt":{"rendered":"<p>Okvir: Moto \u017euti Le\u0107a: Prizm MX Bronze<\/p>\n","protected":false},"featured_media":12980,"comment_status":"open","ping_status":"open","template":"","meta":{"_acf_changed":false},"brand":[2860],"gender":[2172],"product_brand":[],"product_cat":[1356,2861,2733],"product_tag":[],"class_list":{"0":"post-143994","1":"product","2":"type-product","3":"status-publish","4":"has-post-thumbnail","6":"brand-oakley-hr","7":"gender-unisex-hr","8":"product_cat-motociklisticka-oprema","9":"product_cat-mx-naocale","10":"product_cat-oprema-za-motokros","12":"first","13":"onbackorder","14":"taxable","15":"shipping-taxable","16":"purchasable","17":"product-type-simple"},"acf":[],"_links":{"self":[{"href":"https:\/\/moto-oprema.com\/hr\/wp-json\/wp\/v2\/product\/143994","targetHints":{"allow":["GET"]}}],"collection":[{"href":"https:\/\/moto-oprema.com\/hr\/wp-json\/wp\/v2\/product"}],"about":[{"href":"https:\/\/moto-oprema.com\/hr\/wp-json\/wp\/v2\/types\/product"}],"replies":[{"embeddable":true,"href":"https:\/\/moto-oprema.com\/hr\/wp-json\/wp\/v2\/comments?post=143994"}],"wp:featuredmedia":[{"embeddable":true,"href":"https:\/\/moto-oprema.com\/hr\/wp-json\/wp\/v2\/media\/12980"}],"wp:attachment":[{"href":"https:\/\/moto-oprema.com\/hr\/wp-json\/wp\/v2\/media?parent=143994"}],"wp:term":[{"taxonomy":"brand","embeddable":true,"href":"https:\/\/moto-oprema.com\/hr\/wp-json\/wp\/v2\/brand?post=143994"},{"taxonomy":"gender","embeddable":true,"href":"https:\/\/moto-oprema.com\/hr\/wp-json\/wp\/v2\/gender?post=143994"},{"taxonomy":"product_brand","embeddable":true,"href":"https:\/\/moto-oprema.com\/hr\/wp-json\/wp\/v2\/product_brand?post=143994"},{"taxonomy":"product_cat","embeddable":true,"href":"https:\/\/moto-oprema.com\/hr\/wp-json\/wp\/v2\/product_cat?post=143994"},{"taxonomy":"product_tag","embeddable":true,"href":"https:\/\/moto-oprema.com\/hr\/wp-json\/wp\/v2\/product_tag?post=143994"}],"curies":[{"name":"wp","href":"https:\/\/api.w.org\/{rel}","templated":true}]}}