{"id":143990,"date":"2021-05-12T10:16:00","date_gmt":"2021-05-12T10:16:00","guid":{"rendered":"https:\/\/moto-oprema.com\/Artikel\/oakley-o-frame-mx-narancaste-naocale\/"},"modified":"2021-05-12T10:16:00","modified_gmt":"2021-05-12T10:16:00","slug":"oakley-o-frame-mx-narancaste-naocale","status":"publish","type":"product","link":"https:\/\/moto-oprema.com\/hr\/Artikel\/oakley-o-frame-mx-narancaste-naocale\/","title":{"rendered":"OAKLEY O-FRAME MX NARAN\u010cASTE NAO\u010cALE"},"content":{"rendered":"<p>Klasi\u010dne sun\u010dane MX nao\u010dale. Vi\u0161e od 1000 puta uspje\u0161no kori\u0161tene u raznim utrkama i treninzima. Vizir otporan na udarce i ogrebotine. Funkcija protiv zamagljivanja. 100% UVA\/UVB\/UVC za\u0161tita. Izvrsna udobnost no\u0161enja i prilago\u0111avanje obliku lica.     <\/p><\/p>\n","protected":false},"excerpt":{"rendered":"<p>Boja stakla: Prozirna OKVIR: Naran\u010dasti<\/p>\n","protected":false},"featured_media":12960,"comment_status":"open","ping_status":"open","template":"","meta":{"_acf_changed":false},"brand":[2860],"gender":[2172],"product_brand":[],"product_cat":[1356,2861,2733],"product_tag":[],"class_list":{"0":"post-143990","1":"product","2":"type-product","3":"status-publish","4":"has-post-thumbnail","6":"brand-oakley-hr","7":"gender-unisex-hr","8":"product_cat-motociklisticka-oprema","9":"product_cat-mx-naocale","10":"product_cat-oprema-za-motokros","12":"first","13":"onbackorder","14":"taxable","15":"shipping-taxable","16":"purchasable","17":"product-type-simple"},"acf":[],"_links":{"self":[{"href":"https:\/\/moto-oprema.com\/hr\/wp-json\/wp\/v2\/product\/143990","targetHints":{"allow":["GET"]}}],"collection":[{"href":"https:\/\/moto-oprema.com\/hr\/wp-json\/wp\/v2\/product"}],"about":[{"href":"https:\/\/moto-oprema.com\/hr\/wp-json\/wp\/v2\/types\/product"}],"replies":[{"embeddable":true,"href":"https:\/\/moto-oprema.com\/hr\/wp-json\/wp\/v2\/comments?post=143990"}],"wp:featuredmedia":[{"embeddable":true,"href":"https:\/\/moto-oprema.com\/hr\/wp-json\/wp\/v2\/media\/12960"}],"wp:attachment":[{"href":"https:\/\/moto-oprema.com\/hr\/wp-json\/wp\/v2\/media?parent=143990"}],"wp:term":[{"taxonomy":"brand","embeddable":true,"href":"https:\/\/moto-oprema.com\/hr\/wp-json\/wp\/v2\/brand?post=143990"},{"taxonomy":"gender","embeddable":true,"href":"https:\/\/moto-oprema.com\/hr\/wp-json\/wp\/v2\/gender?post=143990"},{"taxonomy":"product_brand","embeddable":true,"href":"https:\/\/moto-oprema.com\/hr\/wp-json\/wp\/v2\/product_brand?post=143990"},{"taxonomy":"product_cat","embeddable":true,"href":"https:\/\/moto-oprema.com\/hr\/wp-json\/wp\/v2\/product_cat?post=143990"},{"taxonomy":"product_tag","embeddable":true,"href":"https:\/\/moto-oprema.com\/hr\/wp-json\/wp\/v2\/product_tag?post=143990"}],"curies":[{"name":"wp","href":"https:\/\/api.w.org\/{rel}","templated":true}]}}