{"id":143729,"date":"2021-05-18T10:19:59","date_gmt":"2021-05-18T10:19:59","guid":{"rendered":"https:\/\/moto-oprema.com\/Artikel\/alpinestars-stella-sector-zenske-cipele\/"},"modified":"2021-05-18T10:19:59","modified_gmt":"2021-05-18T10:19:59","slug":"alpinestars-stella-sector-zenske-cipele","status":"publish","type":"product","link":"https:\/\/moto-oprema.com\/hr\/Artikel\/alpinestars-stella-sector-zenske-cipele\/","title":{"rendered":"ALPINESTARS STELLA SECTOR \u017dENSKE CIPELE"},"content":{"rendered":"<p><span style=\"font-family:arial, helvetica, sans-serif;font-size:small;\">Uzak profil, lagana i izdr\u017eljiva vanjska strana od mikrovlakana, TPR \u0161titnici za gle\u017enjeve, integrirana metalna plo\u010da u potplatu za bolju za\u0161titu u slu\u010daju pada, &#8230;<br \/><\/span><span style=\"font-family:arial, helvetica, sans-serif;font-size:small;\"><b><br \/>Sastav sirovine:  <\/b><\/span><span style=\"font-family:arial, helvetica, sans-serif;font-size:small;\"><span id=\"result_box\" xml_lang=\"sl\" lang=\"sl\"><span class=\"hps\"><\/span><\/span><\/span><span style=\"font-family:arial, helvetica, sans-serif;font-size:small;\"><span><span><br \/>Gornji\u0161te: Bru\u0161ena ko\u017ea i sinteti\u010dki materijal<\/span><\/span><span xml_lang=\"sl\" lang=\"sl\"><\/span><span xml_lang=\"sl\" lang=\"sl\"><span class=\"hps\"><\/span><\/span><span><span>. Podstava: teflonska mre\u017ea i kambrella<\/span><\/span><span xml_lang=\"sl\" lang=\"sl\"><\/span><span xml_lang=\"sl\" lang=\"sl\"><\/span><span><span>. Potplat: Guma<\/span><\/span><\/span><\/p>\n","protected":false},"excerpt":{"rendered":"<p>Boja: Crno-fuksija<\/p>\n","protected":false},"featured_media":13038,"comment_status":"open","ping_status":"closed","template":"","meta":{"_acf_changed":false},"brand":[2748],"gender":[1314],"product_brand":[],"product_cat":[2770,1356,2769],"product_tag":[],"class_list":{"0":"post-143729","1":"product","2":"type-product","3":"status-publish","4":"has-post-thumbnail","6":"brand-alpinestars-hr","7":"gender-zenska","8":"product_cat-gradska-obuca","9":"product_cat-motociklisticka-oprema","10":"product_cat-obuca","11":"pa_size-36-hr","12":"pa_size-37-hr","13":"pa_size-37-5-hr","14":"pa_size-38-hr","15":"pa_size-38-5-hr","16":"pa_size-39-hr","18":"first","19":"outofstock","20":"sale","21":"taxable","22":"shipping-taxable","23":"purchasable","24":"product-type-variable"},"acf":[],"_links":{"self":[{"href":"https:\/\/moto-oprema.com\/hr\/wp-json\/wp\/v2\/product\/143729","targetHints":{"allow":["GET"]}}],"collection":[{"href":"https:\/\/moto-oprema.com\/hr\/wp-json\/wp\/v2\/product"}],"about":[{"href":"https:\/\/moto-oprema.com\/hr\/wp-json\/wp\/v2\/types\/product"}],"replies":[{"embeddable":true,"href":"https:\/\/moto-oprema.com\/hr\/wp-json\/wp\/v2\/comments?post=143729"}],"wp:featuredmedia":[{"embeddable":true,"href":"https:\/\/moto-oprema.com\/hr\/wp-json\/wp\/v2\/media\/13038"}],"wp:attachment":[{"href":"https:\/\/moto-oprema.com\/hr\/wp-json\/wp\/v2\/media?parent=143729"}],"wp:term":[{"taxonomy":"brand","embeddable":true,"href":"https:\/\/moto-oprema.com\/hr\/wp-json\/wp\/v2\/brand?post=143729"},{"taxonomy":"gender","embeddable":true,"href":"https:\/\/moto-oprema.com\/hr\/wp-json\/wp\/v2\/gender?post=143729"},{"taxonomy":"product_brand","embeddable":true,"href":"https:\/\/moto-oprema.com\/hr\/wp-json\/wp\/v2\/product_brand?post=143729"},{"taxonomy":"product_cat","embeddable":true,"href":"https:\/\/moto-oprema.com\/hr\/wp-json\/wp\/v2\/product_cat?post=143729"},{"taxonomy":"product_tag","embeddable":true,"href":"https:\/\/moto-oprema.com\/hr\/wp-json\/wp\/v2\/product_tag?post=143729"}],"curies":[{"name":"wp","href":"https:\/\/api.w.org\/{rel}","templated":true}]}}