{"id":143652,"date":"2021-09-09T11:43:57","date_gmt":"2021-09-09T11:43:57","guid":{"rendered":"https:\/\/moto-oprema.com\/Artikel\/dainese-smart-jakna-hi-vis-prsluk-zracnog-jakna\/"},"modified":"2021-09-09T11:43:57","modified_gmt":"2021-09-09T11:43:57","slug":"dainese-smart-jakna-hi-vis-prsluk-zracnog-jakna","status":"publish","type":"product","link":"https:\/\/moto-oprema.com\/hr\/Artikel\/dainese-smart-jakna-hi-vis-prsluk-zracnog-jakna\/","title":{"rendered":"DAINESE SMART JAKNA HI VIS &#8211; PRSLUK ZRA\u010cNOG JAKNA"},"content":{"rendered":"<p id=\"m_2920195373035032500gmail-docs-internal-guid-de081fe7-7fff-da6d-044f-35fdcf2a5697\" dir=\"ltr\" style=\"line-height: 1.38;margin-top: 0pt;margin-bottom: 0pt\"><span style=\"font-size: 11pt;font-family: Arial;color: #000000;background-color: transparent;font-weight: 400;font-style: normal;font-variant: normal;text-decoration: none;vertical-align: baseline\">Ista tehnologija koja se koristi u MotoGP-u sada je dostupna svima. Dainese Smart jakna koristi najnapredniju Dainese D-Air tehnologiju, koju koriste i MotoGP voza\u010di. Svestrana je i prikladna za sve voza\u010de. Mo\u017ee se nositi ispod ili preko drugih jakni ili odijela i ne zahtijeva nikakve kablove ili veze s va\u0161im motociklom. Osim toga, izuzetno je prozra\u010dna i vrlo se lako sklapa. Jakna dolazi u dvije verzije &#8211; mu\u0161koj i \u017eenskoj. Svaka verzija ima 6 veli\u010dina. Ono \u0161to je \u010dini jedinstvenom je jednostavnost kori\u0161tenja. Kada je ne koristite, jednostavno je sklopite i spremite u pretinac. Zahvaljuju\u0107i bateriji velikog kapaciteta, jakna nudi do 26 sati za\u0161tite izme\u0111u punjenja. Ako je jakna aktivirana, samo je trebate odnijeti slu\u017ebenom prodava\u010du, koji \u0107e u tren oka zamijeniti unutarnji \u0161titnik.          <\/span><\/p>\n<p dir=\"ltr\" style=\"line-height: 1.38;margin-top: 0pt;margin-bottom: 0pt\"><span style=\"font-size: 11pt;font-family: Arial;color: #000000;background-color: transparent;font-weight: 400;font-style: normal;font-variant: normal;text-decoration: none;vertical-align: baseline\">Jakna koristi brojne senzore koji o\u010ditavaju vrijednosti 1000 puta u sekundi kako bi osigurala va\u0161u sigurnost. Zato jakna osigurava va\u0161u sigurnost u nepredvidivim doga\u0111ajima na cesti. <\/span><\/p>\n<div class=\"yj6qo ajU\">\n<div class=\"ajR\"><img decoding=\"async\" class=\"ajT\" src=\"https:\/\/moto-oprema.com\/wp-content\/uploads\/2025\/01\/cleardot.gif\" alt=\"cleardot.gif\"><\/div>\n<\/div>\n","protected":false},"excerpt":{"rendered":"<p>Dainese Smart jakna &#8211; revolucionarna inovacija na tr\u017ei\u0161tu sada i u fluo boji.<\/p>\n","protected":false},"featured_media":143666,"comment_status":"open","ping_status":"closed","template":"","meta":{"_acf_changed":false},"brand":[2800],"gender":[1313],"product_brand":[],"product_cat":[1356,2855,2888],"product_tag":[],"class_list":{"0":"post-143652","1":"product","2":"type-product","3":"status-publish","4":"has-post-thumbnail","6":"brand-dainese-hr","7":"gender-moski","8":"product_cat-motociklisticka-oprema","9":"product_cat-zastitnici-i-zracni-jastuci","10":"product_cat-zracni-jastuci","11":"pa_velikost-st-l-hr","12":"pa_velikost-st-m-hr","13":"pa_velikost-st-s-hr","14":"pa_velikost-st-xl-hr","15":"pa_velikost-st-xs-hr","16":"pa_velikost-st-xxl-hr","18":"first","19":"onbackorder","20":"sale","21":"taxable","22":"shipping-taxable","23":"purchasable","24":"product-type-variable"},"acf":[],"_links":{"self":[{"href":"https:\/\/moto-oprema.com\/hr\/wp-json\/wp\/v2\/product\/143652","targetHints":{"allow":["GET"]}}],"collection":[{"href":"https:\/\/moto-oprema.com\/hr\/wp-json\/wp\/v2\/product"}],"about":[{"href":"https:\/\/moto-oprema.com\/hr\/wp-json\/wp\/v2\/types\/product"}],"replies":[{"embeddable":true,"href":"https:\/\/moto-oprema.com\/hr\/wp-json\/wp\/v2\/comments?post=143652"}],"wp:featuredmedia":[{"embeddable":true,"href":"https:\/\/moto-oprema.com\/hr\/wp-json\/wp\/v2\/media\/143666"}],"wp:attachment":[{"href":"https:\/\/moto-oprema.com\/hr\/wp-json\/wp\/v2\/media?parent=143652"}],"wp:term":[{"taxonomy":"brand","embeddable":true,"href":"https:\/\/moto-oprema.com\/hr\/wp-json\/wp\/v2\/brand?post=143652"},{"taxonomy":"gender","embeddable":true,"href":"https:\/\/moto-oprema.com\/hr\/wp-json\/wp\/v2\/gender?post=143652"},{"taxonomy":"product_brand","embeddable":true,"href":"https:\/\/moto-oprema.com\/hr\/wp-json\/wp\/v2\/product_brand?post=143652"},{"taxonomy":"product_cat","embeddable":true,"href":"https:\/\/moto-oprema.com\/hr\/wp-json\/wp\/v2\/product_cat?post=143652"},{"taxonomy":"product_tag","embeddable":true,"href":"https:\/\/moto-oprema.com\/hr\/wp-json\/wp\/v2\/product_tag?post=143652"}],"curies":[{"name":"wp","href":"https:\/\/api.w.org\/{rel}","templated":true}]}}