{"id":143549,"date":"2021-10-18T11:35:39","date_gmt":"2021-10-18T11:35:39","guid":{"rendered":"https:\/\/moto-oprema.com\/Artikel\/oneal-mx-stitnik-za-lakat-redeema\/"},"modified":"2021-10-18T11:35:39","modified_gmt":"2021-10-18T11:35:39","slug":"oneal-mx-stitnik-za-lakat-redeema","status":"publish","type":"product","link":"https:\/\/moto-oprema.com\/hr\/Artikel\/oneal-mx-stitnik-za-lakat-redeema\/","title":{"rendered":"O&#8217;NEAL MX \u0160TITNIK ZA LAKAT REDEEMA"},"content":{"rendered":"<p>Udobna za\u0161tita laktova s IPX\u00ae za\u0161titom od udaraca izra\u0111enom od poliuretanske pjene za sate vo\u017enje. IPX\u00ae za\u0161tita je mekana i fleksibilna tijekom vo\u017enje te se stvrdnjava u slu\u010daju pada. Toliko tanka da je mo\u017eete nositi ispod majice. Prozra\u010dni, brzosu\u0161e\u0107i materijal koji brzo odvodi znoj. Neklizaju\u0107e Velcro\u00ae trake osiguravaju sigurno prianjanje podloge u slu\u010daju pada. Perforirani neopren s unutarnje strane za ventilaciju i udobnost. Mekana unutarnja podstava bez trenja protiv trenja i za pove\u0107anu udobnost vo\u017enje. CE certificirano prema EN 1621-1 (laktovi)       <\/p>\n<p>Sastav: 100% poliester<\/p>\n","protected":false},"excerpt":{"rendered":"<p>Udobna za\u0161tita laktova s IPX\u00ae za\u0161titom od udaraca izra\u0111enom od poliuretanske pjene za sate vo\u017enje. IPX\u00ae&#8230;<\/p>\n","protected":false},"featured_media":14079,"comment_status":"open","ping_status":"open","template":"","meta":{"_acf_changed":false},"brand":[2849],"gender":[2172],"product_brand":[],"product_cat":[2743,2739,2733],"product_tag":[],"class_list":{"0":"post-143549","1":"product","2":"type-product","3":"status-publish","4":"has-post-thumbnail","6":"brand-oneal-hr","7":"gender-unisex-hr","8":"product_cat-mx-stitnici-za-laktove","9":"product_cat-mx-stitovi","10":"product_cat-oprema-za-motokros","11":"pa_size-l-hr","12":"pa_size-m-hr","13":"pa_size-s-hr","14":"pa_size-xl-hr","16":"first","17":"onbackorder","18":"taxable","19":"shipping-taxable","20":"purchasable","21":"product-type-variable"},"acf":[],"_links":{"self":[{"href":"https:\/\/moto-oprema.com\/hr\/wp-json\/wp\/v2\/product\/143549","targetHints":{"allow":["GET"]}}],"collection":[{"href":"https:\/\/moto-oprema.com\/hr\/wp-json\/wp\/v2\/product"}],"about":[{"href":"https:\/\/moto-oprema.com\/hr\/wp-json\/wp\/v2\/types\/product"}],"replies":[{"embeddable":true,"href":"https:\/\/moto-oprema.com\/hr\/wp-json\/wp\/v2\/comments?post=143549"}],"wp:featuredmedia":[{"embeddable":true,"href":"https:\/\/moto-oprema.com\/hr\/wp-json\/wp\/v2\/media\/14079"}],"wp:attachment":[{"href":"https:\/\/moto-oprema.com\/hr\/wp-json\/wp\/v2\/media?parent=143549"}],"wp:term":[{"taxonomy":"brand","embeddable":true,"href":"https:\/\/moto-oprema.com\/hr\/wp-json\/wp\/v2\/brand?post=143549"},{"taxonomy":"gender","embeddable":true,"href":"https:\/\/moto-oprema.com\/hr\/wp-json\/wp\/v2\/gender?post=143549"},{"taxonomy":"product_brand","embeddable":true,"href":"https:\/\/moto-oprema.com\/hr\/wp-json\/wp\/v2\/product_brand?post=143549"},{"taxonomy":"product_cat","embeddable":true,"href":"https:\/\/moto-oprema.com\/hr\/wp-json\/wp\/v2\/product_cat?post=143549"},{"taxonomy":"product_tag","embeddable":true,"href":"https:\/\/moto-oprema.com\/hr\/wp-json\/wp\/v2\/product_tag?post=143549"}],"curies":[{"name":"wp","href":"https:\/\/api.w.org\/{rel}","templated":true}]}}