{"id":143516,"date":"2021-10-18T11:31:49","date_gmt":"2021-10-18T11:31:49","guid":{"rendered":"https:\/\/moto-oprema.com\/Artikel\/oneal-mx-stitnik-za-lakte-flowe\/"},"modified":"2021-10-18T11:31:49","modified_gmt":"2021-10-18T11:31:49","slug":"oneal-mx-stitnik-za-lakte-flowe","status":"publish","type":"product","link":"https:\/\/moto-oprema.com\/hr\/Artikel\/oneal-mx-stitnik-za-lakte-flowe\/","title":{"rendered":"O&#8217;NEAL MX \u0160TITNIK ZA LAKTE FLOWE"},"content":{"rendered":"<p>Na\u0161 najlak\u0161i \u0161titnik za koljena do sada s revolucionarnom novom IPX\u00ae mekom gel za\u0161titom. Lycra\u00ae man\u017eeta s IPX gelom za maksimalnu slobodu kretanja. Idealan za cjelodnevnu vo\u017enju. Mali volumen i jednostavno spremanje u torbi kada se ne koristi. Ventilacijski otvor na stra\u017enjoj strani koljena za pove\u0107anu udobnost. Certificiran prema EN 1621-1 razina 1      <\/p>\n<p>Sastav: 100% poliester<\/p>\n","protected":false},"excerpt":{"rendered":"<p>Na\u0161 najlak\u0161i \u0161titnik za koljena do sada s revolucionarnom novom IPX\u00ae mekom gel za\u0161titom. Lycra\u00ae man\u017eeta&#8230;<\/p>\n","protected":false},"featured_media":14074,"comment_status":"open","ping_status":"open","template":"","meta":{"_acf_changed":false},"brand":[2849],"gender":[2172],"product_brand":[],"product_cat":[2743,2739,2733],"product_tag":[],"class_list":{"0":"post-143516","1":"product","2":"type-product","3":"status-publish","4":"has-post-thumbnail","6":"brand-oneal-hr","7":"gender-unisex-hr","8":"product_cat-mx-stitnici-za-laktove","9":"product_cat-mx-stitovi","10":"product_cat-oprema-za-motokros","11":"pa_size-l-hr","12":"pa_size-m-hr","13":"pa_size-xl-hr","15":"first","16":"onbackorder","17":"taxable","18":"shipping-taxable","19":"purchasable","20":"product-type-variable"},"acf":[],"_links":{"self":[{"href":"https:\/\/moto-oprema.com\/hr\/wp-json\/wp\/v2\/product\/143516","targetHints":{"allow":["GET"]}}],"collection":[{"href":"https:\/\/moto-oprema.com\/hr\/wp-json\/wp\/v2\/product"}],"about":[{"href":"https:\/\/moto-oprema.com\/hr\/wp-json\/wp\/v2\/types\/product"}],"replies":[{"embeddable":true,"href":"https:\/\/moto-oprema.com\/hr\/wp-json\/wp\/v2\/comments?post=143516"}],"wp:featuredmedia":[{"embeddable":true,"href":"https:\/\/moto-oprema.com\/hr\/wp-json\/wp\/v2\/media\/14074"}],"wp:attachment":[{"href":"https:\/\/moto-oprema.com\/hr\/wp-json\/wp\/v2\/media?parent=143516"}],"wp:term":[{"taxonomy":"brand","embeddable":true,"href":"https:\/\/moto-oprema.com\/hr\/wp-json\/wp\/v2\/brand?post=143516"},{"taxonomy":"gender","embeddable":true,"href":"https:\/\/moto-oprema.com\/hr\/wp-json\/wp\/v2\/gender?post=143516"},{"taxonomy":"product_brand","embeddable":true,"href":"https:\/\/moto-oprema.com\/hr\/wp-json\/wp\/v2\/product_brand?post=143516"},{"taxonomy":"product_cat","embeddable":true,"href":"https:\/\/moto-oprema.com\/hr\/wp-json\/wp\/v2\/product_cat?post=143516"},{"taxonomy":"product_tag","embeddable":true,"href":"https:\/\/moto-oprema.com\/hr\/wp-json\/wp\/v2\/product_tag?post=143516"}],"curies":[{"name":"wp","href":"https:\/\/api.w.org\/{rel}","templated":true}]}}