{"id":143515,"date":"2021-09-15T10:05:58","date_gmt":"2021-09-15T10:05:58","guid":{"rendered":"https:\/\/moto-oprema.com\/Artikel\/alpinestars-bionic-flex-stitnici-za-laktove\/"},"modified":"2021-09-15T10:05:58","modified_gmt":"2021-09-15T10:05:58","slug":"alpinestars-bionic-flex-stitnici-za-laktove","status":"publish","type":"product","link":"https:\/\/moto-oprema.com\/hr\/Artikel\/alpinestars-bionic-flex-stitnici-za-laktove\/","title":{"rendered":"ALPINESTARS BIONIC FLEX \u0160TITNICI ZA LAKTOVE"},"content":{"rendered":"<p>Iznimno lagan, izdr\u017eljiv i fleksibilan \u0161titnik za laktove izra\u0111en od prozra\u010dne rastezljive mre\u017ee za udobno i \u010dvrsto prianjanje. Iznimno udoban i \u0161tedi vrijeme prilikom klizanja, Nucleon Flex tehnologija, izvrsna prozra\u010dnost i ventilacija, prednja plo\u010da izra\u0111ena od izdr\u017eljive tkanine za ve\u0107u izdr\u017eljivost. CE certifikat EN1621-1-2012 RAZINA 1  <\/p>\n<p>Sastav: 100% poliester<\/p>\n","protected":false},"excerpt":{"rendered":"<p>Iznimno lagan, izdr\u017eljiv i fleksibilan \u0161titnik za laktove izra\u0111en od prozra\u010dne rastezljive mre\u017ee za udobno i&#8230;<\/p>\n","protected":false},"featured_media":13828,"comment_status":"open","ping_status":"closed","template":"","meta":{"_acf_changed":false},"brand":[2748],"gender":[2172],"product_brand":[],"product_cat":[2743,2739,2733],"product_tag":[],"class_list":{"0":"post-143515","1":"product","2":"type-product","3":"status-publish","4":"has-post-thumbnail","6":"brand-alpinestars-hr","7":"gender-unisex-hr","8":"product_cat-mx-stitnici-za-laktove","9":"product_cat-mx-stitovi","10":"product_cat-oprema-za-motokros","11":"pa_size-l-xl-hr","12":"pa_size-sm","14":"first","15":"outofstock","16":"sale","17":"taxable","18":"shipping-taxable","19":"purchasable","20":"product-type-variable"},"acf":[],"_links":{"self":[{"href":"https:\/\/moto-oprema.com\/hr\/wp-json\/wp\/v2\/product\/143515","targetHints":{"allow":["GET"]}}],"collection":[{"href":"https:\/\/moto-oprema.com\/hr\/wp-json\/wp\/v2\/product"}],"about":[{"href":"https:\/\/moto-oprema.com\/hr\/wp-json\/wp\/v2\/types\/product"}],"replies":[{"embeddable":true,"href":"https:\/\/moto-oprema.com\/hr\/wp-json\/wp\/v2\/comments?post=143515"}],"wp:featuredmedia":[{"embeddable":true,"href":"https:\/\/moto-oprema.com\/hr\/wp-json\/wp\/v2\/media\/13828"}],"wp:attachment":[{"href":"https:\/\/moto-oprema.com\/hr\/wp-json\/wp\/v2\/media?parent=143515"}],"wp:term":[{"taxonomy":"brand","embeddable":true,"href":"https:\/\/moto-oprema.com\/hr\/wp-json\/wp\/v2\/brand?post=143515"},{"taxonomy":"gender","embeddable":true,"href":"https:\/\/moto-oprema.com\/hr\/wp-json\/wp\/v2\/gender?post=143515"},{"taxonomy":"product_brand","embeddable":true,"href":"https:\/\/moto-oprema.com\/hr\/wp-json\/wp\/v2\/product_brand?post=143515"},{"taxonomy":"product_cat","embeddable":true,"href":"https:\/\/moto-oprema.com\/hr\/wp-json\/wp\/v2\/product_cat?post=143515"},{"taxonomy":"product_tag","embeddable":true,"href":"https:\/\/moto-oprema.com\/hr\/wp-json\/wp\/v2\/product_tag?post=143515"}],"curies":[{"name":"wp","href":"https:\/\/api.w.org\/{rel}","templated":true}]}}