{"id":143431,"date":"2021-10-01T10:16:59","date_gmt":"2021-10-01T10:16:59","guid":{"rendered":"https:\/\/moto-oprema.com\/Artikel\/shoei-nxr2-mat-plava\/"},"modified":"2021-10-01T10:16:59","modified_gmt":"2021-10-01T10:16:59","slug":"shoei-nxr2-mat-plava","status":"publish","type":"product","link":"https:\/\/moto-oprema.com\/hr\/Artikel\/shoei-nxr2-mat-plava\/","title":{"rendered":"SHOEI NXR2 MAT PLAVA"},"content":{"rendered":"<p><span class=\"VIiyi\" xml_lang=\"sl\" lang=\"sl\"><span class=\"JLqJ4b\"><span>NXR2 &#8211; Profinjena \u010disto\u0107a  <\/span><\/span><\/span><\/p>\n<p><span class=\"VIiyi\" xml_lang=\"sl\" lang=\"sl\"><span class=\"JLqJ4b\"><span>Sportska kaciga za ulicu  <\/span><\/span><\/span><\/p>\n<p><span class=\"VIiyi\" xml_lang=\"sl\" lang=\"sl\"><span class=\"JLqJ4b\"><span>Cjelina je uvijek vi\u0161e od zbroja svojih dijelova. Na\u0161a desetlje\u0107a iskustva u proizvodnji vrhunskih kaciga, na\u0161a beskompromisna visokokvalitetna izrada i na\u0161 istra\u017eiva\u010dki utemeljen pogled na zahtjeve motociklista danas i sutra \u010dine vrhunsku sportsku kacigu od komponenti s udobnim pristajanjem i visoko u\u010dinkovitom ventilacijom, dokazanom aerodinamikom, pouzdanom sigurno\u0161\u0107u i maksimalnom udobno\u0161\u0107u no\u0161enja.   <\/span><\/span><\/span><\/p>\n<p><span class=\"VIiyi\" xml_lang=\"sl\" lang=\"sl\"><span class=\"JLqJ4b\"><span>Kompaktna i lagana sportska kaciga SHOEI NXR2.  <\/span><\/span><\/span><\/p>\n<p><span class=\"VIiyi\" xml_lang=\"sl\" lang=\"sl\"><span class=\"JLqJ4b\"><span>Sigurnost:<\/span><\/span><\/span><\/p>\n<p><span class=\"VIiyi\" xml_lang=\"sl\" lang=\"sl\"><span class=\"JLqJ4b\"><span>Vanjska \u0161koljka AIM (Advanced Integrated Matrix), u kombinaciji s polistirenskim jezgrom koja se sastoji od nekoliko elemenata s razli\u010ditim sposobnostima apsorpcije, pru\u017ea optimalnu za\u0161titu od udara.  <\/span><\/span><\/span><\/p>\n<p><span class=\"VIiyi\" xml_lang=\"sl\" lang=\"sl\"><span class=\"JLqJ4b\"><span>Vizir CWR-F2, novo razvijen za SHOEI NXR2, ima dvodimenzionalni dizajn koji pru\u017ea vid bez izobli\u010denja i vrlo prirodan vid.  <\/span><\/span><\/span><\/p>\n<p><span class=\"VIiyi\" xml_lang=\"sl\" lang=\"sl\"><span class=\"JLqJ4b\"><span>Oja\u010danja na gornjem i donjem rubu vizira pove\u0107avaju torzijsku krutost, a mehanizam za zaklju\u010davanje, sada smje\u0161ten u sredini, sprje\u010dava slu\u010dajno otvaranje vizira. Vizir se mo\u017ee brzo promijeniti i podesiti bez alata zahvaljuju\u0107i dodatno razvijenom mehanizmu prethodnog modela.   <\/span><\/span><\/span><\/p>\n<p><span class=\"VIiyi\" xml_lang=\"sl\" lang=\"sl\"><span class=\"JLqJ4b\"><span>Pove\u0107ana PINLOCK\u00aeEVO le\u0107a protiv zamagljivanja uklju\u010dena u kacigu omogu\u0107uje jasan pogled na veliki dio upotrebljivog vidnog polja, \u010dak i u te\u0161kim vremenskim uvjetima, zahvaljuju\u0107i monta\u017enim klinovima postavljenim daleko unatrag.  <\/span><\/span><\/span><\/p>\n<p><span class=\"VIiyi\" xml_lang=\"sl\" lang=\"sl\"><span class=\"JLqJ4b\"><span>Traka za pri\u010dvr\u0161\u0107ivanje s dvostrukim D-zatvaranjem lako se pode\u0161ava i sigurno dr\u017ei kacigu. U hitnim slu\u010dajevima, jastu\u010di\u0107i za lice mogu se lako ukloniti za nje\u017eno skidanje kacige zahvaljuju\u0107i EQRS-u (Emergency Quick Release System).   <\/span><\/span><\/span><\/p>\n<p><span class=\"VIiyi\" xml_lang=\"sl\" lang=\"sl\"><span class=\"JLqJ4b\"><span>Udobnost no\u0161enja &#8211; 4 razli\u010dite veli\u010dine \u0161koljke (XXS-S | M | L | XL-XXL) \u010dine NXR2 kompaktnom, laganom sportskom kacigom sa \u0161irokim rasponom veli\u010dina. Njena mala te\u017eina rastere\u0107uje mi\u0161i\u0107e vrata i time smanjuje u\u010dinak umora, bilo da se radi o sportskoj upotrebi na trka\u0107oj stazi ili na du\u017eim putovanjima. Trodimenzionalno oblikovani sredi\u0161nji jastu\u010di\u0107, prethodno oblikovani jastu\u010di\u0107i za lice i poklopac za bradu potpuno su uklonjivi i perivi. Blago hrapavi, ali mekani, brzosu\u0161e\u0107i materijali poklopca smanjuju trenje jastu\u010di\u0107a o ko\u017eu i pru\u017eaju ugodan osje\u0107aj. Novodizajnirani jastu\u010di\u0107i za obraze olak\u0161avaju stavljanje i skidanje kacige. Zbog voluminoznije donje strane voza\u010da smanjuju izlo\u017eenost buci. Jastu\u010di\u0107i za glavu i obraze dostupni su u razli\u010ditim debljinama za individualno pode\u0161avanje kacige. Uklonjivi jastu\u010di\u0107i za u\u0161i u\u010dinkovito doprinose smanjenju buke. Udubljena podru\u010dja u podru\u010dju uha omogu\u0107uju spajanje interfona.          <\/span><\/span><\/span><\/p>\n<p><span class=\"VIiyi\" xml_lang=\"sl\" lang=\"sl\"><span class=\"JLqJ4b\"><span>Ventilacija: 6 ulaza za zrak i 4 izlaza za zrak kacige SHOEI NXR2 povezani su razgranatim ventilacijskim sustavom unutar \u0161koljke kacige i zna\u010dajno smanjuju temperaturu i vla\u017enost unutar kacige. Uvijek osiguravaju da voza\u010d ima dovoljnu opskrbu svje\u017eim zrakom bez pove\u0107anja razine buke. Rezultat je ugodna temperatura unutar kacige za koncentriranu vo\u017enju bez umora, bilo tijekom sportskih utrka na trka\u0107oj stazi ili na putovanjima motociklom u topla mjesta. Otvori za ventilaciju lako se pode\u0161avaju, \u010dak i kada se nose rukavice.     <\/span><\/span><\/span><\/p>\n<p><span class=\"VIiyi\" xml_lang=\"sl\" lang=\"sl\"><span class=\"JLqJ4b\"><span>Aerodinamika:  <\/span><\/span><\/span><\/p>\n<p><span class=\"VIiyi\" xml_lang=\"sl\" lang=\"sl\"><span class=\"JLqJ4b\"><span>Ugra\u0111eni spojler na stra\u017enjoj strani glave stabilizira kacigu pri ve\u0107im brzinama. Kompaktan i aerodinami\u010dki optimiziran dizajn SHOEI NXR2 dodatno smanjuje otpor vjetra i tendenciju uzdizanja u usporedbi s ve\u0107 niskim vrijednostima prethodnog modela. To u\u010dinkovito rastere\u0107uje mi\u0161i\u0107e vrata voza\u010da i smanjuje u\u010dinak umora \u010dak i na dugim vo\u017enjama.    <br \/><\/span><\/span><\/span><\/p>\n","protected":false},"excerpt":{"rendered":"<p>NXR2 \u2013 Profinjena \u010disto\u0107a Boja: mat metalik plava<\/p>\n","protected":false},"featured_media":13964,"comment_status":"open","ping_status":"open","template":"","meta":{"_acf_changed":false},"brand":[2765],"gender":[2172],"product_brand":[],"product_cat":[1358,1356,1359],"product_tag":[],"class_list":{"0":"post-143431","1":"product","2":"type-product","3":"status-publish","4":"has-post-thumbnail","6":"brand-shoei-hr","7":"gender-unisex-hr","8":"product_cat-kacige","9":"product_cat-motociklisticka-oprema","10":"product_cat-sastavni","11":"pa_size-l-hr","12":"pa_size-m-hr","13":"pa_size-s-hr","14":"pa_size-xl-hr","15":"pa_size-xs-hr","16":"pa_size-xxl-hr","18":"first","19":"onbackorder","20":"taxable","21":"shipping-taxable","22":"purchasable","23":"product-type-variable"},"acf":[],"_links":{"self":[{"href":"https:\/\/moto-oprema.com\/hr\/wp-json\/wp\/v2\/product\/143431","targetHints":{"allow":["GET"]}}],"collection":[{"href":"https:\/\/moto-oprema.com\/hr\/wp-json\/wp\/v2\/product"}],"about":[{"href":"https:\/\/moto-oprema.com\/hr\/wp-json\/wp\/v2\/types\/product"}],"replies":[{"embeddable":true,"href":"https:\/\/moto-oprema.com\/hr\/wp-json\/wp\/v2\/comments?post=143431"}],"wp:featuredmedia":[{"embeddable":true,"href":"https:\/\/moto-oprema.com\/hr\/wp-json\/wp\/v2\/media\/13964"}],"wp:attachment":[{"href":"https:\/\/moto-oprema.com\/hr\/wp-json\/wp\/v2\/media?parent=143431"}],"wp:term":[{"taxonomy":"brand","embeddable":true,"href":"https:\/\/moto-oprema.com\/hr\/wp-json\/wp\/v2\/brand?post=143431"},{"taxonomy":"gender","embeddable":true,"href":"https:\/\/moto-oprema.com\/hr\/wp-json\/wp\/v2\/gender?post=143431"},{"taxonomy":"product_brand","embeddable":true,"href":"https:\/\/moto-oprema.com\/hr\/wp-json\/wp\/v2\/product_brand?post=143431"},{"taxonomy":"product_cat","embeddable":true,"href":"https:\/\/moto-oprema.com\/hr\/wp-json\/wp\/v2\/product_cat?post=143431"},{"taxonomy":"product_tag","embeddable":true,"href":"https:\/\/moto-oprema.com\/hr\/wp-json\/wp\/v2\/product_tag?post=143431"}],"curies":[{"name":"wp","href":"https:\/\/api.w.org\/{rel}","templated":true}]}}