{"id":143421,"date":"2021-10-12T11:34:52","date_gmt":"2021-10-12T11:34:52","guid":{"rendered":"https:\/\/moto-oprema.com\/Artikel\/oneal-mtb-hlace-trailfinder-crne\/"},"modified":"2021-10-12T11:34:52","modified_gmt":"2021-10-12T11:34:52","slug":"oneal-mtb-hlace-trailfinder-crne","status":"publish","type":"product","link":"https:\/\/moto-oprema.com\/hr\/Artikel\/oneal-mtb-hlace-trailfinder-crne\/","title":{"rendered":"O&#8217;NEAL MTB HLA\u010cE TRAILFINDER CRNE"},"content":{"rendered":"<p><span class=\"VIiyi\" xml_lang=\"sl\" lang=\"sl\"><span class=\"JLqJ4b ChMk0b\"><span>U O&#8217;NEAL-u ne radimo stvari polovi\u010dno &#8211; a ni vi ne biste trebali.<\/span><\/span> <span class=\"JLqJ4b ChMk0b\"><span>Zato vam je potrebna kvalitetna oprema koja vas optimalno podupire na biciklu.<\/span><\/span> <span class=\"JLqJ4b ChMk0b\"><span>Ba\u0161 kao i na\u0161e TRAILFINDER hla\u010de:<\/span><\/span><span class=\"JLqJ4b\"><span> <\/span><\/span><span class=\"JLqJ4b ChMk0b\"><span>\u2022 Najvi\u0161i omjer cijene i performansi<\/span><\/span><span class=\"JLqJ4b\"><span> <\/span><\/span><span class=\"JLqJ4b ChMk0b\"><span>\u2022 Nema man\u017eete na dnu<\/span><\/span><span class=\"JLqJ4b\"><span> <\/span><\/span><span class=\"JLqJ4b ChMk0b\"><span>\u2022 Iznimno \u010dvrsto i sigurno prianjanje<\/span><\/span><span class=\"JLqJ4b\"><span> <\/span><\/span><span class=\"JLqJ4b ChMk0b\"><span>Uvijek dajte sve od sebe: s TRAILFINDER hla\u010dama zaista mo\u017eete krenuti!<\/span><\/span><\/span><\/p>\n<\/p>\n<p><span class=\"VIiyi\" xml_lang=\"sl\" lang=\"sl\"><span class=\"JLqJ4b ChMk0b\"><span>Sastav sirovine: 100% poliester<\/span><\/span><\/span><\/p>\n","protected":false},"excerpt":{"rendered":"<p>U O&#8217;NEAL-u ne radimo stvari polovi\u010dno &#8211; a ni vi ne biste trebali. Zato vam je&#8230;<\/p>\n","protected":false},"featured_media":14006,"comment_status":"open","ping_status":"closed","template":"","meta":{"_acf_changed":false},"brand":[2849],"gender":[1313],"product_brand":[],"product_cat":[2740,3034],"product_tag":[],"class_list":{"0":"post-143421","1":"product","2":"type-product","3":"status-publish","4":"has-post-thumbnail","6":"brand-oneal-hr","7":"gender-moski","8":"product_cat-mtb-biciklisticka-oprema","9":"product_cat-mtb-hlace-hr","10":"pa_size-28-hr","11":"pa_size-30-hr","12":"pa_size-32-hr","13":"pa_size-34-hr","14":"pa_size-36-hr","16":"first","17":"outofstock","18":"taxable","19":"shipping-taxable","20":"purchasable","21":"product-type-variable"},"acf":[],"_links":{"self":[{"href":"https:\/\/moto-oprema.com\/hr\/wp-json\/wp\/v2\/product\/143421","targetHints":{"allow":["GET"]}}],"collection":[{"href":"https:\/\/moto-oprema.com\/hr\/wp-json\/wp\/v2\/product"}],"about":[{"href":"https:\/\/moto-oprema.com\/hr\/wp-json\/wp\/v2\/types\/product"}],"replies":[{"embeddable":true,"href":"https:\/\/moto-oprema.com\/hr\/wp-json\/wp\/v2\/comments?post=143421"}],"wp:featuredmedia":[{"embeddable":true,"href":"https:\/\/moto-oprema.com\/hr\/wp-json\/wp\/v2\/media\/14006"}],"wp:attachment":[{"href":"https:\/\/moto-oprema.com\/hr\/wp-json\/wp\/v2\/media?parent=143421"}],"wp:term":[{"taxonomy":"brand","embeddable":true,"href":"https:\/\/moto-oprema.com\/hr\/wp-json\/wp\/v2\/brand?post=143421"},{"taxonomy":"gender","embeddable":true,"href":"https:\/\/moto-oprema.com\/hr\/wp-json\/wp\/v2\/gender?post=143421"},{"taxonomy":"product_brand","embeddable":true,"href":"https:\/\/moto-oprema.com\/hr\/wp-json\/wp\/v2\/product_brand?post=143421"},{"taxonomy":"product_cat","embeddable":true,"href":"https:\/\/moto-oprema.com\/hr\/wp-json\/wp\/v2\/product_cat?post=143421"},{"taxonomy":"product_tag","embeddable":true,"href":"https:\/\/moto-oprema.com\/hr\/wp-json\/wp\/v2\/product_tag?post=143421"}],"curies":[{"name":"wp","href":"https:\/\/api.w.org\/{rel}","templated":true}]}}