{"id":143248,"date":"2022-01-11T10:30:12","date_gmt":"2022-01-11T10:30:12","guid":{"rendered":"https:\/\/moto-oprema.com\/Artikel\/dainese-mirage-2-kom-zenski-crna\/"},"modified":"2022-01-11T10:30:12","modified_gmt":"2022-01-11T10:30:12","slug":"dainese-mirage-2-kom-zenski-crna","status":"publish","type":"product","link":"https:\/\/moto-oprema.com\/hr\/Artikel\/dainese-mirage-2-kom-zenski-crna\/","title":{"rendered":"DAINESE MIRAGE 2-KOM \u017dENSKI CRNA"},"content":{"rendered":"<p>Dainese Mirage je dvodijelno \u017eensko motociklisti\u010dko ko\u017eno odijelo izra\u0111eno od fine tutu suknje s ergonomskim krojem koji se optimalno prilago\u0111ava anatomiji \u017eenskog tijela. Odijelo je prikladno za sportsku upotrebu i posebno je optimizirano za vo\u017enju po cesti. Maksimalnu za\u0161titu pru\u017eaju \u0161titnici od kompozitnih materijala na koljenima, laktovima i ramenima te mekani Pro-Shape 2.0 \u0161titnici na bokovima, a mo\u017ee se dodatno pove\u0107ati unutarnjim d\u017eepovima za umetanje \u0161titnika za prsa. Mirage je opremljen uklonjivim i zamjenjivim kliza\u010dima na koljenima i zamjenjivim aluminijskim plo\u010dama na ramenima: posebna Dainese tehnologija koja podr\u017eava klizanje u slu\u010daju pada i time sprje\u010dava opasna prevrtanja na asfaltu. Grba ima aerodinami\u010dku funkciju. Za ve\u0107u udobnost tijekom vo\u017enje, dvodijelno ko\u017eno odijelo ima \u0161iroke umetke izra\u0111ene od S1 rastezljive tkanine na unutarnjoj strani ruke, na stra\u017enjoj strani i stra\u017enjoj strani noge te Nanofeel\u00ae podstavu s antibakterijskim tretmanom ionima srebra.     <\/p>\n<p>Zna\u010dajke:<\/p>\n<ul>\n<li>  izra\u0111ena od S1 bielasti\u010dne tkanine i pune gove\u0111e ko\u017ee<\/li>\n<li>  Prozra\u010dna podstava Nanofeel\u00ae s tretmanom od ionima srebra<\/li>\n<li>  1 unutarnji d\u017eep<\/li>\n<li>  konstrukcija s 1 patentnim zatvara\u010dem na listovima<\/li>\n<li>  reflektiraju\u0107i umetci na stra\u017enjoj strani<\/li>\n<li>  Ovratnik s elasti\u010dnim umetkom<\/li>\n<li>  bo\u010dni otvori za ventilaciju s patentnim zatvara\u010dem<\/li>\n<li>  aerodinami\u010dni spojler<\/li>\n<li>  Kompozitni \u0161titnici za laktove, ramena i koljena (EN 1621.1)<\/li>\n<li>  mekani ProShape \u0161titnici na bokovima (EN 1621.1)<\/li>\n<li>  zamjenjivi kliza\u010di za koljena<\/li>\n<\/ul>\n<p>Sastav sirovine: 100% gove\u0111a ko\u017ea<\/p>\n","protected":false},"excerpt":{"rendered":"<p>Dainese Mirage dvodijelno ko\u017eno odijelo. Dostava rujan 2022.<\/p>\n","protected":false},"featured_media":16022,"comment_status":"open","ping_status":"closed","template":"","meta":{"_acf_changed":false},"brand":[2800],"gender":[1314],"product_brand":[],"product_cat":[2858,2859,1356],"product_tag":[],"class_list":{"0":"post-143248","1":"product","2":"type-product","3":"status-publish","4":"has-post-thumbnail","6":"brand-dainese-hr","7":"gender-zenska","8":"product_cat-dvodijelni-kombinezoni","9":"product_cat-kombinezoni-hr","10":"product_cat-motociklisticka-oprema","11":"pa_size-40-hr","12":"pa_size-42-hr","13":"pa_size-44-hr","14":"pa_size-46-hr","15":"pa_size-48-hr","16":"pa_size-50-hr","17":"pa_size-52-hr","19":"first","20":"onbackorder","21":"sale","22":"taxable","23":"shipping-taxable","24":"purchasable","25":"product-type-variable"},"acf":[],"_links":{"self":[{"href":"https:\/\/moto-oprema.com\/hr\/wp-json\/wp\/v2\/product\/143248","targetHints":{"allow":["GET"]}}],"collection":[{"href":"https:\/\/moto-oprema.com\/hr\/wp-json\/wp\/v2\/product"}],"about":[{"href":"https:\/\/moto-oprema.com\/hr\/wp-json\/wp\/v2\/types\/product"}],"replies":[{"embeddable":true,"href":"https:\/\/moto-oprema.com\/hr\/wp-json\/wp\/v2\/comments?post=143248"}],"wp:featuredmedia":[{"embeddable":true,"href":"https:\/\/moto-oprema.com\/hr\/wp-json\/wp\/v2\/media\/16022"}],"wp:attachment":[{"href":"https:\/\/moto-oprema.com\/hr\/wp-json\/wp\/v2\/media?parent=143248"}],"wp:term":[{"taxonomy":"brand","embeddable":true,"href":"https:\/\/moto-oprema.com\/hr\/wp-json\/wp\/v2\/brand?post=143248"},{"taxonomy":"gender","embeddable":true,"href":"https:\/\/moto-oprema.com\/hr\/wp-json\/wp\/v2\/gender?post=143248"},{"taxonomy":"product_brand","embeddable":true,"href":"https:\/\/moto-oprema.com\/hr\/wp-json\/wp\/v2\/product_brand?post=143248"},{"taxonomy":"product_cat","embeddable":true,"href":"https:\/\/moto-oprema.com\/hr\/wp-json\/wp\/v2\/product_cat?post=143248"},{"taxonomy":"product_tag","embeddable":true,"href":"https:\/\/moto-oprema.com\/hr\/wp-json\/wp\/v2\/product_tag?post=143248"}],"curies":[{"name":"wp","href":"https:\/\/api.w.org\/{rel}","templated":true}]}}