{"id":143213,"date":"2022-01-05T11:05:48","date_gmt":"2022-01-05T11:05:48","guid":{"rendered":"https:\/\/moto-oprema.com\/Artikel\/alpinestars-djevojcica-tech-hoody-sector-v2\/"},"modified":"2022-01-05T11:05:48","modified_gmt":"2022-01-05T11:05:48","slug":"alpinestars-djevojcica-tech-hoody-sector-v2","status":"publish","type":"product","link":"https:\/\/moto-oprema.com\/hr\/Artikel\/alpinestars-djevojcica-tech-hoody-sector-v2\/","title":{"rendered":"ALPINESTARS DJEVOJ\u010cICA TECH HOODY SECTOR V2"},"content":{"rendered":"<p>Alpinestars Sector V2 Tech je svestrana \u017eenska tehni\u010dka urbana jakna s kapulja\u010dom. Izra\u0111ena je od materijala koji je oja\u010dan na ramenima i laktovima aramidnim vlaknima. Kapulja\u010da se mo\u017ee skinuti.    <\/p>\n<p>Sastav sirovine: 100% poliester<\/p>\n<div class=\"accordion-main\">\n<div class=\"product-info-accordion\" id=\"jq-product-info-accordion\">\n<div class=\"product-info-inner\">\n<p>Optimizirana za gradsku vo\u017enju, Sektor v2 Tech jakna s kapulja\u010dom opremljena je aramidnim vlaknima oja\u010danjima na ramenima i laktovima za vrhunsku otpornost na habanje, dok odvojiva kapulja\u010da omogu\u0107uje voza\u010dicama da prilagode jaknu uvjetima. Anatomski profilirana za potpuno optimiziran \u017eenski kroj za pobolj\u0161anu udobnost voza\u010dice, ova jakna le\u017eernog stila dolazi sa \u0161est d\u017eepova za prakti\u010dnost u stvarnom svijetu. <\/p>\n<div class=\"accordion-main\">\n<div class=\"product-info-accordion\">\n<div class=\"product-info-inner\">\n<div class=\"product-block-1\">\n<div class=\"accordion-block\">\n<div class=\"info-title allow active\">\n<h3>GRADNJA<\/h3>\n<\/div>\n<div class=\"info-content\">\n<p>\u2022 Anatomski profilirano za potpuno optimizirano \u017eensko pristajanje.<\/p>\n<p>\u2022 \u0160asija izra\u0111ena od 3L mekane \u0161koljke s vjetrobranom za udobnost voza\u010da.<\/p>\n<p>\u2022 Rastezljiva rebrasta tkanina na man\u017eeti i donjem dijelu za optimalno pristajanje.<\/p>\n<p>\u2022 Oja\u010danje od aramidnih vlakana na ramenima i laktovima za visoku otpornost na habanje.<\/p>\n<p>\u2022 Odvojiva kapulja\u010da s coulisse sustavom za pode\u0161avanje volumena, s kop\u010dom na stra\u017enjoj strani kako bi se osiguralo da ostane fiksna tijekom vo\u017enje.<\/p>\n<p>\u2022 YKK patentni zatvara\u010d sprijeda sa za\u0161titom od ogrebotina za sigurno zatvaranje.<\/p>\n<\/div>\n<\/div>\n<div class=\"accordion-block\">\n<div class=\"info-title allow active\">\n<h3>KLJU\u010cNE ZNA\u010cAJKE<\/h3>\n<\/div>\n<div class=\"info-content\">\n<p>\u2022 Elasti\u010dna om\u010da za palac osigurava da rukav ostane u ispravnom polo\u017eaju tijekom vo\u017enje.<\/p>\n<p>\u2022 Udobna podstava na ovratniku za ve\u0107u udobnost jaha\u010da.<\/p>\n<p>\u2022 Dva d\u017eepa za ruke s patentnim zatvara\u010dem, unutarnji vodootporni d\u017eep za dokumente, unutarnji d\u017eep i dva d\u017eepa na podlozi za sigurno i za\u0161ti\u0107eno spremanje.<\/p>\n<p>\u2022 Reflektiraju\u0107i detalji.<\/p>\n<\/div>\n<\/div>\n<\/div>\n<div class=\"product-block-2\">\n<div class=\"accordion-block\">\n<div class=\"info-title allow active\">\n<h3>ZA\u0160TITA<\/h3>\n<\/div>\n<div class=\"info-content\">\n<p>\u2022 Prema europskom zakonodavstvu, oznaka CE je uvjet sukladnosti za stavljanje ovog proizvoda na tr\u017ei\u0161te. Za ovaj proizvod primjenjuju se sljede\u0107i standardi: <\/p>\n<p>\u2022 Uredba CE kategorije II o OZO (EU) 2016\/425 \u2013 klasa A.<\/p>\n<p>\u2022 CE razina 2 EN1621-2:2014 Alpinestars Nucleon \u0161titnik za le\u0111a, dostupan kao dodatna nadogradnja.<\/p>\n<p>\u2022 CE razina 1 EN1621-1:2012 Alpinestars Nucleon Flex Plus \u0161titnici za ramena i laktove.<\/p>\n<p>\u2022 Alpinestars Nucleon Flex Plus \u0161titnici za ramena i laktove razine 1 (Nucleon \u0161titnici za prsa razine 1 i Nucleon razine 1 i 2 dostupni su kao dodatna nadogradnja).<\/p>\n<\/div>\n<\/div>\n<\/div>\n<\/div>\n<\/div>\n<\/div>\n<\/div>\n<\/div>\n<\/div>\n","protected":false},"excerpt":{"rendered":"<p>Alpinestars Sector V2 Tech je svestrana \u017eenska tehni\u010dka urbana jakna s kapulja\u010dom. Izra\u0111ena je od materijala&#8230;<\/p>\n","protected":false},"featured_media":15825,"comment_status":"open","ping_status":"open","template":"","meta":{"_acf_changed":false},"brand":[2748],"gender":[1314],"product_brand":[],"product_cat":[2759,1356,2761],"product_tag":[],"class_list":{"0":"post-143213","1":"product","2":"type-product","3":"status-publish","4":"has-post-thumbnail","6":"brand-alpinestars-hr","7":"gender-zenska","8":"product_cat-jakne-hr","9":"product_cat-motociklisticka-oprema","10":"product_cat-tekstilne-jakne-hr","11":"pa_size-l-hr","12":"pa_size-m-hr","13":"pa_size-s-hr","15":"first","16":"onbackorder","17":"sale","18":"taxable","19":"shipping-taxable","20":"purchasable","21":"product-type-variable"},"acf":[],"_links":{"self":[{"href":"https:\/\/moto-oprema.com\/hr\/wp-json\/wp\/v2\/product\/143213","targetHints":{"allow":["GET"]}}],"collection":[{"href":"https:\/\/moto-oprema.com\/hr\/wp-json\/wp\/v2\/product"}],"about":[{"href":"https:\/\/moto-oprema.com\/hr\/wp-json\/wp\/v2\/types\/product"}],"replies":[{"embeddable":true,"href":"https:\/\/moto-oprema.com\/hr\/wp-json\/wp\/v2\/comments?post=143213"}],"wp:featuredmedia":[{"embeddable":true,"href":"https:\/\/moto-oprema.com\/hr\/wp-json\/wp\/v2\/media\/15825"}],"wp:attachment":[{"href":"https:\/\/moto-oprema.com\/hr\/wp-json\/wp\/v2\/media?parent=143213"}],"wp:term":[{"taxonomy":"brand","embeddable":true,"href":"https:\/\/moto-oprema.com\/hr\/wp-json\/wp\/v2\/brand?post=143213"},{"taxonomy":"gender","embeddable":true,"href":"https:\/\/moto-oprema.com\/hr\/wp-json\/wp\/v2\/gender?post=143213"},{"taxonomy":"product_brand","embeddable":true,"href":"https:\/\/moto-oprema.com\/hr\/wp-json\/wp\/v2\/product_brand?post=143213"},{"taxonomy":"product_cat","embeddable":true,"href":"https:\/\/moto-oprema.com\/hr\/wp-json\/wp\/v2\/product_cat?post=143213"},{"taxonomy":"product_tag","embeddable":true,"href":"https:\/\/moto-oprema.com\/hr\/wp-json\/wp\/v2\/product_tag?post=143213"}],"curies":[{"name":"wp","href":"https:\/\/api.w.org\/{rel}","templated":true}]}}