{"id":143178,"date":"2022-01-11T11:26:21","date_gmt":"2022-01-11T11:26:21","guid":{"rendered":"https:\/\/moto-oprema.com\/Artikel\/dainese-atlas-kozna-jakna-crna\/"},"modified":"2022-01-11T11:26:21","modified_gmt":"2022-01-11T11:26:21","slug":"dainese-atlas-kozna-jakna-crna","status":"publish","type":"product","link":"https:\/\/moto-oprema.com\/hr\/Artikel\/dainese-atlas-kozna-jakna-crna\/","title":{"rendered":"DAINESE ATLAS KO\u017dNA JAKNA CRNA"},"content":{"rendered":"<p>Atlas je motociklisti\u010dka jakna od kravlje ko\u017ee dizajnirana za urbanu upotrebu i inspirirana povijesnim Dainese motociklisti\u010dkim jaknama. Impresionira brojnim detaljima, poput mekih i otpornih Pro Armor \u0161titnika, koji kombiniraju za\u0161titu i maksimalnu slobodu kretanja, a tome pridonose i elasti\u010dni ko\u017eni umeci na le\u0111ima. Atlas motociklisti\u010dka ko\u017ena jakna opremljena je odjeljkom za \u0161titnike za le\u0111a, Sanitized\u00ae podstavom, 4 d\u017eepa, kop\u010danjem s gumbima sa strane, remenima s kop\u010dom na ovratniku te sustavom zatvaranja s patentnim zatvara\u010dem i gumbima sprijeda.  <\/p>\n<p>Sastav sirovine: 100% gove\u0111a ko\u017ea<\/p>\n","protected":false},"excerpt":{"rendered":"<p>Atlas je motociklisti\u010dka jakna od kravlje ko\u017ee dizajnirana za urbanu upotrebu i inspirirana povijesnim Dainese motociklisti\u010dkim&#8230;<\/p>\n","protected":false},"featured_media":143190,"comment_status":"open","ping_status":"open","template":"","meta":{"_acf_changed":false},"brand":[2800],"gender":[],"product_brand":[],"product_cat":[2759,2915,1356],"product_tag":[],"class_list":{"0":"post-143178","1":"product","2":"type-product","3":"status-publish","4":"has-post-thumbnail","6":"brand-dainese-hr","7":"product_cat-jakne-hr","8":"product_cat-kozne-jakne","9":"product_cat-motociklisticka-oprema","10":"pa_size-48-hr","11":"pa_size-50-hr","12":"pa_size-52-hr","13":"pa_size-54-hr","14":"pa_size-56-hr","15":"pa_size-58-hr","16":"pa_size-60-hr","18":"first","19":"onbackorder","20":"sale","21":"taxable","22":"shipping-taxable","23":"purchasable","24":"product-type-variable"},"acf":[],"_links":{"self":[{"href":"https:\/\/moto-oprema.com\/hr\/wp-json\/wp\/v2\/product\/143178","targetHints":{"allow":["GET"]}}],"collection":[{"href":"https:\/\/moto-oprema.com\/hr\/wp-json\/wp\/v2\/product"}],"about":[{"href":"https:\/\/moto-oprema.com\/hr\/wp-json\/wp\/v2\/types\/product"}],"replies":[{"embeddable":true,"href":"https:\/\/moto-oprema.com\/hr\/wp-json\/wp\/v2\/comments?post=143178"}],"wp:featuredmedia":[{"embeddable":true,"href":"https:\/\/moto-oprema.com\/hr\/wp-json\/wp\/v2\/media\/143190"}],"wp:attachment":[{"href":"https:\/\/moto-oprema.com\/hr\/wp-json\/wp\/v2\/media?parent=143178"}],"wp:term":[{"taxonomy":"brand","embeddable":true,"href":"https:\/\/moto-oprema.com\/hr\/wp-json\/wp\/v2\/brand?post=143178"},{"taxonomy":"gender","embeddable":true,"href":"https:\/\/moto-oprema.com\/hr\/wp-json\/wp\/v2\/gender?post=143178"},{"taxonomy":"product_brand","embeddable":true,"href":"https:\/\/moto-oprema.com\/hr\/wp-json\/wp\/v2\/product_brand?post=143178"},{"taxonomy":"product_cat","embeddable":true,"href":"https:\/\/moto-oprema.com\/hr\/wp-json\/wp\/v2\/product_cat?post=143178"},{"taxonomy":"product_tag","embeddable":true,"href":"https:\/\/moto-oprema.com\/hr\/wp-json\/wp\/v2\/product_tag?post=143178"}],"curies":[{"name":"wp","href":"https:\/\/api.w.org\/{rel}","templated":true}]}}