{"id":143167,"date":"2022-01-03T11:21:45","date_gmt":"2022-01-03T11:21:45","guid":{"rendered":"https:\/\/moto-oprema.com\/Artikel\/fly-racing-mtb-kaciga-za-djecu-rayce-crna-crvena\/"},"modified":"2022-01-03T11:21:45","modified_gmt":"2022-01-03T11:21:45","slug":"fly-racing-mtb-kaciga-za-djecu-rayce-crna-crvena","status":"publish","type":"product","link":"https:\/\/moto-oprema.com\/hr\/Artikel\/fly-racing-mtb-kaciga-za-djecu-rayce-crna-crvena\/","title":{"rendered":"FLY RACING MTB KACIGA ZA DJECU RAYCE CRNA CRVENA"},"content":{"rendered":"<p>Kaciga Rayce izra\u0111ena je od izdr\u017eljive polikarbonatne legure s umetkom od EPS pjene ve\u0107e gusto\u0107e za bolji odziv na energiju udara. Uklonjiva i periva unutarnja podstava i jastu\u010di\u0107i za obraze upijaju znoj i pru\u017eaju optimalnu ventilaciju. Kaciga tako\u0111er ima podstavljeni D-prsten remen.<br \/> Prava funkcionalna ventilacija (TFV) \u2013 Prilikom kretanja, zrak se potiskuje kroz vi\u0161e usisnika za zrak, zatim usmjerava kroz poravnate ventilacijske kanale u EPS-u i izlazi kroz vi\u0161e stra\u017enjih ispu\u0161nih otvora.  <\/p>\n<p>CPSC 1203;<br \/> CE EZZN1078:2012+A1:2012;<br \/> ASTM F1955-15<\/p>\n","protected":false},"excerpt":{"rendered":"<p>Kaciga FLY RACING MTB Rayce<\/p>\n","protected":false},"featured_media":15656,"comment_status":"open","ping_status":"open","template":"","meta":{"_acf_changed":false},"brand":[3300],"gender":[],"product_brand":[],"product_cat":[2740,2851,2850],"product_tag":[],"class_list":{"0":"post-143167","1":"product","2":"type-product","3":"status-publish","4":"has-post-thumbnail","6":"brand-fly-racing-hr","7":"product_cat-mtb-biciklisticka-oprema","8":"product_cat-mtb-kacige","9":"product_cat-za-najmlade","10":"pa_size-y-m","11":"pa_size-y-s","12":"pa_size-yl-hr","14":"first","15":"onbackorder","16":"taxable","17":"shipping-taxable","18":"purchasable","19":"product-type-variable"},"acf":[],"_links":{"self":[{"href":"https:\/\/moto-oprema.com\/hr\/wp-json\/wp\/v2\/product\/143167","targetHints":{"allow":["GET"]}}],"collection":[{"href":"https:\/\/moto-oprema.com\/hr\/wp-json\/wp\/v2\/product"}],"about":[{"href":"https:\/\/moto-oprema.com\/hr\/wp-json\/wp\/v2\/types\/product"}],"replies":[{"embeddable":true,"href":"https:\/\/moto-oprema.com\/hr\/wp-json\/wp\/v2\/comments?post=143167"}],"wp:featuredmedia":[{"embeddable":true,"href":"https:\/\/moto-oprema.com\/hr\/wp-json\/wp\/v2\/media\/15656"}],"wp:attachment":[{"href":"https:\/\/moto-oprema.com\/hr\/wp-json\/wp\/v2\/media?parent=143167"}],"wp:term":[{"taxonomy":"brand","embeddable":true,"href":"https:\/\/moto-oprema.com\/hr\/wp-json\/wp\/v2\/brand?post=143167"},{"taxonomy":"gender","embeddable":true,"href":"https:\/\/moto-oprema.com\/hr\/wp-json\/wp\/v2\/gender?post=143167"},{"taxonomy":"product_brand","embeddable":true,"href":"https:\/\/moto-oprema.com\/hr\/wp-json\/wp\/v2\/product_brand?post=143167"},{"taxonomy":"product_cat","embeddable":true,"href":"https:\/\/moto-oprema.com\/hr\/wp-json\/wp\/v2\/product_cat?post=143167"},{"taxonomy":"product_tag","embeddable":true,"href":"https:\/\/moto-oprema.com\/hr\/wp-json\/wp\/v2\/product_tag?post=143167"}],"curies":[{"name":"wp","href":"https:\/\/api.w.org\/{rel}","templated":true}]}}