{"id":143101,"date":"2022-01-03T09:09:02","date_gmt":"2022-01-03T09:09:02","guid":{"rendered":"https:\/\/moto-oprema.com\/Artikel\/dainese-carve-master-3-gore-tex-crna-ebanovina-fluo-zuta\/"},"modified":"2022-01-03T09:09:02","modified_gmt":"2022-01-03T09:09:02","slug":"dainese-carve-master-3-gore-tex-crna-ebanovina-fluo-zuta","status":"publish","type":"product","link":"https:\/\/moto-oprema.com\/hr\/Artikel\/dainese-carve-master-3-gore-tex-crna-ebanovina-fluo-zuta\/","title":{"rendered":"DAINESE CARVE MASTER 3 GORE-TEX\u00ae CRNA EBANOVINA FLUO \u017dUTA"},"content":{"rendered":"<p>Carve Master 3 GORE-TEX\u00ae je najnaprednija sportsko-tour jakna za motocikle u Dainese asortimanu, idealna za putovanja tijekom cijele godine s apsolutnom udobno\u0161\u0107u i maksimalnim performansama. Vodootporna GORE-TEX\u00ae membrana za\u0161titni je \u0161tit od ki\u0161e i vremenskih uvjeta, uvijek osiguravaju\u0107i izvrsnu prozra\u010dnost. Izrada od mekane i otporne Mugello tkanine savr\u0161eno se prilago\u0111ava pokretima tijela i precizno ih prati sa svakim pokretom na motociklu. Uklonjiva termalna podstava osigurava visoku udobnost no\u0161enja \u010dak i u hladnijim mjesecima godine, a u kombinaciji s brojnim otvorima za zrak s patentnim zatvara\u010dima omogu\u0107uje svestranu upotrebu. Najvi\u0161e sigurnosne standarde Dainesea jam\u010de Pro Armor \u0161titnici (razina 2, tip B) na laktovima i ramenima te oprema s G1 i G2 \u0161titnicima za le\u0111a i Pro Armor \u0161titnicima za prsa. Inspirirana geometrijom prirodnih fraktala, Dainese Pro-Armor tehnologija nudi najvi\u0161u razinu za\u0161tite uz mobilnost mekog \u0161titnika i idealnu ventilaciju zahvaljuju\u0107i ventiliranoj povr\u0161ini koja pokriva 40% za\u0161titne povr\u0161ine. Otpornost na habanje na najoptere\u0107enijim podru\u010djima osigurana je 3D umetcima.      <\/p>\n<\/p>\n<div class=\"description\">\n<p>Sastav sirovine:<\/p>\n<ul>\n<li>Vanjski dio: 91% Najlon, 5% Elastan, 4% Poliuretan<\/li>\n<li>Ulo\u0161ci: Gove\u0111a ko\u017ea<\/li>\n<li>Unutarnja podstava: 100% najlon<\/li>\n<li>Membrana: 100% poliester<\/li>\n<\/ul>\n<\/div>\n","protected":false},"excerpt":{"rendered":"<p>Dainese Carve Master 3 Gore-Tex<\/p>\n","protected":false},"featured_media":143114,"comment_status":"open","ping_status":"closed","template":"","meta":{"_acf_changed":false},"brand":[2800],"gender":[],"product_brand":[],"product_cat":[2759,1356,2761],"product_tag":[],"class_list":{"0":"post-143101","1":"product","2":"type-product","3":"status-publish","4":"has-post-thumbnail","6":"brand-dainese-hr","7":"product_cat-jakne-hr","8":"product_cat-motociklisticka-oprema","9":"product_cat-tekstilne-jakne-hr","10":"pa_size-48-hr","11":"pa_size-50-hr","12":"pa_size-52-hr","13":"pa_size-54-hr","14":"pa_size-56-hr","15":"pa_size-58-hr","16":"pa_size-60-hr","17":"pa_size-62-hr","19":"first","20":"onbackorder","21":"sale","22":"taxable","23":"shipping-taxable","24":"purchasable","25":"product-type-variable"},"acf":[],"_links":{"self":[{"href":"https:\/\/moto-oprema.com\/hr\/wp-json\/wp\/v2\/product\/143101","targetHints":{"allow":["GET"]}}],"collection":[{"href":"https:\/\/moto-oprema.com\/hr\/wp-json\/wp\/v2\/product"}],"about":[{"href":"https:\/\/moto-oprema.com\/hr\/wp-json\/wp\/v2\/types\/product"}],"replies":[{"embeddable":true,"href":"https:\/\/moto-oprema.com\/hr\/wp-json\/wp\/v2\/comments?post=143101"}],"wp:featuredmedia":[{"embeddable":true,"href":"https:\/\/moto-oprema.com\/hr\/wp-json\/wp\/v2\/media\/143114"}],"wp:attachment":[{"href":"https:\/\/moto-oprema.com\/hr\/wp-json\/wp\/v2\/media?parent=143101"}],"wp:term":[{"taxonomy":"brand","embeddable":true,"href":"https:\/\/moto-oprema.com\/hr\/wp-json\/wp\/v2\/brand?post=143101"},{"taxonomy":"gender","embeddable":true,"href":"https:\/\/moto-oprema.com\/hr\/wp-json\/wp\/v2\/gender?post=143101"},{"taxonomy":"product_brand","embeddable":true,"href":"https:\/\/moto-oprema.com\/hr\/wp-json\/wp\/v2\/product_brand?post=143101"},{"taxonomy":"product_cat","embeddable":true,"href":"https:\/\/moto-oprema.com\/hr\/wp-json\/wp\/v2\/product_cat?post=143101"},{"taxonomy":"product_tag","embeddable":true,"href":"https:\/\/moto-oprema.com\/hr\/wp-json\/wp\/v2\/product_tag?post=143101"}],"curies":[{"name":"wp","href":"https:\/\/api.w.org\/{rel}","templated":true}]}}