{"id":143099,"date":"2021-12-13T09:36:54","date_gmt":"2021-12-13T09:36:54","guid":{"rendered":"https:\/\/moto-oprema.com\/Artikel\/leatt-stitnik-za-koljena-3df-6-0-crni\/"},"modified":"2021-12-13T09:36:54","modified_gmt":"2021-12-13T09:36:54","slug":"leatt-stitnik-za-koljena-3df-6-0-crni","status":"publish","type":"product","link":"https:\/\/moto-oprema.com\/hr\/Artikel\/leatt-stitnik-za-koljena-3df-6-0-crni\/","title":{"rendered":"LEATT \u0160TITNIK ZA KOLJENA 3DF 6.0 CRNI"},"content":{"rendered":"<div class=\"tw-ta-container tw-nfl\" id=\"tw-target-text-container\">\n<p class=\"tw-data-text tw-text-large tw-ta\" id=\"tw-target-text\" style=\"text-align:left;\" dir=\"ltr\"><span xml_lang=\"sl\" lang=\"sl\">Najvi\u0161a razina za\u0161tite  <\/span><\/p>\n<p class=\"tw-data-text tw-text-large tw-ta\" style=\"text-align:left;\" dir=\"ltr\"><span xml_lang=\"sl\" lang=\"sl\">CE certifikat: EN1621-1  <\/span><\/p>\n<p class=\"tw-data-text tw-text-large tw-ta\" style=\"text-align:left;\" dir=\"ltr\"><span xml_lang=\"sl\" lang=\"sl\">Prozra\u010dna kompresijska tkanina koja hladi i odvaja vlagu  <\/span><\/p>\n<p class=\"tw-data-text tw-text-large tw-ta\" style=\"text-align:left;\" dir=\"ltr\"><span xml_lang=\"sl\" lang=\"sl\">Zra\u010dno mre\u017easto podru\u010dje prethodno oblikovano za optimalno pristajanje  <\/span><\/p>\n<p class=\"tw-data-text tw-text-large tw-ta\" style=\"text-align:left;\" dir=\"ltr\"><span xml_lang=\"sl\" lang=\"sl\">Dodatne bo\u010dne za\u0161tite  <\/span><\/p>\n<p class=\"tw-data-text tw-text-large tw-ta\" style=\"text-align:left;\" dir=\"ltr\"><span xml_lang=\"sl\" lang=\"sl\">Te\u017eina: 530 g (par)<\/span><\/p>\n<\/div>\n<div class=\"tw-ta-container tw-nfl\" id=\"z6maec\"><\/div>\n<\/p>\n<div class=\"tw-ta-container tw-nfl\"><\/div><\/p>\n","protected":false},"excerpt":{"rendered":"<p>Najvi\u0161a razina za\u0161tite CE certifikat: EN1621-1 Prozra\u010dna kompresijska tkanina koja hladi i odvaja vlagu Zra\u010dno mre\u017easto&#8230;<\/p>\n","protected":false},"featured_media":15299,"comment_status":"open","ping_status":"open","template":"","meta":{"_acf_changed":false},"brand":[2744],"gender":[],"product_brand":[],"product_cat":[1356,2733],"product_tag":[],"class_list":{"0":"post-143099","1":"product","2":"type-product","3":"status-publish","4":"has-post-thumbnail","6":"brand-leatt-hr","7":"product_cat-motociklisticka-oprema","8":"product_cat-oprema-za-motokros","9":"pa_size-l-xl-hr","10":"pa_size-sm","11":"pa_size-xxl-hr","13":"first","14":"onbackorder","15":"taxable","16":"shipping-taxable","17":"purchasable","18":"product-type-variable"},"acf":[],"_links":{"self":[{"href":"https:\/\/moto-oprema.com\/hr\/wp-json\/wp\/v2\/product\/143099","targetHints":{"allow":["GET"]}}],"collection":[{"href":"https:\/\/moto-oprema.com\/hr\/wp-json\/wp\/v2\/product"}],"about":[{"href":"https:\/\/moto-oprema.com\/hr\/wp-json\/wp\/v2\/types\/product"}],"replies":[{"embeddable":true,"href":"https:\/\/moto-oprema.com\/hr\/wp-json\/wp\/v2\/comments?post=143099"}],"wp:featuredmedia":[{"embeddable":true,"href":"https:\/\/moto-oprema.com\/hr\/wp-json\/wp\/v2\/media\/15299"}],"wp:attachment":[{"href":"https:\/\/moto-oprema.com\/hr\/wp-json\/wp\/v2\/media?parent=143099"}],"wp:term":[{"taxonomy":"brand","embeddable":true,"href":"https:\/\/moto-oprema.com\/hr\/wp-json\/wp\/v2\/brand?post=143099"},{"taxonomy":"gender","embeddable":true,"href":"https:\/\/moto-oprema.com\/hr\/wp-json\/wp\/v2\/gender?post=143099"},{"taxonomy":"product_brand","embeddable":true,"href":"https:\/\/moto-oprema.com\/hr\/wp-json\/wp\/v2\/product_brand?post=143099"},{"taxonomy":"product_cat","embeddable":true,"href":"https:\/\/moto-oprema.com\/hr\/wp-json\/wp\/v2\/product_cat?post=143099"},{"taxonomy":"product_tag","embeddable":true,"href":"https:\/\/moto-oprema.com\/hr\/wp-json\/wp\/v2\/product_tag?post=143099"}],"curies":[{"name":"wp","href":"https:\/\/api.w.org\/{rel}","templated":true}]}}