{"id":142970,"date":"2022-01-13T10:43:14","date_gmt":"2022-01-13T10:43:14","guid":{"rendered":"https:\/\/moto-oprema.com\/Artikel\/dainese-hydra-flux-2-d-dry-jakna-crno-bijela\/"},"modified":"2022-01-13T10:43:14","modified_gmt":"2022-01-13T10:43:14","slug":"dainese-hydra-flux-2-d-dry-jakna-crno-bijela","status":"publish","type":"product","link":"https:\/\/moto-oprema.com\/hr\/Artikel\/dainese-hydra-flux-2-d-dry-jakna-crno-bijela\/","title":{"rendered":"DAINESE HYDRA FLUX 2 D-DRY JAKNA CRNO-BIJELA"},"content":{"rendered":"<p><span id=\"result_box\" xml_lang=\"sl\" lang=\"sl\"><span style=\"font-family:arial, helvetica, sans-serif;font-size:small\"><b><span class=\"hps\"><\/span><\/b>Motociklisti\u010dka jakna Hydraflux 2 Air D-Dry\u00ae ikona je Dainese svestranosti. Kombinira ventilaciju ventilirane jakne sa za\u0161titom uklonjive i spakiraju\u0107e vodootporne membrane. Potpuno uklonjiva vodootporna D-Dry\u00ae membrana mo\u017ee se nositi za za\u0161titu od ki\u0161e i savr\u0161eno je rje\u0161enje po vjetrovitom i hladnijem vremenu. Njena struktura i mali volumen omogu\u0107uju joj da se nakon skidanja sklopi i prakti\u010dno spremi u d\u017eep. Jakna, izra\u0111ena od lagane, izdr\u017eljive omega mre\u017eice s umetcima od prozra\u010dne i brzosu\u0161e\u0107e QuickDry tkanine, lagana je i udobna, idealna za vru\u0107u sezonu i neo\u010dekivane promjene vremena.     Dainese sigurnosne standarde osiguravaju uklonjivi kompozitni \u0161titnici s certifikatom EN 1621.1 na ramenima i laktovima, te mogu\u0107nost ugradnje \u0161titnika za le\u0111a G1 i G2 zahvaljuju\u0107i posebno dizajniranom d\u017eepu. Hydraflux 2 Air D-Dry\u00ae mo\u017ee se podesiti na ovratniku, struku i man\u017eetama &#8211; za optimalnu udobnost u svim uvjetima. <br \/><\/span><\/span><\/p>\n<p><span xml_lang=\"sl\" lang=\"sl\"><span style=\"font-family:arial, helvetica, sans-serif;font-size:small\">Sastav sirovine: 100% poliester<\/span><\/span><\/p>\n","protected":false},"excerpt":{"rendered":"<p>Motociklisti\u010dka jakna Hydraflux 2 Air D-Dry\u00ae ikona je Dainese svestranosti. Kombinira ventilaciju ventilirane jakne sa za\u0161titom&#8230;<\/p>\n","protected":false},"featured_media":16137,"comment_status":"open","ping_status":"open","template":"","meta":{"_acf_changed":false},"brand":[2800],"gender":[],"product_brand":[],"product_cat":[2759,1356,2761],"product_tag":[],"class_list":{"0":"post-142970","1":"product","2":"type-product","3":"status-publish","4":"has-post-thumbnail","6":"brand-dainese-hr","7":"product_cat-jakne-hr","8":"product_cat-motociklisticka-oprema","9":"product_cat-tekstilne-jakne-hr","10":"pa_size-46-hr","11":"pa_size-48-hr","12":"pa_size-50-hr","13":"pa_size-52-hr","14":"pa_size-54-hr","15":"pa_size-56-hr","16":"pa_size-58-hr","17":"pa_size-60-hr","18":"pa_size-62-hr","20":"first","21":"onbackorder","22":"taxable","23":"shipping-taxable","24":"purchasable","25":"product-type-variable"},"acf":[],"_links":{"self":[{"href":"https:\/\/moto-oprema.com\/hr\/wp-json\/wp\/v2\/product\/142970","targetHints":{"allow":["GET"]}}],"collection":[{"href":"https:\/\/moto-oprema.com\/hr\/wp-json\/wp\/v2\/product"}],"about":[{"href":"https:\/\/moto-oprema.com\/hr\/wp-json\/wp\/v2\/types\/product"}],"replies":[{"embeddable":true,"href":"https:\/\/moto-oprema.com\/hr\/wp-json\/wp\/v2\/comments?post=142970"}],"wp:featuredmedia":[{"embeddable":true,"href":"https:\/\/moto-oprema.com\/hr\/wp-json\/wp\/v2\/media\/16137"}],"wp:attachment":[{"href":"https:\/\/moto-oprema.com\/hr\/wp-json\/wp\/v2\/media?parent=142970"}],"wp:term":[{"taxonomy":"brand","embeddable":true,"href":"https:\/\/moto-oprema.com\/hr\/wp-json\/wp\/v2\/brand?post=142970"},{"taxonomy":"gender","embeddable":true,"href":"https:\/\/moto-oprema.com\/hr\/wp-json\/wp\/v2\/gender?post=142970"},{"taxonomy":"product_brand","embeddable":true,"href":"https:\/\/moto-oprema.com\/hr\/wp-json\/wp\/v2\/product_brand?post=142970"},{"taxonomy":"product_cat","embeddable":true,"href":"https:\/\/moto-oprema.com\/hr\/wp-json\/wp\/v2\/product_cat?post=142970"},{"taxonomy":"product_tag","embeddable":true,"href":"https:\/\/moto-oprema.com\/hr\/wp-json\/wp\/v2\/product_tag?post=142970"}],"curies":[{"name":"wp","href":"https:\/\/api.w.org\/{rel}","templated":true}]}}