{"id":142920,"date":"2022-01-12T11:20:25","date_gmt":"2022-01-12T11:20:25","guid":{"rendered":"https:\/\/moto-oprema.com\/Artikel\/dainese-racing-4-s-t-kozna-jakna-crna\/"},"modified":"2022-01-12T11:20:25","modified_gmt":"2022-01-12T11:20:25","slug":"dainese-racing-4-s-t-kozna-jakna-crna","status":"publish","type":"product","link":"https:\/\/moto-oprema.com\/hr\/Artikel\/dainese-racing-4-s-t-kozna-jakna-crna\/","title":{"rendered":"DAINESE RACING 4 S\/T KO\u017dNA JAKNA CRNA"},"content":{"rendered":"<p>Dainese Racing 4 je motociklisti\u010dka ko\u017ena jakna koja savr\u0161eno pristaje tijelu. S umetcima od dvosmjerno rastezljive S1 tkanine i Microelastic 2.0 ko\u017ee, nanesenim na strukturu od visokokvalitetne i robusne kravlje tutu jakne, jakna tako\u0111er nudi visoku razinu udobnosti i svestranosti. Ko\u017ea je perforirana za bolju ventilaciju u vru\u0107im danima. To je podr\u017eano prozra\u010dnom Nanofeel\u00ae podstavom. Dodatni detalji uklju\u010duju mogu\u0107nosti pode\u0161avanja struka, ovratnika i patentnog zatvara\u010da na donjem rubu, pomo\u0107u kojih jaknu mo\u017eete spojiti s motociklisti\u010dkim hla\u010dama. Za maksimalnu sigurnost predvi\u0111eni su \u0161titnici od kompozitnih materijala na laktovima i ramenima. Potonje su nadopunjene zamjenjivim vanjskim aluminijskim plo\u010dama &#8211; posebnom Dainese tehnologijom &#8211; koje podr\u017eavaju klizanje u slu\u010daju pada i tako sprje\u010davaju opasna prevrtanja na asfaltu. Zahvaljuju\u0107i posebnoj torbi, Racing 4 Lady se opcionalno mo\u017ee nadopuniti za\u0161titom za le\u0111a.       <\/p>\n<p>Zna\u010dajke:<\/p>\n<p>izra\u0111ena od S1 bielasti\u010dne tkanine i pune gove\u0111e ko\u017ee<br \/>\n 2 unutarnja d\u017eepa i 2 vanjska d\u017eepa<br \/>\n Torba za naknadnu ugradnju \u0161titnika za le\u0111a G1 ili G2<br \/>\n reflektiraju\u0107i umetci<br \/>\n Sustav za pri\u010dvr\u0161\u0107ivanje jakne i hla\u010da<br \/>\n Mogu\u0107nosti pode\u0161avanja na vratu i struku<br \/>\n Prozra\u010dna podstava Nanofeel\u00ae s tretmanom od ionima srebra<br \/>\n Zajedni\u010dko ubrizgana ramena s aluminijskim umetkom<br \/>\n uklonjivi kompozitni \u0161titnici na ramenima i laktovima (EN 1621.1)<br \/>\n zamjenjiva aluminijska plo\u010da za ramena<\/p>\n<p>Sastav sirovine: 100% ko\u017ea<\/p>\n","protected":false},"excerpt":{"rendered":"<p>Mu\u0161ka jakna Dainese Racing 4, produ\u017eeni ili skra\u0107eni model.<\/p>\n","protected":false},"featured_media":142946,"comment_status":"open","ping_status":"closed","template":"","meta":{"_acf_changed":false},"brand":[2800],"gender":[1314],"product_brand":[],"product_cat":[2759,2915,1356],"product_tag":[],"class_list":{"0":"post-142920","1":"product","2":"type-product","3":"status-publish","4":"has-post-thumbnail","6":"brand-dainese-hr","7":"gender-zenska","8":"product_cat-jakne-hr","9":"product_cat-kozne-jakne","10":"product_cat-motociklisticka-oprema","11":"pa_size-104-hr","12":"pa_size-110-hr","13":"pa_size-116-hr","14":"pa_size-24-hr","15":"pa_size-25-hr","16":"pa_size-26-hr","17":"pa_size-27-hr","18":"pa_size-28-hr","19":"pa_size-29-hr","20":"pa_size-30-hr","21":"pa_size-98-hr","22":"pa_size-xxl-hr","24":"first","25":"instock","26":"sale","27":"taxable","28":"shipping-taxable","29":"purchasable","30":"product-type-variable"},"acf":[],"_links":{"self":[{"href":"https:\/\/moto-oprema.com\/hr\/wp-json\/wp\/v2\/product\/142920","targetHints":{"allow":["GET"]}}],"collection":[{"href":"https:\/\/moto-oprema.com\/hr\/wp-json\/wp\/v2\/product"}],"about":[{"href":"https:\/\/moto-oprema.com\/hr\/wp-json\/wp\/v2\/types\/product"}],"replies":[{"embeddable":true,"href":"https:\/\/moto-oprema.com\/hr\/wp-json\/wp\/v2\/comments?post=142920"}],"wp:featuredmedia":[{"embeddable":true,"href":"https:\/\/moto-oprema.com\/hr\/wp-json\/wp\/v2\/media\/142946"}],"wp:attachment":[{"href":"https:\/\/moto-oprema.com\/hr\/wp-json\/wp\/v2\/media?parent=142920"}],"wp:term":[{"taxonomy":"brand","embeddable":true,"href":"https:\/\/moto-oprema.com\/hr\/wp-json\/wp\/v2\/brand?post=142920"},{"taxonomy":"gender","embeddable":true,"href":"https:\/\/moto-oprema.com\/hr\/wp-json\/wp\/v2\/gender?post=142920"},{"taxonomy":"product_brand","embeddable":true,"href":"https:\/\/moto-oprema.com\/hr\/wp-json\/wp\/v2\/product_brand?post=142920"},{"taxonomy":"product_cat","embeddable":true,"href":"https:\/\/moto-oprema.com\/hr\/wp-json\/wp\/v2\/product_cat?post=142920"},{"taxonomy":"product_tag","embeddable":true,"href":"https:\/\/moto-oprema.com\/hr\/wp-json\/wp\/v2\/product_tag?post=142920"}],"curies":[{"name":"wp","href":"https:\/\/api.w.org\/{rel}","templated":true}]}}